{"id":4173,"date":"2025-07-01T19:22:23","date_gmt":"2025-07-01T19:22:23","guid":{"rendered":"https:\/\/octoplant.com\/contato\/"},"modified":"2026-03-18T16:15:39","modified_gmt":"2026-03-18T16:15:39","slug":"contato","status":"publish","type":"page","link":"https:\/\/octoplant.com\/pt-pt\/contato\/","title":{"rendered":"Contato"},"content":{"rendered":"\n<p>A AMDT \u00e9 l\u00edder global em solu\u00e7\u00f5es de backup, controle de vers\u00f5es e compara\u00e7\u00e3o para automa\u00e7\u00e3o industrial, com quase 40 anos de experi\u00eancia especializada. Nossa miss\u00e3o, \u201cProduction Resilience Delivered\u201d, reflete nosso compromisso em garantir que os sistemas de produ\u00e7\u00e3o automatizados sejam seguros, resilientes e capazes de se recuperar rapidamente de interrup\u00e7\u00f5es.  <\/p>\n\n<p><\/p>\n\n<p>Utilize o formul\u00e1rio para entrar em contato com nossa equipe de especialistas e obter orienta\u00e7\u00e3o personalizada de acordo com suas necessidades. Se tiver d\u00favidas sobre nossas solu\u00e7\u00f5es ou quiser agendar uma demonstra\u00e7\u00e3o online ou presencial, teremos prazer em falar com voc\u00ea. <\/p>\n\n<div style=\"height:20px\" aria-hidden=\"true\" class=\"wp-block-spacer\"><\/div>\n\n<div class=\"wp-block-columns is-layout-flex wp-container-core-columns-is-layout-9d6595d7 wp-block-columns-is-layout-flex\">\n<div class=\"wp-block-column is-layout-flow wp-block-column-is-layout-flow\">\n<p><\/p>\n\n\n\n<p><strong><h3>EMEA &#038; APAC<\/h3><\/strong><\/p>\n\n\n\n<p><\/p>\n\n\n\n<p>AUVESY GmbH<br\/>Fichtenstra\u00dfe 38 B<br\/>76829 Landau<br\/>Alemanha<\/p>\n<\/div>\n\n\n\n<div class=\"wp-block-column is-layout-flow wp-block-column-is-layout-flow\">\n<p><\/p>\n\n\n\n<p><strong><h3>AM\u00c9RICAS<\/h3><\/strong><\/p>\n\n\n\n<p><\/p>\n\n\n\n<p>MDT Inc. (DBA AMDT)<br\/>8000 Avalon Blvd, Suite 900<br\/>Alpharetta, GA 30009;<br\/>Estados Unidos da Am\u00e9rica<\/p>\n<\/div>\n\n\n\n<div class=\"wp-block-column is-layout-flow wp-block-column-is-layout-flow\">\n<p><\/p>\n\n\n\n<p><strong><h3>CHINA<\/h3><\/strong><\/p>\n\n\n\n<p><\/p>\n\n\n\n<p>AUVESY Data Management Solutions Co., Ltd.<br\/>Jinma Lu 3, Maqun, Qixia District<br\/>Nanjing, China<\/p>\n<\/div>\n<\/div>\n\n<div style=\"height:50px\" aria-hidden=\"true\" class=\"wp-block-spacer\"><\/div>\n\n<p>Para d\u00favidas gerais ou qualquer outro assunto, nossa equipe de Marketing est\u00e1 \u00e0 disposi\u00e7\u00e3o \u2014 entre em contato pelo e-mail <a>marketing@amdt.com<\/a><\/p>\n\n<p><\/p>\n","protected":false},"excerpt":{"rendered":"<p>A AMDT \u00e9 l\u00edder global em solu\u00e7\u00f5es de backup, controle de vers\u00f5es e compara\u00e7\u00e3o para automa\u00e7\u00e3o industrial, com quase 40 anos de experi\u00eancia especializada. Nossa miss\u00e3o, \u201cProduction Resilience Delivered\u201d, reflete nosso compromisso em garantir que os sistemas de produ\u00e7\u00e3o automatizados sejam seguros, resilientes e capazes de se recuperar rapidamente de interrup\u00e7\u00f5es. Utilize o formul\u00e1rio para<a href=\"https:\/\/octoplant.com\/pt-pt\/contato\/\">Continuar lendo <span class=\"sr-only\">&#8220;Contato&#8221;<\/span><\/a><\/p>\n","protected":false},"author":1,"featured_media":0,"parent":0,"menu_order":0,"comment_status":"closed","ping_status":"closed","template":"page-contact.php","meta":{"_acf_changed":false,"footnotes":""},"class_list":["post-4173","page","type-page","status-publish","hentry"],"acf":[],"yoast_head":"<!-- This site is optimized with the Yoast SEO plugin v27.2 - https:\/\/yoast.com\/product\/yoast-seo-wordpress\/ -->\n<title>Fale com nossos especialistas | Octoplant<\/title>\n<meta name=\"description\" content=\"Entre em contato com a AMDT, l\u00edder global em software de automa\u00e7\u00e3o industrial. Agende uma demonstra\u00e7\u00e3o do Octoplant ou receba aconselhamento personalizado da nossa equipe de especialistas hoje mesmo.\" \/>\n<meta name=\"robots\" content=\"index, follow, max-snippet:-1, max-image-preview:large, max-video-preview:-1\" \/>\n<link rel=\"canonical\" href=\"https:\/\/octoplant.com\/pt-pt\/contato\/\" \/>\n<meta property=\"og:locale\" content=\"pt_PT\" \/>\n<meta property=\"og:type\" content=\"article\" \/>\n<meta property=\"og:title\" content=\"Fale com nossos especialistas | Octoplant\" \/>\n<meta property=\"og:description\" content=\"Entre em contato com a AMDT, l\u00edder global em software de automa\u00e7\u00e3o industrial. Agende uma demonstra\u00e7\u00e3o do Octoplant ou receba aconselhamento personalizado da nossa equipe de especialistas hoje mesmo.\" \/>\n<meta property=\"og:url\" content=\"https:\/\/octoplant.com\/pt-pt\/contato\/\" \/>\n<meta property=\"og:site_name\" content=\"Octoplant\" \/>\n<meta property=\"article:modified_time\" content=\"2026-03-18T16:15:39+00:00\" \/>\n<meta name=\"twitter:card\" content=\"summary_large_image\" \/>\n<meta name=\"twitter:label1\" content=\"Tempo estimado de leitura\" \/>\n\t<meta name=\"twitter:data1\" content=\"1 minuto\" \/>\n<script type=\"application\/ld+json\" class=\"yoast-schema-graph\">{\"@context\":\"https:\/\/schema.org\",\"@graph\":[{\"@type\":\"WebPage\",\"@id\":\"https:\/\/octoplant.com\/pt-pt\/contato\/\",\"url\":\"https:\/\/octoplant.com\/pt-pt\/contato\/\",\"name\":\"Fale com nossos especialistas | Octoplant\",\"isPartOf\":{\"@id\":\"https:\/\/octoplant.com\/pt-pt\/#website\"},\"datePublished\":\"2025-07-01T19:22:23+00:00\",\"dateModified\":\"2026-03-18T16:15:39+00:00\",\"description\":\"Entre em contato com a AMDT, l\u00edder global em software de automa\u00e7\u00e3o industrial. Agende uma demonstra\u00e7\u00e3o do Octoplant ou receba aconselhamento personalizado da nossa equipe de especialistas hoje mesmo.\",\"breadcrumb\":{\"@id\":\"https:\/\/octoplant.com\/pt-pt\/contato\/#breadcrumb\"},\"inLanguage\":\"pt-PT\",\"potentialAction\":[{\"@type\":\"ReadAction\",\"target\":[\"https:\/\/octoplant.com\/pt-pt\/contato\/\"]}]},{\"@type\":\"BreadcrumbList\",\"@id\":\"https:\/\/octoplant.com\/pt-pt\/contato\/#breadcrumb\",\"itemListElement\":[{\"@type\":\"ListItem\",\"position\":1,\"name\":\"Home\",\"item\":\"https:\/\/octoplant.com\/pt-pt\/octoplant-2\/\"},{\"@type\":\"ListItem\",\"position\":2,\"name\":\"Contato\"}]},{\"@type\":\"WebSite\",\"@id\":\"https:\/\/octoplant.com\/pt-pt\/#website\",\"url\":\"https:\/\/octoplant.com\/pt-pt\/\",\"name\":\"Octoplant\",\"description\":\"\",\"potentialAction\":[{\"@type\":\"SearchAction\",\"target\":{\"@type\":\"EntryPoint\",\"urlTemplate\":\"https:\/\/octoplant.com\/pt-pt\/?s={search_term_string}\"},\"query-input\":{\"@type\":\"PropertyValueSpecification\",\"valueRequired\":true,\"valueName\":\"search_term_string\"}}],\"inLanguage\":\"pt-PT\"}]}<\/script>\n<!-- \/ Yoast SEO plugin. -->","yoast_head_json":{"title":"Fale com nossos especialistas | Octoplant","description":"Entre em contato com a AMDT, l\u00edder global em software de automa\u00e7\u00e3o industrial. Agende uma demonstra\u00e7\u00e3o do Octoplant ou receba aconselhamento personalizado da nossa equipe de especialistas hoje mesmo.","robots":{"index":"index","follow":"follow","max-snippet":"max-snippet:-1","max-image-preview":"max-image-preview:large","max-video-preview":"max-video-preview:-1"},"canonical":"https:\/\/octoplant.com\/pt-pt\/contato\/","og_locale":"pt_PT","og_type":"article","og_title":"Fale com nossos especialistas | Octoplant","og_description":"Entre em contato com a AMDT, l\u00edder global em software de automa\u00e7\u00e3o industrial. Agende uma demonstra\u00e7\u00e3o do Octoplant ou receba aconselhamento personalizado da nossa equipe de especialistas hoje mesmo.","og_url":"https:\/\/octoplant.com\/pt-pt\/contato\/","og_site_name":"Octoplant","article_modified_time":"2026-03-18T16:15:39+00:00","twitter_card":"summary_large_image","twitter_misc":{"Tempo estimado de leitura":"1 minuto"},"schema":{"@context":"https:\/\/schema.org","@graph":[{"@type":"WebPage","@id":"https:\/\/octoplant.com\/pt-pt\/contato\/","url":"https:\/\/octoplant.com\/pt-pt\/contato\/","name":"Fale com nossos especialistas | Octoplant","isPartOf":{"@id":"https:\/\/octoplant.com\/pt-pt\/#website"},"datePublished":"2025-07-01T19:22:23+00:00","dateModified":"2026-03-18T16:15:39+00:00","description":"Entre em contato com a AMDT, l\u00edder global em software de automa\u00e7\u00e3o industrial. Agende uma demonstra\u00e7\u00e3o do Octoplant ou receba aconselhamento personalizado da nossa equipe de especialistas hoje mesmo.","breadcrumb":{"@id":"https:\/\/octoplant.com\/pt-pt\/contato\/#breadcrumb"},"inLanguage":"pt-PT","potentialAction":[{"@type":"ReadAction","target":["https:\/\/octoplant.com\/pt-pt\/contato\/"]}]},{"@type":"BreadcrumbList","@id":"https:\/\/octoplant.com\/pt-pt\/contato\/#breadcrumb","itemListElement":[{"@type":"ListItem","position":1,"name":"Home","item":"https:\/\/octoplant.com\/pt-pt\/octoplant-2\/"},{"@type":"ListItem","position":2,"name":"Contato"}]},{"@type":"WebSite","@id":"https:\/\/octoplant.com\/pt-pt\/#website","url":"https:\/\/octoplant.com\/pt-pt\/","name":"Octoplant","description":"","potentialAction":[{"@type":"SearchAction","target":{"@type":"EntryPoint","urlTemplate":"https:\/\/octoplant.com\/pt-pt\/?s={search_term_string}"},"query-input":{"@type":"PropertyValueSpecification","valueRequired":true,"valueName":"search_term_string"}}],"inLanguage":"pt-PT"}]}},"_links":{"self":[{"href":"https:\/\/octoplant.com\/pt-pt\/wp-json\/wp\/v2\/pages\/4173","targetHints":{"allow":["GET"]}}],"collection":[{"href":"https:\/\/octoplant.com\/pt-pt\/wp-json\/wp\/v2\/pages"}],"about":[{"href":"https:\/\/octoplant.com\/pt-pt\/wp-json\/wp\/v2\/types\/page"}],"author":[{"embeddable":true,"href":"https:\/\/octoplant.com\/pt-pt\/wp-json\/wp\/v2\/users\/1"}],"replies":[{"embeddable":true,"href":"https:\/\/octoplant.com\/pt-pt\/wp-json\/wp\/v2\/comments?post=4173"}],"version-history":[{"count":1,"href":"https:\/\/octoplant.com\/pt-pt\/wp-json\/wp\/v2\/pages\/4173\/revisions"}],"predecessor-version":[{"id":4174,"href":"https:\/\/octoplant.com\/pt-pt\/wp-json\/wp\/v2\/pages\/4173\/revisions\/4174"}],"wp:attachment":[{"href":"https:\/\/octoplant.com\/pt-pt\/wp-json\/wp\/v2\/media?parent=4173"}],"curies":[{"name":"wp","href":"https:\/\/api.w.org\/{rel}","templated":true}]}}