{"id":4155,"date":"2025-05-14T11:43:33","date_gmt":"2025-05-14T11:43:33","guid":{"rendered":"https:\/\/octoplant.com\/octoplant-2\/"},"modified":"2025-05-14T11:43:33","modified_gmt":"2025-05-14T11:43:33","slug":"octoplant-2","status":"publish","type":"page","link":"https:\/\/octoplant.com\/pt-pt\/","title":{"rendered":"Octoplant"},"content":{"rendered":"","protected":false},"excerpt":{"rendered":"","protected":false},"author":1,"featured_media":0,"parent":0,"menu_order":0,"comment_status":"closed","ping_status":"closed","template":"front-page.php","meta":{"_acf_changed":false,"footnotes":""},"class_list":["post-4155","page","type-page","status-publish","hentry"],"acf":[],"yoast_head":"<!-- This site is optimized with the Yoast SEO plugin v27.2 - https:\/\/yoast.com\/product\/yoast-seo-wordpress\/ -->\n<title>Seguran\u00e7a OT definitiva com Octoplant | Octoplant<\/title>\n<meta name=\"description\" content=\"Evite incidentes custosos na planta com Octoplant. Com mais de 40 anos de experi\u00eancia, Octoplant oferece o mais alto n\u00edvel de resili\u00eancia produtiva e seguran\u00e7a OT.\" \/>\n<meta name=\"robots\" content=\"index, follow, max-snippet:-1, max-image-preview:large, max-video-preview:-1\" \/>\n<link rel=\"canonical\" href=\"https:\/\/octoplant.com\/pt-pt\/\" \/>\n<meta property=\"og:locale\" content=\"pt_PT\" \/>\n<meta property=\"og:type\" content=\"article\" \/>\n<meta property=\"og:title\" content=\"Seguran\u00e7a OT definitiva com Octoplant | Octoplant\" \/>\n<meta property=\"og:description\" content=\"Evite incidentes custosos na planta com Octoplant. Com mais de 40 anos de experi\u00eancia, Octoplant oferece o mais alto n\u00edvel de resili\u00eancia produtiva e seguran\u00e7a OT.\" \/>\n<meta property=\"og:url\" content=\"https:\/\/octoplant.com\/pt-pt\/\" \/>\n<meta property=\"og:site_name\" content=\"Octoplant\" \/>\n<meta name=\"twitter:card\" content=\"summary_large_image\" \/>\n<script type=\"application\/ld+json\" class=\"yoast-schema-graph\">{\"@context\":\"https:\/\/schema.org\",\"@graph\":[{\"@type\":\"WebPage\",\"@id\":\"https:\/\/octoplant.com\/pt-pt\/\",\"url\":\"https:\/\/octoplant.com\/pt-pt\/\",\"name\":\"Seguran\u00e7a OT definitiva com Octoplant | Octoplant\",\"isPartOf\":{\"@id\":\"https:\/\/octoplant.com\/pt-pt\/#website\"},\"datePublished\":\"2025-05-14T11:43:33+00:00\",\"description\":\"Evite incidentes custosos na planta com Octoplant. Com mais de 40 anos de experi\u00eancia, Octoplant oferece o mais alto n\u00edvel de resili\u00eancia produtiva e seguran\u00e7a OT.\",\"breadcrumb\":{\"@id\":\"https:\/\/octoplant.com\/pt-pt\/#breadcrumb\"},\"inLanguage\":\"pt-PT\",\"potentialAction\":[{\"@type\":\"ReadAction\",\"target\":[\"https:\/\/octoplant.com\/pt-pt\/\"]}]},{\"@type\":\"BreadcrumbList\",\"@id\":\"https:\/\/octoplant.com\/pt-pt\/#breadcrumb\",\"itemListElement\":[{\"@type\":\"ListItem\",\"position\":1,\"name\":\"Home\",\"item\":\"https:\/\/octoplant.com\/pt-pt\/octoplant-2\/\"},{\"@type\":\"ListItem\",\"position\":2,\"name\":\"Octoplant\"}]},{\"@type\":\"WebSite\",\"@id\":\"https:\/\/octoplant.com\/pt-pt\/#website\",\"url\":\"https:\/\/octoplant.com\/pt-pt\/\",\"name\":\"Octoplant\",\"description\":\"\",\"potentialAction\":[{\"@type\":\"SearchAction\",\"target\":{\"@type\":\"EntryPoint\",\"urlTemplate\":\"https:\/\/octoplant.com\/pt-pt\/?s={search_term_string}\"},\"query-input\":{\"@type\":\"PropertyValueSpecification\",\"valueRequired\":true,\"valueName\":\"search_term_string\"}}],\"inLanguage\":\"pt-PT\"}]}<\/script>\n<!-- \/ Yoast SEO plugin. -->","yoast_head_json":{"title":"Seguran\u00e7a OT definitiva com Octoplant | Octoplant","description":"Evite incidentes custosos na planta com Octoplant. Com mais de 40 anos de experi\u00eancia, Octoplant oferece o mais alto n\u00edvel de resili\u00eancia produtiva e seguran\u00e7a OT.","robots":{"index":"index","follow":"follow","max-snippet":"max-snippet:-1","max-image-preview":"max-image-preview:large","max-video-preview":"max-video-preview:-1"},"canonical":"https:\/\/octoplant.com\/pt-pt\/","og_locale":"pt_PT","og_type":"article","og_title":"Seguran\u00e7a OT definitiva com Octoplant | Octoplant","og_description":"Evite incidentes custosos na planta com Octoplant. Com mais de 40 anos de experi\u00eancia, Octoplant oferece o mais alto n\u00edvel de resili\u00eancia produtiva e seguran\u00e7a OT.","og_url":"https:\/\/octoplant.com\/pt-pt\/","og_site_name":"Octoplant","twitter_card":"summary_large_image","schema":{"@context":"https:\/\/schema.org","@graph":[{"@type":"WebPage","@id":"https:\/\/octoplant.com\/pt-pt\/","url":"https:\/\/octoplant.com\/pt-pt\/","name":"Seguran\u00e7a OT definitiva com Octoplant | Octoplant","isPartOf":{"@id":"https:\/\/octoplant.com\/pt-pt\/#website"},"datePublished":"2025-05-14T11:43:33+00:00","description":"Evite incidentes custosos na planta com Octoplant. Com mais de 40 anos de experi\u00eancia, Octoplant oferece o mais alto n\u00edvel de resili\u00eancia produtiva e seguran\u00e7a OT.","breadcrumb":{"@id":"https:\/\/octoplant.com\/pt-pt\/#breadcrumb"},"inLanguage":"pt-PT","potentialAction":[{"@type":"ReadAction","target":["https:\/\/octoplant.com\/pt-pt\/"]}]},{"@type":"BreadcrumbList","@id":"https:\/\/octoplant.com\/pt-pt\/#breadcrumb","itemListElement":[{"@type":"ListItem","position":1,"name":"Home","item":"https:\/\/octoplant.com\/pt-pt\/octoplant-2\/"},{"@type":"ListItem","position":2,"name":"Octoplant"}]},{"@type":"WebSite","@id":"https:\/\/octoplant.com\/pt-pt\/#website","url":"https:\/\/octoplant.com\/pt-pt\/","name":"Octoplant","description":"","potentialAction":[{"@type":"SearchAction","target":{"@type":"EntryPoint","urlTemplate":"https:\/\/octoplant.com\/pt-pt\/?s={search_term_string}"},"query-input":{"@type":"PropertyValueSpecification","valueRequired":true,"valueName":"search_term_string"}}],"inLanguage":"pt-PT"}]}},"_links":{"self":[{"href":"https:\/\/octoplant.com\/pt-pt\/wp-json\/wp\/v2\/pages\/4155","targetHints":{"allow":["GET"]}}],"collection":[{"href":"https:\/\/octoplant.com\/pt-pt\/wp-json\/wp\/v2\/pages"}],"about":[{"href":"https:\/\/octoplant.com\/pt-pt\/wp-json\/wp\/v2\/types\/page"}],"author":[{"embeddable":true,"href":"https:\/\/octoplant.com\/pt-pt\/wp-json\/wp\/v2\/users\/1"}],"replies":[{"embeddable":true,"href":"https:\/\/octoplant.com\/pt-pt\/wp-json\/wp\/v2\/comments?post=4155"}],"version-history":[{"count":0,"href":"https:\/\/octoplant.com\/pt-pt\/wp-json\/wp\/v2\/pages\/4155\/revisions"}],"wp:attachment":[{"href":"https:\/\/octoplant.com\/pt-pt\/wp-json\/wp\/v2\/media?parent=4155"}],"curies":[{"name":"wp","href":"https:\/\/api.w.org\/{rel}","templated":true}]}}