{"id":4137,"date":"2025-06-18T15:24:46","date_gmt":"2025-06-18T15:24:46","guid":{"rendered":"https:\/\/octoplant.com\/octoplant\/"},"modified":"2026-03-17T14:59:25","modified_gmt":"2026-03-17T14:59:25","slug":"octoplant","status":"publish","type":"page","link":"https:\/\/octoplant.com\/pt-pt\/octoplant\/","title":{"rendered":"Octoplant"},"content":{"rendered":"\n<p>Octoplant \u00e9 o padr\u00e3o confi\u00e1vel da ind\u00fastria para controle de vers\u00f5es, consist\u00eancia de dados e visibilidade de sistemas em ambientes de produ\u00e7\u00e3o industrial. Permite o armazenamento seguro, rastreamento e compara\u00e7\u00e3o de dados de automa\u00e7\u00e3o em dispositivos, linhas e f\u00e1bricas inteiras \u2014 tornando a recupera\u00e7\u00e3o r\u00e1pida e a prote\u00e7\u00e3o contra altera\u00e7\u00f5es n\u00e3o autorizadas parte das opera\u00e7\u00f5es di\u00e1rias. Seja gerenciando uma \u00fanica unidade ou uma rede global, Octoplant garante que os ativos de produ\u00e7\u00e3o estejam sempre alinhados, rastre\u00e1veis e seguros.  <\/p>\n\n<p>Projetado para fortalecer a resili\u00eancia operacional, o Octoplant permite que os fabricantes respondam rapidamente a interrup\u00e7\u00f5es inesperadas. Sua arquitetura robusta e ferramentas integradas de business intelligence oferecem monitoramento cont\u00ednuo, diagn\u00f3sticos avan\u00e7ados e insights acion\u00e1veis. Ao se alinhar \u00e0s necessidades espec\u00edficas de diferentes configura\u00e7\u00f5es de produ\u00e7\u00e3o, o Octoplant ajuda as organiza\u00e7\u00f5es a manter o desempenho, proteger a produ\u00e7\u00e3o e garantir opera\u00e7\u00f5es ininterruptas em oito \u00e1reas funcionais essenciais.  <\/p>\n\n<p><\/p>\n","protected":false},"excerpt":{"rendered":"<p>Octoplant \u00e9 o padr\u00e3o confi\u00e1vel da ind\u00fastria para controle de vers\u00f5es, consist\u00eancia de dados e visibilidade de sistemas em ambientes de produ\u00e7\u00e3o industrial. Permite o armazenamento seguro, rastreamento e compara\u00e7\u00e3o de dados de automa\u00e7\u00e3o em dispositivos, linhas e f\u00e1bricas inteiras \u2014 tornando a recupera\u00e7\u00e3o r\u00e1pida e a prote\u00e7\u00e3o contra altera\u00e7\u00f5es n\u00e3o autorizadas parte das opera\u00e7\u00f5es<a href=\"https:\/\/octoplant.com\/pt-pt\/octoplant\/\">Continuar lendo <span class=\"sr-only\">&#8220;Octoplant&#8221;<\/span><\/a><\/p>\n","protected":false},"author":1,"featured_media":0,"parent":0,"menu_order":0,"comment_status":"closed","ping_status":"closed","template":"page-octoplant.php","meta":{"_acf_changed":false,"footnotes":""},"class_list":["post-4137","page","type-page","status-publish","hentry"],"acf":[],"yoast_head":"<!-- This site is optimized with the Yoast SEO plugin v27.2 - https:\/\/yoast.com\/product\/yoast-seo-wordpress\/ -->\n<title>Resili\u00eancia da produ\u00e7\u00e3o contra interrup\u00e7\u00f5es | Octoplant<\/title>\n<meta name=\"description\" content=\"Proteja, alinhe e garanta seus ativos de produ\u00e7\u00e3o com Octoplant. O padr\u00e3o da ind\u00fastria para controle de vers\u00f5es, consist\u00eancia de dados e recupera\u00e7\u00e3o r\u00e1pida.\" \/>\n<meta name=\"robots\" content=\"index, follow, max-snippet:-1, max-image-preview:large, max-video-preview:-1\" \/>\n<link rel=\"canonical\" href=\"https:\/\/octoplant.com\/pt-pt\/octoplant\/\" \/>\n<meta property=\"og:locale\" content=\"pt_PT\" \/>\n<meta property=\"og:type\" content=\"article\" \/>\n<meta property=\"og:title\" content=\"Resili\u00eancia da produ\u00e7\u00e3o contra interrup\u00e7\u00f5es | Octoplant\" \/>\n<meta property=\"og:description\" content=\"Proteja, alinhe e garanta seus ativos de produ\u00e7\u00e3o com Octoplant. O padr\u00e3o da ind\u00fastria para controle de vers\u00f5es, consist\u00eancia de dados e recupera\u00e7\u00e3o r\u00e1pida.\" \/>\n<meta property=\"og:url\" content=\"https:\/\/octoplant.com\/pt-pt\/octoplant\/\" \/>\n<meta property=\"og:site_name\" content=\"Octoplant\" \/>\n<meta property=\"article:modified_time\" content=\"2026-03-17T14:59:25+00:00\" \/>\n<meta name=\"twitter:card\" content=\"summary_large_image\" \/>\n<meta name=\"twitter:label1\" content=\"Tempo estimado de leitura\" \/>\n\t<meta name=\"twitter:data1\" content=\"1 minuto\" \/>\n<script type=\"application\/ld+json\" class=\"yoast-schema-graph\">{\"@context\":\"https:\/\/schema.org\",\"@graph\":[{\"@type\":\"WebPage\",\"@id\":\"https:\/\/octoplant.com\/pt-pt\/octoplant\/\",\"url\":\"https:\/\/octoplant.com\/pt-pt\/octoplant\/\",\"name\":\"Resili\u00eancia da produ\u00e7\u00e3o contra interrup\u00e7\u00f5es | Octoplant\",\"isPartOf\":{\"@id\":\"https:\/\/octoplant.com\/pt-pt\/#website\"},\"datePublished\":\"2025-06-18T15:24:46+00:00\",\"dateModified\":\"2026-03-17T14:59:25+00:00\",\"description\":\"Proteja, alinhe e garanta seus ativos de produ\u00e7\u00e3o com Octoplant. O padr\u00e3o da ind\u00fastria para controle de vers\u00f5es, consist\u00eancia de dados e recupera\u00e7\u00e3o r\u00e1pida.\",\"breadcrumb\":{\"@id\":\"https:\/\/octoplant.com\/pt-pt\/octoplant\/#breadcrumb\"},\"inLanguage\":\"pt-PT\",\"potentialAction\":[{\"@type\":\"ReadAction\",\"target\":[\"https:\/\/octoplant.com\/pt-pt\/octoplant\/\"]}]},{\"@type\":\"BreadcrumbList\",\"@id\":\"https:\/\/octoplant.com\/pt-pt\/octoplant\/#breadcrumb\",\"itemListElement\":[{\"@type\":\"ListItem\",\"position\":1,\"name\":\"Home\",\"item\":\"https:\/\/octoplant.com\/pt-pt\/octoplant-2\/\"},{\"@type\":\"ListItem\",\"position\":2,\"name\":\"Octoplant\"}]},{\"@type\":\"WebSite\",\"@id\":\"https:\/\/octoplant.com\/pt-pt\/#website\",\"url\":\"https:\/\/octoplant.com\/pt-pt\/\",\"name\":\"Octoplant\",\"description\":\"\",\"potentialAction\":[{\"@type\":\"SearchAction\",\"target\":{\"@type\":\"EntryPoint\",\"urlTemplate\":\"https:\/\/octoplant.com\/pt-pt\/?s={search_term_string}\"},\"query-input\":{\"@type\":\"PropertyValueSpecification\",\"valueRequired\":true,\"valueName\":\"search_term_string\"}}],\"inLanguage\":\"pt-PT\"}]}<\/script>\n<!-- \/ Yoast SEO plugin. -->","yoast_head_json":{"title":"Resili\u00eancia da produ\u00e7\u00e3o contra interrup\u00e7\u00f5es | Octoplant","description":"Proteja, alinhe e garanta seus ativos de produ\u00e7\u00e3o com Octoplant. O padr\u00e3o da ind\u00fastria para controle de vers\u00f5es, consist\u00eancia de dados e recupera\u00e7\u00e3o r\u00e1pida.","robots":{"index":"index","follow":"follow","max-snippet":"max-snippet:-1","max-image-preview":"max-image-preview:large","max-video-preview":"max-video-preview:-1"},"canonical":"https:\/\/octoplant.com\/pt-pt\/octoplant\/","og_locale":"pt_PT","og_type":"article","og_title":"Resili\u00eancia da produ\u00e7\u00e3o contra interrup\u00e7\u00f5es | Octoplant","og_description":"Proteja, alinhe e garanta seus ativos de produ\u00e7\u00e3o com Octoplant. O padr\u00e3o da ind\u00fastria para controle de vers\u00f5es, consist\u00eancia de dados e recupera\u00e7\u00e3o r\u00e1pida.","og_url":"https:\/\/octoplant.com\/pt-pt\/octoplant\/","og_site_name":"Octoplant","article_modified_time":"2026-03-17T14:59:25+00:00","twitter_card":"summary_large_image","twitter_misc":{"Tempo estimado de leitura":"1 minuto"},"schema":{"@context":"https:\/\/schema.org","@graph":[{"@type":"WebPage","@id":"https:\/\/octoplant.com\/pt-pt\/octoplant\/","url":"https:\/\/octoplant.com\/pt-pt\/octoplant\/","name":"Resili\u00eancia da produ\u00e7\u00e3o contra interrup\u00e7\u00f5es | Octoplant","isPartOf":{"@id":"https:\/\/octoplant.com\/pt-pt\/#website"},"datePublished":"2025-06-18T15:24:46+00:00","dateModified":"2026-03-17T14:59:25+00:00","description":"Proteja, alinhe e garanta seus ativos de produ\u00e7\u00e3o com Octoplant. O padr\u00e3o da ind\u00fastria para controle de vers\u00f5es, consist\u00eancia de dados e recupera\u00e7\u00e3o r\u00e1pida.","breadcrumb":{"@id":"https:\/\/octoplant.com\/pt-pt\/octoplant\/#breadcrumb"},"inLanguage":"pt-PT","potentialAction":[{"@type":"ReadAction","target":["https:\/\/octoplant.com\/pt-pt\/octoplant\/"]}]},{"@type":"BreadcrumbList","@id":"https:\/\/octoplant.com\/pt-pt\/octoplant\/#breadcrumb","itemListElement":[{"@type":"ListItem","position":1,"name":"Home","item":"https:\/\/octoplant.com\/pt-pt\/octoplant-2\/"},{"@type":"ListItem","position":2,"name":"Octoplant"}]},{"@type":"WebSite","@id":"https:\/\/octoplant.com\/pt-pt\/#website","url":"https:\/\/octoplant.com\/pt-pt\/","name":"Octoplant","description":"","potentialAction":[{"@type":"SearchAction","target":{"@type":"EntryPoint","urlTemplate":"https:\/\/octoplant.com\/pt-pt\/?s={search_term_string}"},"query-input":{"@type":"PropertyValueSpecification","valueRequired":true,"valueName":"search_term_string"}}],"inLanguage":"pt-PT"}]}},"_links":{"self":[{"href":"https:\/\/octoplant.com\/pt-pt\/wp-json\/wp\/v2\/pages\/4137","targetHints":{"allow":["GET"]}}],"collection":[{"href":"https:\/\/octoplant.com\/pt-pt\/wp-json\/wp\/v2\/pages"}],"about":[{"href":"https:\/\/octoplant.com\/pt-pt\/wp-json\/wp\/v2\/types\/page"}],"author":[{"embeddable":true,"href":"https:\/\/octoplant.com\/pt-pt\/wp-json\/wp\/v2\/users\/1"}],"replies":[{"embeddable":true,"href":"https:\/\/octoplant.com\/pt-pt\/wp-json\/wp\/v2\/comments?post=4137"}],"version-history":[{"count":1,"href":"https:\/\/octoplant.com\/pt-pt\/wp-json\/wp\/v2\/pages\/4137\/revisions"}],"predecessor-version":[{"id":4138,"href":"https:\/\/octoplant.com\/pt-pt\/wp-json\/wp\/v2\/pages\/4137\/revisions\/4138"}],"wp:attachment":[{"href":"https:\/\/octoplant.com\/pt-pt\/wp-json\/wp\/v2\/media?parent=4137"}],"curies":[{"name":"wp","href":"https:\/\/api.w.org\/{rel}","templated":true}]}}