{"id":4092,"date":"2025-11-20T17:16:11","date_gmt":"2025-11-20T17:16:11","guid":{"rendered":"https:\/\/octoplant.com\/a-seguranca-ot-industrial-esta-mudando-rapidamente\/"},"modified":"2026-03-17T03:19:19","modified_gmt":"2026-03-17T03:19:19","slug":"a-seguranca-ot-industrial-esta-mudando-rapidamente","status":"publish","type":"page","link":"https:\/\/octoplant.com\/pt-pt\/a-seguranca-ot-industrial-esta-mudando-rapidamente\/","title":{"rendered":"A seguran\u00e7a OT industrial est\u00e1 mudando rapidamente"},"content":{"rendered":"\n<p>Os fabricantes est\u00e3o modernizando suas plantas, conectando mais sistemas e contando com a automa\u00e7\u00e3o para manter a produ\u00e7\u00e3o em funcionamento. Ao mesmo tempo, os ambientes OT est\u00e3o se tornando mais dif\u00edceis de controlar, mais dif\u00edceis de proteger e mais f\u00e1ceis de interromper. <\/p>\n\n<p>Nossos mais recentes relat\u00f3rios globais de seguran\u00e7a OT mostram o mesmo padr\u00e3o em todas as regi\u00f5es. As organiza\u00e7\u00f5es est\u00e3o confiantes. As equipes operacionais veem as falhas. E \u00e9 nesse intervalo que o risco cresce.   <\/p>\n","protected":false},"excerpt":{"rendered":"<p>Os fabricantes est\u00e3o modernizando suas plantas, conectando mais sistemas e contando com a automa\u00e7\u00e3o para manter a produ\u00e7\u00e3o em funcionamento. Ao mesmo tempo, os ambientes OT est\u00e3o se tornando mais dif\u00edceis de controlar, mais dif\u00edceis de proteger e mais f\u00e1ceis de interromper. Nossos mais recentes relat\u00f3rios globais de seguran\u00e7a OT mostram o mesmo padr\u00e3o em<a href=\"https:\/\/octoplant.com\/pt-pt\/a-seguranca-ot-industrial-esta-mudando-rapidamente\/\">Continuar lendo <span class=\"sr-only\">&#8220;A seguran\u00e7a OT industrial est\u00e1 mudando rapidamente&#8221;<\/span><\/a><\/p>\n","protected":false},"author":1,"featured_media":0,"parent":0,"menu_order":0,"comment_status":"closed","ping_status":"closed","template":"page-iots.php","meta":{"_acf_changed":false,"footnotes":""},"class_list":["post-4092","page","type-page","status-publish","hentry"],"acf":[],"yoast_head":"<!-- This site is optimized with the Yoast SEO plugin v27.4 - https:\/\/yoast.com\/product\/yoast-seo-wordpress\/ -->\n<title>A seguran\u00e7a OT industrial est\u00e1 mudando rapidamente - Octoplant<\/title>\n<meta name=\"robots\" content=\"index, follow, max-snippet:-1, max-image-preview:large, max-video-preview:-1\" \/>\n<link rel=\"canonical\" href=\"https:\/\/octoplant.com\/pt-pt\/a-seguranca-ot-industrial-esta-mudando-rapidamente\/\" \/>\n<meta property=\"og:locale\" content=\"pt_PT\" \/>\n<meta property=\"og:type\" content=\"article\" \/>\n<meta property=\"og:title\" content=\"A seguran\u00e7a OT industrial est\u00e1 mudando rapidamente - Octoplant\" \/>\n<meta property=\"og:description\" content=\"Os fabricantes est\u00e3o modernizando suas plantas, conectando mais sistemas e contando com a automa\u00e7\u00e3o para manter a produ\u00e7\u00e3o em funcionamento. Ao mesmo tempo, os ambientes OT est\u00e3o se tornando mais dif\u00edceis de controlar, mais dif\u00edceis de proteger e mais f\u00e1ceis de interromper. Nossos mais recentes relat\u00f3rios globais de seguran\u00e7a OT mostram o mesmo padr\u00e3o emContinuar lendo &quot;A seguran\u00e7a OT industrial est\u00e1 mudando rapidamente&quot;\" \/>\n<meta property=\"og:url\" content=\"https:\/\/octoplant.com\/pt-pt\/a-seguranca-ot-industrial-esta-mudando-rapidamente\/\" \/>\n<meta property=\"og:site_name\" content=\"Octoplant\" \/>\n<meta property=\"article:modified_time\" content=\"2026-03-17T03:19:19+00:00\" \/>\n<meta name=\"twitter:card\" content=\"summary_large_image\" \/>\n<script type=\"application\/ld+json\" class=\"yoast-schema-graph\">{\"@context\":\"https:\\\/\\\/schema.org\",\"@graph\":[{\"@type\":\"WebPage\",\"@id\":\"https:\\\/\\\/octoplant.com\\\/pt-pt\\\/a-seguranca-ot-industrial-esta-mudando-rapidamente\\\/\",\"url\":\"https:\\\/\\\/octoplant.com\\\/pt-pt\\\/a-seguranca-ot-industrial-esta-mudando-rapidamente\\\/\",\"name\":\"A seguran\u00e7a OT industrial est\u00e1 mudando rapidamente - Octoplant\",\"isPartOf\":{\"@id\":\"https:\\\/\\\/octoplant.com\\\/pt-pt\\\/#website\"},\"datePublished\":\"2025-11-20T17:16:11+00:00\",\"dateModified\":\"2026-03-17T03:19:19+00:00\",\"breadcrumb\":{\"@id\":\"https:\\\/\\\/octoplant.com\\\/pt-pt\\\/a-seguranca-ot-industrial-esta-mudando-rapidamente\\\/#breadcrumb\"},\"inLanguage\":\"pt-PT\",\"potentialAction\":[{\"@type\":\"ReadAction\",\"target\":[\"https:\\\/\\\/octoplant.com\\\/pt-pt\\\/a-seguranca-ot-industrial-esta-mudando-rapidamente\\\/\"]}]},{\"@type\":\"BreadcrumbList\",\"@id\":\"https:\\\/\\\/octoplant.com\\\/pt-pt\\\/a-seguranca-ot-industrial-esta-mudando-rapidamente\\\/#breadcrumb\",\"itemListElement\":[{\"@type\":\"ListItem\",\"position\":1,\"name\":\"Home\",\"item\":\"https:\\\/\\\/octoplant.com\\\/pt-pt\\\/octoplant-2\\\/\"},{\"@type\":\"ListItem\",\"position\":2,\"name\":\"A seguran\u00e7a OT industrial est\u00e1 mudando rapidamente\"}]},{\"@type\":\"WebSite\",\"@id\":\"https:\\\/\\\/octoplant.com\\\/pt-pt\\\/#website\",\"url\":\"https:\\\/\\\/octoplant.com\\\/pt-pt\\\/\",\"name\":\"Octoplant\",\"description\":\"\",\"potentialAction\":[{\"@type\":\"SearchAction\",\"target\":{\"@type\":\"EntryPoint\",\"urlTemplate\":\"https:\\\/\\\/octoplant.com\\\/pt-pt\\\/?s={search_term_string}\"},\"query-input\":{\"@type\":\"PropertyValueSpecification\",\"valueRequired\":true,\"valueName\":\"search_term_string\"}}],\"inLanguage\":\"pt-PT\"}]}<\/script>\n<!-- \/ Yoast SEO plugin. -->","yoast_head_json":{"title":"A seguran\u00e7a OT industrial est\u00e1 mudando rapidamente - Octoplant","robots":{"index":"index","follow":"follow","max-snippet":"max-snippet:-1","max-image-preview":"max-image-preview:large","max-video-preview":"max-video-preview:-1"},"canonical":"https:\/\/octoplant.com\/pt-pt\/a-seguranca-ot-industrial-esta-mudando-rapidamente\/","og_locale":"pt_PT","og_type":"article","og_title":"A seguran\u00e7a OT industrial est\u00e1 mudando rapidamente - Octoplant","og_description":"Os fabricantes est\u00e3o modernizando suas plantas, conectando mais sistemas e contando com a automa\u00e7\u00e3o para manter a produ\u00e7\u00e3o em funcionamento. Ao mesmo tempo, os ambientes OT est\u00e3o se tornando mais dif\u00edceis de controlar, mais dif\u00edceis de proteger e mais f\u00e1ceis de interromper. Nossos mais recentes relat\u00f3rios globais de seguran\u00e7a OT mostram o mesmo padr\u00e3o emContinuar lendo \"A seguran\u00e7a OT industrial est\u00e1 mudando rapidamente\"","og_url":"https:\/\/octoplant.com\/pt-pt\/a-seguranca-ot-industrial-esta-mudando-rapidamente\/","og_site_name":"Octoplant","article_modified_time":"2026-03-17T03:19:19+00:00","twitter_card":"summary_large_image","schema":{"@context":"https:\/\/schema.org","@graph":[{"@type":"WebPage","@id":"https:\/\/octoplant.com\/pt-pt\/a-seguranca-ot-industrial-esta-mudando-rapidamente\/","url":"https:\/\/octoplant.com\/pt-pt\/a-seguranca-ot-industrial-esta-mudando-rapidamente\/","name":"A seguran\u00e7a OT industrial est\u00e1 mudando rapidamente - Octoplant","isPartOf":{"@id":"https:\/\/octoplant.com\/pt-pt\/#website"},"datePublished":"2025-11-20T17:16:11+00:00","dateModified":"2026-03-17T03:19:19+00:00","breadcrumb":{"@id":"https:\/\/octoplant.com\/pt-pt\/a-seguranca-ot-industrial-esta-mudando-rapidamente\/#breadcrumb"},"inLanguage":"pt-PT","potentialAction":[{"@type":"ReadAction","target":["https:\/\/octoplant.com\/pt-pt\/a-seguranca-ot-industrial-esta-mudando-rapidamente\/"]}]},{"@type":"BreadcrumbList","@id":"https:\/\/octoplant.com\/pt-pt\/a-seguranca-ot-industrial-esta-mudando-rapidamente\/#breadcrumb","itemListElement":[{"@type":"ListItem","position":1,"name":"Home","item":"https:\/\/octoplant.com\/pt-pt\/octoplant-2\/"},{"@type":"ListItem","position":2,"name":"A seguran\u00e7a OT industrial est\u00e1 mudando rapidamente"}]},{"@type":"WebSite","@id":"https:\/\/octoplant.com\/pt-pt\/#website","url":"https:\/\/octoplant.com\/pt-pt\/","name":"Octoplant","description":"","potentialAction":[{"@type":"SearchAction","target":{"@type":"EntryPoint","urlTemplate":"https:\/\/octoplant.com\/pt-pt\/?s={search_term_string}"},"query-input":{"@type":"PropertyValueSpecification","valueRequired":true,"valueName":"search_term_string"}}],"inLanguage":"pt-PT"}]}},"_links":{"self":[{"href":"https:\/\/octoplant.com\/pt-pt\/wp-json\/wp\/v2\/pages\/4092","targetHints":{"allow":["GET"]}}],"collection":[{"href":"https:\/\/octoplant.com\/pt-pt\/wp-json\/wp\/v2\/pages"}],"about":[{"href":"https:\/\/octoplant.com\/pt-pt\/wp-json\/wp\/v2\/types\/page"}],"author":[{"embeddable":true,"href":"https:\/\/octoplant.com\/pt-pt\/wp-json\/wp\/v2\/users\/1"}],"replies":[{"embeddable":true,"href":"https:\/\/octoplant.com\/pt-pt\/wp-json\/wp\/v2\/comments?post=4092"}],"version-history":[{"count":1,"href":"https:\/\/octoplant.com\/pt-pt\/wp-json\/wp\/v2\/pages\/4092\/revisions"}],"predecessor-version":[{"id":4093,"href":"https:\/\/octoplant.com\/pt-pt\/wp-json\/wp\/v2\/pages\/4092\/revisions\/4093"}],"wp:attachment":[{"href":"https:\/\/octoplant.com\/pt-pt\/wp-json\/wp\/v2\/media?parent=4092"}],"curies":[{"name":"wp","href":"https:\/\/api.w.org\/{rel}","templated":true}]}}