{"id":4073,"date":"2025-10-02T20:30:12","date_gmt":"2025-10-02T20:30:12","guid":{"rendered":"https:\/\/octoplant.com\/lancamento-do-octovision\/"},"modified":"2026-03-16T23:56:14","modified_gmt":"2026-03-16T23:56:14","slug":"lancamento-do-octovision","status":"publish","type":"page","link":"https:\/\/octoplant.com\/pt-pt\/lancamento-do-octovision\/","title":{"rendered":"Lan\u00e7amento do Octovision"},"content":{"rendered":"\n<p>Octovision \u00e9 o seu hub central para insights do shopfloor, reunindo dados cr\u00edticos em uma \u00fanica interface intuitiva. Constru\u00eddo sobre uma arquitetura moderna e escal\u00e1vel, funciona perfeitamente tanto em ambientes on-premise quanto na nuvem, integrando-se facilmente a qualquer cen\u00e1rio de IT\/OT. <\/p>\n\n<p>Projetado para necessidades corporativas, o Octovision fornece relat\u00f3rios prontos sobre m\u00e9tricas-chave, oferecendo visibilidade clara sobre componentes, progresso das tarefas, invent\u00e1rio de ativos e vulnerabilidades conhecidas (CVE).<\/p>\n\n<p>Descubra mais sobre o Octovision em nossos v\u00eddeos de lan\u00e7amento.<\/p>\n\n<p><\/p>\n","protected":false},"excerpt":{"rendered":"<p>Octovision \u00e9 o seu hub central para insights do shopfloor, reunindo dados cr\u00edticos em uma \u00fanica interface intuitiva. Constru\u00eddo sobre uma arquitetura moderna e escal\u00e1vel, funciona perfeitamente tanto em ambientes on-premise quanto na nuvem, integrando-se facilmente a qualquer cen\u00e1rio de IT\/OT. Projetado para necessidades corporativas, o Octovision fornece relat\u00f3rios prontos sobre m\u00e9tricas-chave, oferecendo visibilidade clara<a href=\"https:\/\/octoplant.com\/pt-pt\/lancamento-do-octovision\/\">Continuar lendo <span class=\"sr-only\">&#8220;Lan\u00e7amento do Octovision&#8221;<\/span><\/a><\/p>\n","protected":false},"author":1,"featured_media":0,"parent":0,"menu_order":0,"comment_status":"closed","ping_status":"closed","template":"page-show.php","meta":{"_acf_changed":false,"footnotes":""},"class_list":["post-4073","page","type-page","status-publish","hentry"],"acf":[],"yoast_head":"<!-- This site is optimized with the Yoast SEO plugin v27.4 - https:\/\/yoast.com\/product\/yoast-seo-wordpress\/ -->\n<title>Lan\u00e7amento do Octovision - Octoplant<\/title>\n<meta name=\"robots\" content=\"index, follow, max-snippet:-1, max-image-preview:large, max-video-preview:-1\" \/>\n<link rel=\"canonical\" href=\"https:\/\/octoplant.com\/pt-pt\/lancamento-do-octovision\/\" \/>\n<meta property=\"og:locale\" content=\"pt_PT\" \/>\n<meta property=\"og:type\" content=\"article\" \/>\n<meta property=\"og:title\" content=\"Lan\u00e7amento do Octovision - Octoplant\" \/>\n<meta property=\"og:description\" content=\"Octovision \u00e9 o seu hub central para insights do shopfloor, reunindo dados cr\u00edticos em uma \u00fanica interface intuitiva. Constru\u00eddo sobre uma arquitetura moderna e escal\u00e1vel, funciona perfeitamente tanto em ambientes on-premise quanto na nuvem, integrando-se facilmente a qualquer cen\u00e1rio de IT\/OT. Projetado para necessidades corporativas, o Octovision fornece relat\u00f3rios prontos sobre m\u00e9tricas-chave, oferecendo visibilidade claraContinuar lendo &quot;Lan\u00e7amento do Octovision&quot;\" \/>\n<meta property=\"og:url\" content=\"https:\/\/octoplant.com\/pt-pt\/lancamento-do-octovision\/\" \/>\n<meta property=\"og:site_name\" content=\"Octoplant\" \/>\n<meta property=\"article:modified_time\" content=\"2026-03-16T23:56:14+00:00\" \/>\n<meta property=\"og:image\" content=\"https:\/\/octoplant.com\/wp-content\/uploads\/2025\/10\/og-image-1-1024x538.jpg\" \/>\n<meta name=\"twitter:card\" content=\"summary_large_image\" \/>\n<script type=\"application\/ld+json\" class=\"yoast-schema-graph\">{\"@context\":\"https:\\\/\\\/schema.org\",\"@graph\":[{\"@type\":\"WebPage\",\"@id\":\"https:\\\/\\\/octoplant.com\\\/pt-pt\\\/lancamento-do-octovision\\\/\",\"url\":\"https:\\\/\\\/octoplant.com\\\/pt-pt\\\/lancamento-do-octovision\\\/\",\"name\":\"Lan\u00e7amento do Octovision - Octoplant\",\"isPartOf\":{\"@id\":\"https:\\\/\\\/octoplant.com\\\/pt-pt\\\/#website\"},\"datePublished\":\"2025-10-02T20:30:12+00:00\",\"dateModified\":\"2026-03-16T23:56:14+00:00\",\"breadcrumb\":{\"@id\":\"https:\\\/\\\/octoplant.com\\\/pt-pt\\\/lancamento-do-octovision\\\/#breadcrumb\"},\"inLanguage\":\"pt-PT\",\"potentialAction\":[{\"@type\":\"ReadAction\",\"target\":[\"https:\\\/\\\/octoplant.com\\\/pt-pt\\\/lancamento-do-octovision\\\/\"]}]},{\"@type\":\"BreadcrumbList\",\"@id\":\"https:\\\/\\\/octoplant.com\\\/pt-pt\\\/lancamento-do-octovision\\\/#breadcrumb\",\"itemListElement\":[{\"@type\":\"ListItem\",\"position\":1,\"name\":\"Home\",\"item\":\"https:\\\/\\\/octoplant.com\\\/pt-pt\\\/octoplant-2\\\/\"},{\"@type\":\"ListItem\",\"position\":2,\"name\":\"Lan\u00e7amento do Octovision\"}]},{\"@type\":\"WebSite\",\"@id\":\"https:\\\/\\\/octoplant.com\\\/pt-pt\\\/#website\",\"url\":\"https:\\\/\\\/octoplant.com\\\/pt-pt\\\/\",\"name\":\"Octoplant\",\"description\":\"\",\"potentialAction\":[{\"@type\":\"SearchAction\",\"target\":{\"@type\":\"EntryPoint\",\"urlTemplate\":\"https:\\\/\\\/octoplant.com\\\/pt-pt\\\/?s={search_term_string}\"},\"query-input\":{\"@type\":\"PropertyValueSpecification\",\"valueRequired\":true,\"valueName\":\"search_term_string\"}}],\"inLanguage\":\"pt-PT\"}]}<\/script>\n<!-- \/ Yoast SEO plugin. -->","yoast_head_json":{"title":"Lan\u00e7amento do Octovision - Octoplant","robots":{"index":"index","follow":"follow","max-snippet":"max-snippet:-1","max-image-preview":"max-image-preview:large","max-video-preview":"max-video-preview:-1"},"canonical":"https:\/\/octoplant.com\/pt-pt\/lancamento-do-octovision\/","og_locale":"pt_PT","og_type":"article","og_title":"Lan\u00e7amento do Octovision - Octoplant","og_description":"Octovision \u00e9 o seu hub central para insights do shopfloor, reunindo dados cr\u00edticos em uma \u00fanica interface intuitiva. Constru\u00eddo sobre uma arquitetura moderna e escal\u00e1vel, funciona perfeitamente tanto em ambientes on-premise quanto na nuvem, integrando-se facilmente a qualquer cen\u00e1rio de IT\/OT. Projetado para necessidades corporativas, o Octovision fornece relat\u00f3rios prontos sobre m\u00e9tricas-chave, oferecendo visibilidade claraContinuar lendo \"Lan\u00e7amento do Octovision\"","og_url":"https:\/\/octoplant.com\/pt-pt\/lancamento-do-octovision\/","og_site_name":"Octoplant","article_modified_time":"2026-03-16T23:56:14+00:00","og_image":[{"url":"https:\/\/octoplant.com\/wp-content\/uploads\/2025\/10\/og-image-1-1024x538.jpg","type":"","width":"","height":""}],"twitter_card":"summary_large_image","schema":{"@context":"https:\/\/schema.org","@graph":[{"@type":"WebPage","@id":"https:\/\/octoplant.com\/pt-pt\/lancamento-do-octovision\/","url":"https:\/\/octoplant.com\/pt-pt\/lancamento-do-octovision\/","name":"Lan\u00e7amento do Octovision - Octoplant","isPartOf":{"@id":"https:\/\/octoplant.com\/pt-pt\/#website"},"datePublished":"2025-10-02T20:30:12+00:00","dateModified":"2026-03-16T23:56:14+00:00","breadcrumb":{"@id":"https:\/\/octoplant.com\/pt-pt\/lancamento-do-octovision\/#breadcrumb"},"inLanguage":"pt-PT","potentialAction":[{"@type":"ReadAction","target":["https:\/\/octoplant.com\/pt-pt\/lancamento-do-octovision\/"]}]},{"@type":"BreadcrumbList","@id":"https:\/\/octoplant.com\/pt-pt\/lancamento-do-octovision\/#breadcrumb","itemListElement":[{"@type":"ListItem","position":1,"name":"Home","item":"https:\/\/octoplant.com\/pt-pt\/octoplant-2\/"},{"@type":"ListItem","position":2,"name":"Lan\u00e7amento do Octovision"}]},{"@type":"WebSite","@id":"https:\/\/octoplant.com\/pt-pt\/#website","url":"https:\/\/octoplant.com\/pt-pt\/","name":"Octoplant","description":"","potentialAction":[{"@type":"SearchAction","target":{"@type":"EntryPoint","urlTemplate":"https:\/\/octoplant.com\/pt-pt\/?s={search_term_string}"},"query-input":{"@type":"PropertyValueSpecification","valueRequired":true,"valueName":"search_term_string"}}],"inLanguage":"pt-PT"}]}},"_links":{"self":[{"href":"https:\/\/octoplant.com\/pt-pt\/wp-json\/wp\/v2\/pages\/4073","targetHints":{"allow":["GET"]}}],"collection":[{"href":"https:\/\/octoplant.com\/pt-pt\/wp-json\/wp\/v2\/pages"}],"about":[{"href":"https:\/\/octoplant.com\/pt-pt\/wp-json\/wp\/v2\/types\/page"}],"author":[{"embeddable":true,"href":"https:\/\/octoplant.com\/pt-pt\/wp-json\/wp\/v2\/users\/1"}],"replies":[{"embeddable":true,"href":"https:\/\/octoplant.com\/pt-pt\/wp-json\/wp\/v2\/comments?post=4073"}],"version-history":[{"count":1,"href":"https:\/\/octoplant.com\/pt-pt\/wp-json\/wp\/v2\/pages\/4073\/revisions"}],"predecessor-version":[{"id":4074,"href":"https:\/\/octoplant.com\/pt-pt\/wp-json\/wp\/v2\/pages\/4073\/revisions\/4074"}],"wp:attachment":[{"href":"https:\/\/octoplant.com\/pt-pt\/wp-json\/wp\/v2\/media?parent=4073"}],"curies":[{"name":"wp","href":"https:\/\/api.w.org\/{rel}","templated":true}]}}