{"id":4040,"date":"2025-07-02T14:20:40","date_gmt":"2025-07-02T14:20:40","guid":{"rendered":"https:\/\/octoplant.com\/termos-e-condicoes\/"},"modified":"2026-03-14T22:10:22","modified_gmt":"2026-03-14T22:10:22","slug":"termos-e-condicoes","status":"publish","type":"page","link":"https:\/\/octoplant.com\/pt-pt\/termos-e-condicoes\/","title":{"rendered":"Termos e Condi\u00e7\u00f5es"},"content":{"rendered":"\n<h4 class=\"wp-block-heading\"><strong>Vers\u00e3o de 1 de outubro de 2025<\/strong><\/h4>\n\n<p>Termos e condi\u00e7\u00f5es para a disponibiliza\u00e7\u00e3o, manuten\u00e7\u00e3o e suporte do nosso software.<\/p>\n\n<a href=\"https:\/\/octoplant.com\/wp-content\/uploads\/2025\/11\/gtc-amdt-en-82025.pdf\" class=\"button button-light max-w-64 text-center\">Baixar<\/a>\n","protected":false},"excerpt":{"rendered":"<p>Vers\u00e3o de 1 de outubro de 2025 Termos e condi\u00e7\u00f5es para a disponibiliza\u00e7\u00e3o, manuten\u00e7\u00e3o e suporte do nosso software. Baixar<\/p>\n","protected":false},"author":1,"featured_media":0,"parent":0,"menu_order":0,"comment_status":"closed","ping_status":"closed","template":"","meta":{"_acf_changed":false,"footnotes":""},"class_list":["post-4040","page","type-page","status-publish","hentry"],"acf":[],"yoast_head":"<!-- This site is optimized with the Yoast SEO plugin v27.4 - https:\/\/yoast.com\/product\/yoast-seo-wordpress\/ -->\n<title>Termos e Condi\u00e7\u00f5es | Octoplant<\/title>\n<meta name=\"description\" content=\"Leia os nossos termos e condi\u00e7\u00f5es para a disponibiliza\u00e7\u00e3o, manuten\u00e7\u00e3o e suporte do Octoplant.\" \/>\n<meta name=\"robots\" content=\"index, follow, max-snippet:-1, max-image-preview:large, max-video-preview:-1\" \/>\n<link rel=\"canonical\" href=\"https:\/\/octoplant.com\/pt-pt\/termos-e-condicoes\/\" \/>\n<meta property=\"og:locale\" content=\"pt_PT\" \/>\n<meta property=\"og:type\" content=\"article\" \/>\n<meta property=\"og:title\" content=\"Termos e Condi\u00e7\u00f5es | Octoplant\" \/>\n<meta property=\"og:description\" content=\"Leia os nossos termos e condi\u00e7\u00f5es para a disponibiliza\u00e7\u00e3o, manuten\u00e7\u00e3o e suporte do Octoplant.\" \/>\n<meta property=\"og:url\" content=\"https:\/\/octoplant.com\/pt-pt\/termos-e-condicoes\/\" \/>\n<meta property=\"og:site_name\" content=\"Octoplant\" \/>\n<meta property=\"article:modified_time\" content=\"2026-03-14T22:10:22+00:00\" \/>\n<meta name=\"twitter:card\" content=\"summary_large_image\" \/>\n<script type=\"application\/ld+json\" class=\"yoast-schema-graph\">{\"@context\":\"https:\\\/\\\/schema.org\",\"@graph\":[{\"@type\":\"WebPage\",\"@id\":\"https:\\\/\\\/octoplant.com\\\/pt-pt\\\/termos-e-condicoes\\\/\",\"url\":\"https:\\\/\\\/octoplant.com\\\/pt-pt\\\/termos-e-condicoes\\\/\",\"name\":\"Termos e Condi\u00e7\u00f5es | Octoplant\",\"isPartOf\":{\"@id\":\"https:\\\/\\\/octoplant.com\\\/pt-pt\\\/#website\"},\"datePublished\":\"2025-07-02T14:20:40+00:00\",\"dateModified\":\"2026-03-14T22:10:22+00:00\",\"description\":\"Leia os nossos termos e condi\u00e7\u00f5es para a disponibiliza\u00e7\u00e3o, manuten\u00e7\u00e3o e suporte do Octoplant.\",\"breadcrumb\":{\"@id\":\"https:\\\/\\\/octoplant.com\\\/pt-pt\\\/termos-e-condicoes\\\/#breadcrumb\"},\"inLanguage\":\"pt-PT\",\"potentialAction\":[{\"@type\":\"ReadAction\",\"target\":[\"https:\\\/\\\/octoplant.com\\\/pt-pt\\\/termos-e-condicoes\\\/\"]}]},{\"@type\":\"BreadcrumbList\",\"@id\":\"https:\\\/\\\/octoplant.com\\\/pt-pt\\\/termos-e-condicoes\\\/#breadcrumb\",\"itemListElement\":[{\"@type\":\"ListItem\",\"position\":1,\"name\":\"Home\",\"item\":\"https:\\\/\\\/octoplant.com\\\/pt-pt\\\/octoplant-2\\\/\"},{\"@type\":\"ListItem\",\"position\":2,\"name\":\"Termos e Condi\u00e7\u00f5es\"}]},{\"@type\":\"WebSite\",\"@id\":\"https:\\\/\\\/octoplant.com\\\/pt-pt\\\/#website\",\"url\":\"https:\\\/\\\/octoplant.com\\\/pt-pt\\\/\",\"name\":\"Octoplant\",\"description\":\"\",\"potentialAction\":[{\"@type\":\"SearchAction\",\"target\":{\"@type\":\"EntryPoint\",\"urlTemplate\":\"https:\\\/\\\/octoplant.com\\\/pt-pt\\\/?s={search_term_string}\"},\"query-input\":{\"@type\":\"PropertyValueSpecification\",\"valueRequired\":true,\"valueName\":\"search_term_string\"}}],\"inLanguage\":\"pt-PT\"}]}<\/script>\n<!-- \/ Yoast SEO plugin. -->","yoast_head_json":{"title":"Termos e Condi\u00e7\u00f5es | Octoplant","description":"Leia os nossos termos e condi\u00e7\u00f5es para a disponibiliza\u00e7\u00e3o, manuten\u00e7\u00e3o e suporte do Octoplant.","robots":{"index":"index","follow":"follow","max-snippet":"max-snippet:-1","max-image-preview":"max-image-preview:large","max-video-preview":"max-video-preview:-1"},"canonical":"https:\/\/octoplant.com\/pt-pt\/termos-e-condicoes\/","og_locale":"pt_PT","og_type":"article","og_title":"Termos e Condi\u00e7\u00f5es | Octoplant","og_description":"Leia os nossos termos e condi\u00e7\u00f5es para a disponibiliza\u00e7\u00e3o, manuten\u00e7\u00e3o e suporte do Octoplant.","og_url":"https:\/\/octoplant.com\/pt-pt\/termos-e-condicoes\/","og_site_name":"Octoplant","article_modified_time":"2026-03-14T22:10:22+00:00","twitter_card":"summary_large_image","schema":{"@context":"https:\/\/schema.org","@graph":[{"@type":"WebPage","@id":"https:\/\/octoplant.com\/pt-pt\/termos-e-condicoes\/","url":"https:\/\/octoplant.com\/pt-pt\/termos-e-condicoes\/","name":"Termos e Condi\u00e7\u00f5es | Octoplant","isPartOf":{"@id":"https:\/\/octoplant.com\/pt-pt\/#website"},"datePublished":"2025-07-02T14:20:40+00:00","dateModified":"2026-03-14T22:10:22+00:00","description":"Leia os nossos termos e condi\u00e7\u00f5es para a disponibiliza\u00e7\u00e3o, manuten\u00e7\u00e3o e suporte do Octoplant.","breadcrumb":{"@id":"https:\/\/octoplant.com\/pt-pt\/termos-e-condicoes\/#breadcrumb"},"inLanguage":"pt-PT","potentialAction":[{"@type":"ReadAction","target":["https:\/\/octoplant.com\/pt-pt\/termos-e-condicoes\/"]}]},{"@type":"BreadcrumbList","@id":"https:\/\/octoplant.com\/pt-pt\/termos-e-condicoes\/#breadcrumb","itemListElement":[{"@type":"ListItem","position":1,"name":"Home","item":"https:\/\/octoplant.com\/pt-pt\/octoplant-2\/"},{"@type":"ListItem","position":2,"name":"Termos e Condi\u00e7\u00f5es"}]},{"@type":"WebSite","@id":"https:\/\/octoplant.com\/pt-pt\/#website","url":"https:\/\/octoplant.com\/pt-pt\/","name":"Octoplant","description":"","potentialAction":[{"@type":"SearchAction","target":{"@type":"EntryPoint","urlTemplate":"https:\/\/octoplant.com\/pt-pt\/?s={search_term_string}"},"query-input":{"@type":"PropertyValueSpecification","valueRequired":true,"valueName":"search_term_string"}}],"inLanguage":"pt-PT"}]}},"_links":{"self":[{"href":"https:\/\/octoplant.com\/pt-pt\/wp-json\/wp\/v2\/pages\/4040","targetHints":{"allow":["GET"]}}],"collection":[{"href":"https:\/\/octoplant.com\/pt-pt\/wp-json\/wp\/v2\/pages"}],"about":[{"href":"https:\/\/octoplant.com\/pt-pt\/wp-json\/wp\/v2\/types\/page"}],"author":[{"embeddable":true,"href":"https:\/\/octoplant.com\/pt-pt\/wp-json\/wp\/v2\/users\/1"}],"replies":[{"embeddable":true,"href":"https:\/\/octoplant.com\/pt-pt\/wp-json\/wp\/v2\/comments?post=4040"}],"version-history":[{"count":1,"href":"https:\/\/octoplant.com\/pt-pt\/wp-json\/wp\/v2\/pages\/4040\/revisions"}],"predecessor-version":[{"id":4041,"href":"https:\/\/octoplant.com\/pt-pt\/wp-json\/wp\/v2\/pages\/4040\/revisions\/4041"}],"wp:attachment":[{"href":"https:\/\/octoplant.com\/pt-pt\/wp-json\/wp\/v2\/media?parent=4040"}],"curies":[{"name":"wp","href":"https:\/\/api.w.org\/{rel}","templated":true}]}}