{"id":4033,"date":"2025-10-27T17:00:23","date_gmt":"2025-10-27T17:00:23","guid":{"rendered":"https:\/\/octoplant.com\/sistemas-de-aguas-residuais\/"},"modified":"2026-03-14T22:00:35","modified_gmt":"2026-03-14T22:00:35","slug":"sistemas-de-aguas-residuais","status":"publish","type":"page","link":"https:\/\/octoplant.com\/pt-pt\/sistemas-de-aguas-residuais\/","title":{"rendered":"Sistemas de \u00e1guas residuais"},"content":{"rendered":"\n<p>O setor de \u00e1guas residuais encontra-se em um ponto cr\u00edtico. \u00c0 medida que esta\u00e7\u00f5es de tratamento, esta\u00e7\u00f5es de bombeamento e redes de distribui\u00e7\u00e3o se tornam cada vez mais automatizadas e conectadas, as amea\u00e7as cibern\u00e9ticas evoluem em paralelo. Infraestruturas envelhecidas, or\u00e7amentos limitados e press\u00f5es regulat\u00f3rias se combinam com uma crescente converg\u00eancia entre OT e IT. Como mostrado no recente programa de TV \u201c60 Minutes\u201d, a camada de automa\u00e7\u00e3o j\u00e1 n\u00e3o \u00e9 apenas \u201ctubula\u00e7\u00f5es e bombas\u201d \u2014 ela tamb\u00e9m se tornou uma superf\u00edcie de ataque.   <\/p>\n\n<p>Com Octoplant, operadores de sistemas de \u00e1guas residuais e outros servi\u00e7os p\u00fablicos obt\u00eam uma plataforma projetada para proteger a pr\u00f3pria camada de automa\u00e7\u00e3o que mant\u00e9m as comunidades em funcionamento. Voc\u00ea tem visibilidade unificada, controle total de vers\u00f5es, backup e recupera\u00e7\u00e3o, al\u00e9m de seguran\u00e7a OT integrada. N\u00e3o se trata apenas de conformidade \u2014 trata-se de resili\u00eancia.  <\/p>\n","protected":false},"excerpt":{"rendered":"<p>O setor de \u00e1guas residuais encontra-se em um ponto cr\u00edtico. \u00c0 medida que esta\u00e7\u00f5es de tratamento, esta\u00e7\u00f5es de bombeamento e redes de distribui\u00e7\u00e3o se tornam cada vez mais automatizadas e conectadas, as amea\u00e7as cibern\u00e9ticas evoluem em paralelo. Infraestruturas envelhecidas, or\u00e7amentos limitados e press\u00f5es regulat\u00f3rias se combinam com uma crescente converg\u00eancia entre OT e IT. Como<a href=\"https:\/\/octoplant.com\/pt-pt\/sistemas-de-aguas-residuais\/\">Continuar lendo <span class=\"sr-only\">&#8220;Sistemas de \u00e1guas residuais&#8221;<\/span><\/a><\/p>\n","protected":false},"author":1,"featured_media":0,"parent":0,"menu_order":0,"comment_status":"closed","ping_status":"closed","template":"page-wastewater.php","meta":{"_acf_changed":false,"footnotes":""},"class_list":["post-4033","page","type-page","status-publish","hentry"],"acf":[],"yoast_head":"<!-- This site is optimized with the Yoast SEO plugin v27.4 - https:\/\/yoast.com\/product\/yoast-seo-wordpress\/ -->\n<title>Sistemas de \u00e1guas residuais - Octoplant<\/title>\n<meta name=\"robots\" content=\"index, follow, max-snippet:-1, max-image-preview:large, max-video-preview:-1\" \/>\n<link rel=\"canonical\" href=\"https:\/\/octoplant.com\/pt-pt\/sistemas-de-aguas-residuais\/\" \/>\n<meta property=\"og:locale\" content=\"pt_PT\" \/>\n<meta property=\"og:type\" content=\"article\" \/>\n<meta property=\"og:title\" content=\"Sistemas de \u00e1guas residuais - Octoplant\" \/>\n<meta property=\"og:description\" content=\"O setor de \u00e1guas residuais encontra-se em um ponto cr\u00edtico. \u00c0 medida que esta\u00e7\u00f5es de tratamento, esta\u00e7\u00f5es de bombeamento e redes de distribui\u00e7\u00e3o se tornam cada vez mais automatizadas e conectadas, as amea\u00e7as cibern\u00e9ticas evoluem em paralelo. Infraestruturas envelhecidas, or\u00e7amentos limitados e press\u00f5es regulat\u00f3rias se combinam com uma crescente converg\u00eancia entre OT e IT. ComoContinuar lendo &quot;Sistemas de \u00e1guas residuais&quot;\" \/>\n<meta property=\"og:url\" content=\"https:\/\/octoplant.com\/pt-pt\/sistemas-de-aguas-residuais\/\" \/>\n<meta property=\"og:site_name\" content=\"Octoplant\" \/>\n<meta property=\"article:modified_time\" content=\"2026-03-14T22:00:35+00:00\" \/>\n<meta name=\"twitter:card\" content=\"summary_large_image\" \/>\n<meta name=\"twitter:label1\" content=\"Tempo estimado de leitura\" \/>\n\t<meta name=\"twitter:data1\" content=\"1 minuto\" \/>\n<script type=\"application\/ld+json\" class=\"yoast-schema-graph\">{\"@context\":\"https:\\\/\\\/schema.org\",\"@graph\":[{\"@type\":\"WebPage\",\"@id\":\"https:\\\/\\\/octoplant.com\\\/pt-pt\\\/sistemas-de-aguas-residuais\\\/\",\"url\":\"https:\\\/\\\/octoplant.com\\\/pt-pt\\\/sistemas-de-aguas-residuais\\\/\",\"name\":\"Sistemas de \u00e1guas residuais - Octoplant\",\"isPartOf\":{\"@id\":\"https:\\\/\\\/octoplant.com\\\/pt-pt\\\/#website\"},\"datePublished\":\"2025-10-27T17:00:23+00:00\",\"dateModified\":\"2026-03-14T22:00:35+00:00\",\"breadcrumb\":{\"@id\":\"https:\\\/\\\/octoplant.com\\\/pt-pt\\\/sistemas-de-aguas-residuais\\\/#breadcrumb\"},\"inLanguage\":\"pt-PT\",\"potentialAction\":[{\"@type\":\"ReadAction\",\"target\":[\"https:\\\/\\\/octoplant.com\\\/pt-pt\\\/sistemas-de-aguas-residuais\\\/\"]}]},{\"@type\":\"BreadcrumbList\",\"@id\":\"https:\\\/\\\/octoplant.com\\\/pt-pt\\\/sistemas-de-aguas-residuais\\\/#breadcrumb\",\"itemListElement\":[{\"@type\":\"ListItem\",\"position\":1,\"name\":\"Home\",\"item\":\"https:\\\/\\\/octoplant.com\\\/pt-pt\\\/octoplant-2\\\/\"},{\"@type\":\"ListItem\",\"position\":2,\"name\":\"Sistemas de \u00e1guas residuais\"}]},{\"@type\":\"WebSite\",\"@id\":\"https:\\\/\\\/octoplant.com\\\/pt-pt\\\/#website\",\"url\":\"https:\\\/\\\/octoplant.com\\\/pt-pt\\\/\",\"name\":\"Octoplant\",\"description\":\"\",\"potentialAction\":[{\"@type\":\"SearchAction\",\"target\":{\"@type\":\"EntryPoint\",\"urlTemplate\":\"https:\\\/\\\/octoplant.com\\\/pt-pt\\\/?s={search_term_string}\"},\"query-input\":{\"@type\":\"PropertyValueSpecification\",\"valueRequired\":true,\"valueName\":\"search_term_string\"}}],\"inLanguage\":\"pt-PT\"}]}<\/script>\n<!-- \/ Yoast SEO plugin. -->","yoast_head_json":{"title":"Sistemas de \u00e1guas residuais - Octoplant","robots":{"index":"index","follow":"follow","max-snippet":"max-snippet:-1","max-image-preview":"max-image-preview:large","max-video-preview":"max-video-preview:-1"},"canonical":"https:\/\/octoplant.com\/pt-pt\/sistemas-de-aguas-residuais\/","og_locale":"pt_PT","og_type":"article","og_title":"Sistemas de \u00e1guas residuais - Octoplant","og_description":"O setor de \u00e1guas residuais encontra-se em um ponto cr\u00edtico. \u00c0 medida que esta\u00e7\u00f5es de tratamento, esta\u00e7\u00f5es de bombeamento e redes de distribui\u00e7\u00e3o se tornam cada vez mais automatizadas e conectadas, as amea\u00e7as cibern\u00e9ticas evoluem em paralelo. Infraestruturas envelhecidas, or\u00e7amentos limitados e press\u00f5es regulat\u00f3rias se combinam com uma crescente converg\u00eancia entre OT e IT. ComoContinuar lendo \"Sistemas de \u00e1guas residuais\"","og_url":"https:\/\/octoplant.com\/pt-pt\/sistemas-de-aguas-residuais\/","og_site_name":"Octoplant","article_modified_time":"2026-03-14T22:00:35+00:00","twitter_card":"summary_large_image","twitter_misc":{"Tempo estimado de leitura":"1 minuto"},"schema":{"@context":"https:\/\/schema.org","@graph":[{"@type":"WebPage","@id":"https:\/\/octoplant.com\/pt-pt\/sistemas-de-aguas-residuais\/","url":"https:\/\/octoplant.com\/pt-pt\/sistemas-de-aguas-residuais\/","name":"Sistemas de \u00e1guas residuais - Octoplant","isPartOf":{"@id":"https:\/\/octoplant.com\/pt-pt\/#website"},"datePublished":"2025-10-27T17:00:23+00:00","dateModified":"2026-03-14T22:00:35+00:00","breadcrumb":{"@id":"https:\/\/octoplant.com\/pt-pt\/sistemas-de-aguas-residuais\/#breadcrumb"},"inLanguage":"pt-PT","potentialAction":[{"@type":"ReadAction","target":["https:\/\/octoplant.com\/pt-pt\/sistemas-de-aguas-residuais\/"]}]},{"@type":"BreadcrumbList","@id":"https:\/\/octoplant.com\/pt-pt\/sistemas-de-aguas-residuais\/#breadcrumb","itemListElement":[{"@type":"ListItem","position":1,"name":"Home","item":"https:\/\/octoplant.com\/pt-pt\/octoplant-2\/"},{"@type":"ListItem","position":2,"name":"Sistemas de \u00e1guas residuais"}]},{"@type":"WebSite","@id":"https:\/\/octoplant.com\/pt-pt\/#website","url":"https:\/\/octoplant.com\/pt-pt\/","name":"Octoplant","description":"","potentialAction":[{"@type":"SearchAction","target":{"@type":"EntryPoint","urlTemplate":"https:\/\/octoplant.com\/pt-pt\/?s={search_term_string}"},"query-input":{"@type":"PropertyValueSpecification","valueRequired":true,"valueName":"search_term_string"}}],"inLanguage":"pt-PT"}]}},"_links":{"self":[{"href":"https:\/\/octoplant.com\/pt-pt\/wp-json\/wp\/v2\/pages\/4033","targetHints":{"allow":["GET"]}}],"collection":[{"href":"https:\/\/octoplant.com\/pt-pt\/wp-json\/wp\/v2\/pages"}],"about":[{"href":"https:\/\/octoplant.com\/pt-pt\/wp-json\/wp\/v2\/types\/page"}],"author":[{"embeddable":true,"href":"https:\/\/octoplant.com\/pt-pt\/wp-json\/wp\/v2\/users\/1"}],"replies":[{"embeddable":true,"href":"https:\/\/octoplant.com\/pt-pt\/wp-json\/wp\/v2\/comments?post=4033"}],"version-history":[{"count":1,"href":"https:\/\/octoplant.com\/pt-pt\/wp-json\/wp\/v2\/pages\/4033\/revisions"}],"predecessor-version":[{"id":4034,"href":"https:\/\/octoplant.com\/pt-pt\/wp-json\/wp\/v2\/pages\/4033\/revisions\/4034"}],"wp:attachment":[{"href":"https:\/\/octoplant.com\/pt-pt\/wp-json\/wp\/v2\/media?parent=4033"}],"curies":[{"name":"wp","href":"https:\/\/api.w.org\/{rel}","templated":true}]}}