{"id":4016,"date":"2025-06-11T10:46:13","date_gmt":"2025-06-11T10:46:13","guid":{"rendered":"https:\/\/octoplant.com\/onde-comprar\/"},"modified":"2026-04-13T23:06:26","modified_gmt":"2026-04-13T23:06:26","slug":"onde-comprar","status":"publish","type":"page","link":"https:\/\/octoplant.com\/pt-pt\/onde-comprar\/","title":{"rendered":"ONDE COMPRAR"},"content":{"rendered":"\n<p>Encontre o seu fornecedor oficial Octoplant e conecte-se com parceiros certificados em todo o mundo. Com nossa rede global de mais de 100 parceiros confi\u00e1veis em cada regi\u00e3o, voc\u00ea ter\u00e1 acesso n\u00e3o apenas a suporte local, mas tamb\u00e9m a conhecimento especializado em ambientes OT, IT e automa\u00e7\u00e3o \u2014 desde a integra\u00e7\u00e3o de dispositivos at\u00e9 a implementa\u00e7\u00e3o e otimiza\u00e7\u00e3o de seguran\u00e7a. <\/p>\n\n<p>Seja atualizando equipamentos, integrando novos fornecedores de PLC ou iniciando uma implementa\u00e7\u00e3o em m\u00faltiplos sites, nosso ecossistema de parceiros garante entrega confi\u00e1vel, escalabilidade profissional e suporte de longo prazo.<\/p>\n\n<p><\/p>\n","protected":false},"excerpt":{"rendered":"<p>Encontre o seu fornecedor oficial Octoplant e conecte-se com parceiros certificados em todo o mundo. Com nossa rede global de mais de 100 parceiros confi\u00e1veis em cada regi\u00e3o, voc\u00ea ter\u00e1 acesso n\u00e3o apenas a suporte local, mas tamb\u00e9m a conhecimento especializado em ambientes OT, IT e automa\u00e7\u00e3o \u2014 desde a integra\u00e7\u00e3o de dispositivos at\u00e9 a<a href=\"https:\/\/octoplant.com\/pt-pt\/onde-comprar\/\">Continuar lendo <span class=\"sr-only\">&#8220;ONDE COMPRAR&#8221;<\/span><\/a><\/p>\n","protected":false},"author":1,"featured_media":0,"parent":0,"menu_order":0,"comment_status":"closed","ping_status":"closed","template":"page-partners.php","meta":{"_acf_changed":false,"footnotes":""},"class_list":["post-4016","page","type-page","status-publish","hentry"],"acf":[],"yoast_head":"<!-- This site is optimized with the Yoast SEO plugin v27.2 - https:\/\/yoast.com\/product\/yoast-seo-wordpress\/ -->\n<title>Onde comprar - Rede global de parceiros | Octoplant<\/title>\n<meta name=\"description\" content=\"Parcerias globais, atua\u00e7\u00e3o local. Conecte-se com mais de 100 parceiros confi\u00e1veis Octoplant para obter experi\u00eancia local, implementa\u00e7\u00e3o fluida e suporte cont\u00ednuo.\" \/>\n<meta name=\"robots\" content=\"index, follow, max-snippet:-1, max-image-preview:large, max-video-preview:-1\" \/>\n<link rel=\"canonical\" href=\"https:\/\/octoplant.com\/pt-pt\/onde-comprar\/\" \/>\n<meta property=\"og:locale\" content=\"pt_PT\" \/>\n<meta property=\"og:type\" content=\"article\" \/>\n<meta property=\"og:title\" content=\"Onde comprar - Rede global de parceiros | Octoplant\" \/>\n<meta property=\"og:description\" content=\"Parcerias globais, atua\u00e7\u00e3o local. Conecte-se com mais de 100 parceiros confi\u00e1veis Octoplant para obter experi\u00eancia local, implementa\u00e7\u00e3o fluida e suporte cont\u00ednuo.\" \/>\n<meta property=\"og:url\" content=\"https:\/\/octoplant.com\/pt-pt\/onde-comprar\/\" \/>\n<meta property=\"og:site_name\" content=\"Octoplant\" \/>\n<meta property=\"article:modified_time\" content=\"2026-04-13T23:06:26+00:00\" \/>\n<meta name=\"twitter:card\" content=\"summary_large_image\" \/>\n<script type=\"application\/ld+json\" class=\"yoast-schema-graph\">{\"@context\":\"https:\/\/schema.org\",\"@graph\":[{\"@type\":\"WebPage\",\"@id\":\"https:\/\/octoplant.com\/pt-pt\/onde-comprar\/\",\"url\":\"https:\/\/octoplant.com\/pt-pt\/onde-comprar\/\",\"name\":\"Onde comprar - Rede global de parceiros | Octoplant\",\"isPartOf\":{\"@id\":\"https:\/\/octoplant.com\/pt-pt\/#website\"},\"datePublished\":\"2025-06-11T10:46:13+00:00\",\"dateModified\":\"2026-04-13T23:06:26+00:00\",\"description\":\"Parcerias globais, atua\u00e7\u00e3o local. Conecte-se com mais de 100 parceiros confi\u00e1veis Octoplant para obter experi\u00eancia local, implementa\u00e7\u00e3o fluida e suporte cont\u00ednuo.\",\"breadcrumb\":{\"@id\":\"https:\/\/octoplant.com\/pt-pt\/onde-comprar\/#breadcrumb\"},\"inLanguage\":\"pt-PT\",\"potentialAction\":[{\"@type\":\"ReadAction\",\"target\":[\"https:\/\/octoplant.com\/pt-pt\/onde-comprar\/\"]}]},{\"@type\":\"BreadcrumbList\",\"@id\":\"https:\/\/octoplant.com\/pt-pt\/onde-comprar\/#breadcrumb\",\"itemListElement\":[{\"@type\":\"ListItem\",\"position\":1,\"name\":\"Home\",\"item\":\"https:\/\/octoplant.com\/pt-pt\/octoplant-2\/\"},{\"@type\":\"ListItem\",\"position\":2,\"name\":\"ONDE COMPRAR\"}]},{\"@type\":\"WebSite\",\"@id\":\"https:\/\/octoplant.com\/pt-pt\/#website\",\"url\":\"https:\/\/octoplant.com\/pt-pt\/\",\"name\":\"Octoplant\",\"description\":\"\",\"potentialAction\":[{\"@type\":\"SearchAction\",\"target\":{\"@type\":\"EntryPoint\",\"urlTemplate\":\"https:\/\/octoplant.com\/pt-pt\/?s={search_term_string}\"},\"query-input\":{\"@type\":\"PropertyValueSpecification\",\"valueRequired\":true,\"valueName\":\"search_term_string\"}}],\"inLanguage\":\"pt-PT\"}]}<\/script>\n<!-- \/ Yoast SEO plugin. -->","yoast_head_json":{"title":"Onde comprar - Rede global de parceiros | Octoplant","description":"Parcerias globais, atua\u00e7\u00e3o local. Conecte-se com mais de 100 parceiros confi\u00e1veis Octoplant para obter experi\u00eancia local, implementa\u00e7\u00e3o fluida e suporte cont\u00ednuo.","robots":{"index":"index","follow":"follow","max-snippet":"max-snippet:-1","max-image-preview":"max-image-preview:large","max-video-preview":"max-video-preview:-1"},"canonical":"https:\/\/octoplant.com\/pt-pt\/onde-comprar\/","og_locale":"pt_PT","og_type":"article","og_title":"Onde comprar - Rede global de parceiros | Octoplant","og_description":"Parcerias globais, atua\u00e7\u00e3o local. Conecte-se com mais de 100 parceiros confi\u00e1veis Octoplant para obter experi\u00eancia local, implementa\u00e7\u00e3o fluida e suporte cont\u00ednuo.","og_url":"https:\/\/octoplant.com\/pt-pt\/onde-comprar\/","og_site_name":"Octoplant","article_modified_time":"2026-04-13T23:06:26+00:00","twitter_card":"summary_large_image","schema":{"@context":"https:\/\/schema.org","@graph":[{"@type":"WebPage","@id":"https:\/\/octoplant.com\/pt-pt\/onde-comprar\/","url":"https:\/\/octoplant.com\/pt-pt\/onde-comprar\/","name":"Onde comprar - Rede global de parceiros | Octoplant","isPartOf":{"@id":"https:\/\/octoplant.com\/pt-pt\/#website"},"datePublished":"2025-06-11T10:46:13+00:00","dateModified":"2026-04-13T23:06:26+00:00","description":"Parcerias globais, atua\u00e7\u00e3o local. Conecte-se com mais de 100 parceiros confi\u00e1veis Octoplant para obter experi\u00eancia local, implementa\u00e7\u00e3o fluida e suporte cont\u00ednuo.","breadcrumb":{"@id":"https:\/\/octoplant.com\/pt-pt\/onde-comprar\/#breadcrumb"},"inLanguage":"pt-PT","potentialAction":[{"@type":"ReadAction","target":["https:\/\/octoplant.com\/pt-pt\/onde-comprar\/"]}]},{"@type":"BreadcrumbList","@id":"https:\/\/octoplant.com\/pt-pt\/onde-comprar\/#breadcrumb","itemListElement":[{"@type":"ListItem","position":1,"name":"Home","item":"https:\/\/octoplant.com\/pt-pt\/octoplant-2\/"},{"@type":"ListItem","position":2,"name":"ONDE COMPRAR"}]},{"@type":"WebSite","@id":"https:\/\/octoplant.com\/pt-pt\/#website","url":"https:\/\/octoplant.com\/pt-pt\/","name":"Octoplant","description":"","potentialAction":[{"@type":"SearchAction","target":{"@type":"EntryPoint","urlTemplate":"https:\/\/octoplant.com\/pt-pt\/?s={search_term_string}"},"query-input":{"@type":"PropertyValueSpecification","valueRequired":true,"valueName":"search_term_string"}}],"inLanguage":"pt-PT"}]}},"_links":{"self":[{"href":"https:\/\/octoplant.com\/pt-pt\/wp-json\/wp\/v2\/pages\/4016","targetHints":{"allow":["GET"]}}],"collection":[{"href":"https:\/\/octoplant.com\/pt-pt\/wp-json\/wp\/v2\/pages"}],"about":[{"href":"https:\/\/octoplant.com\/pt-pt\/wp-json\/wp\/v2\/types\/page"}],"author":[{"embeddable":true,"href":"https:\/\/octoplant.com\/pt-pt\/wp-json\/wp\/v2\/users\/1"}],"replies":[{"embeddable":true,"href":"https:\/\/octoplant.com\/pt-pt\/wp-json\/wp\/v2\/comments?post=4016"}],"version-history":[{"count":1,"href":"https:\/\/octoplant.com\/pt-pt\/wp-json\/wp\/v2\/pages\/4016\/revisions"}],"predecessor-version":[{"id":4017,"href":"https:\/\/octoplant.com\/pt-pt\/wp-json\/wp\/v2\/pages\/4016\/revisions\/4017"}],"wp:attachment":[{"href":"https:\/\/octoplant.com\/pt-pt\/wp-json\/wp\/v2\/media?parent=4016"}],"curies":[{"name":"wp","href":"https:\/\/api.w.org\/{rel}","templated":true}]}}