{"id":4171,"date":"2025-07-01T19:22:23","date_gmt":"2025-07-01T19:22:23","guid":{"rendered":"https:\/\/octoplant.com\/kontakt\/"},"modified":"2026-03-18T16:03:38","modified_gmt":"2026-03-18T16:03:38","slug":"kontakt","status":"publish","type":"page","link":"https:\/\/octoplant.com\/pl\/kontakt\/","title":{"rendered":"Kontakt"},"content":{"rendered":"\n<p>AMDT jest globalnym liderem w zakresie rozwi\u0105za\u0144 do tworzenia kopii zapasowych, zarz\u0105dzania wersjami i por\u00f3wnywania dla automatyki przemys\u0142owej, opartych na prawie 40 latach specjalistycznego do\u015bwiadczenia. Nasza misja \u201eProduction Resilience Delivered\u201d odzwierciedla nasze zaanga\u017cowanie w zapewnienie bezpiecze\u0144stwa, odporno\u015bci i szybkiego odzyskiwania system\u00f3w produkcji.  <\/p>\n\n<p><\/p>\n\n<p>Skorzystaj z formularza, aby skontaktowa\u0107 si\u0119 z naszym zespo\u0142em ekspert\u00f3w i uzyska\u0107 spersonalizowane wsparcie. Je\u015bli masz pytania dotycz\u0105ce naszych rozwi\u0105za\u0144 lub chcesz um\u00f3wi\u0107 prezentacj\u0119 online lub na miejscu, czekamy na Twoj\u0105 wiadomo\u015b\u0107. <\/p>\n\n<div style=\"height:20px\" aria-hidden=\"true\" class=\"wp-block-spacer\"><\/div>\n\n<div class=\"wp-block-columns is-layout-flex wp-container-core-columns-is-layout-9d6595d7 wp-block-columns-is-layout-flex\">\n<div class=\"wp-block-column is-layout-flow wp-block-column-is-layout-flow\">\n<p><\/p>\n\n\n\n<p><strong><h3>EMEA &#038; APAC<\/h3><\/strong><\/p>\n\n\n\n<p><\/p>\n\n\n\n<p>AUVESY GmbH<br\/>Fichtenstra\u00dfe 38 B<br\/>76829 Landau<br\/>Niemcy<\/p>\n<\/div>\n\n\n\n<div class=\"wp-block-column is-layout-flow wp-block-column-is-layout-flow\">\n<p><\/p>\n\n\n\n<p><strong><h3>AMERYKI<\/h3><\/strong><\/p>\n\n\n\n<p><\/p>\n\n\n\n<p>MDT Inc. (DBA AMDT)<br\/>8000 Avalon Blvd, Suite 900<br\/>Alpharetta, GA 30009;<br\/>Stany Zjednoczone<\/p>\n<\/div>\n\n\n\n<div class=\"wp-block-column is-layout-flow wp-block-column-is-layout-flow\">\n<p><\/p>\n\n\n\n<p><strong><h3>CHINY<\/h3><\/strong><\/p>\n\n\n\n<p><\/p>\n\n\n\n<p>AUVESY Data Management Solutions Co., Ltd.<br\/>Jinma Lu 3, Maqun, Qixia District<br\/>Nankin, Chiny<\/p>\n<\/div>\n<\/div>\n\n<div style=\"height:50px\" aria-hidden=\"true\" class=\"wp-block-spacer\"><\/div>\n\n<p>W przypadku zapyta\u0144 og\u00f3lnych lub innych kwestii nasz zesp\u00f3\u0142 marketingowy ch\u0119tnie pomo\u017ce \u2014 skontaktuj si\u0119 z nami pod adresem <a>marketing@amdt.com<\/a><\/p>\n\n<p><\/p>\n","protected":false},"excerpt":{"rendered":"<p>AMDT jest globalnym liderem w zakresie rozwi\u0105za\u0144 do tworzenia kopii zapasowych, zarz\u0105dzania wersjami i por\u00f3wnywania dla automatyki przemys\u0142owej, opartych na prawie 40 latach specjalistycznego do\u015bwiadczenia. Nasza misja \u201eProduction Resilience Delivered\u201d odzwierciedla nasze zaanga\u017cowanie w zapewnienie bezpiecze\u0144stwa, odporno\u015bci i szybkiego odzyskiwania system\u00f3w produkcji. Skorzystaj z formularza, aby skontaktowa\u0107 si\u0119 z naszym zespo\u0142em ekspert\u00f3w i uzyska\u0107 spersonalizowane<a href=\"https:\/\/octoplant.com\/pl\/kontakt\/\">Czytaj dalej <span class=\"sr-only\">&#8222;Kontakt&#8221;<\/span><\/a><\/p>\n","protected":false},"author":1,"featured_media":0,"parent":0,"menu_order":0,"comment_status":"closed","ping_status":"closed","template":"page-contact.php","meta":{"_acf_changed":false,"footnotes":""},"class_list":["post-4171","page","type-page","status-publish","hentry"],"acf":[],"yoast_head":"<!-- This site is optimized with the Yoast SEO plugin v27.2 - https:\/\/yoast.com\/product\/yoast-seo-wordpress\/ -->\n<title>Porozmawiaj z naszymi ekspertami | Octoplant<\/title>\n<meta name=\"description\" content=\"Skontaktuj si\u0119 z AMDT, globalnym liderem w oprogramowaniu do automatyki przemys\u0142owej. Zarezerwuj demo Octoplant lub uzyskaj spersonalizowane doradztwo od naszego zespo\u0142u ekspert\u00f3w ju\u017c dzi\u015b.\" \/>\n<meta name=\"robots\" content=\"index, follow, max-snippet:-1, max-image-preview:large, max-video-preview:-1\" \/>\n<link rel=\"canonical\" href=\"https:\/\/octoplant.com\/pl\/kontakt\/\" \/>\n<meta property=\"og:locale\" content=\"pl_PL\" \/>\n<meta property=\"og:type\" content=\"article\" \/>\n<meta property=\"og:title\" content=\"Porozmawiaj z naszymi ekspertami | Octoplant\" \/>\n<meta property=\"og:description\" content=\"Skontaktuj si\u0119 z AMDT, globalnym liderem w oprogramowaniu do automatyki przemys\u0142owej. Zarezerwuj demo Octoplant lub uzyskaj spersonalizowane doradztwo od naszego zespo\u0142u ekspert\u00f3w ju\u017c dzi\u015b.\" \/>\n<meta property=\"og:url\" content=\"https:\/\/octoplant.com\/pl\/kontakt\/\" \/>\n<meta property=\"og:site_name\" content=\"Octoplant\" \/>\n<meta property=\"article:modified_time\" content=\"2026-03-18T16:03:38+00:00\" \/>\n<meta name=\"twitter:card\" content=\"summary_large_image\" \/>\n<meta name=\"twitter:label1\" content=\"Szacowany czas czytania\" \/>\n\t<meta name=\"twitter:data1\" content=\"1 minuta\" \/>\n<script type=\"application\/ld+json\" class=\"yoast-schema-graph\">{\"@context\":\"https:\/\/schema.org\",\"@graph\":[{\"@type\":\"WebPage\",\"@id\":\"https:\/\/octoplant.com\/pl\/kontakt\/\",\"url\":\"https:\/\/octoplant.com\/pl\/kontakt\/\",\"name\":\"Porozmawiaj z naszymi ekspertami | Octoplant\",\"isPartOf\":{\"@id\":\"https:\/\/octoplant.com\/pl\/#website\"},\"datePublished\":\"2025-07-01T19:22:23+00:00\",\"dateModified\":\"2026-03-18T16:03:38+00:00\",\"description\":\"Skontaktuj si\u0119 z AMDT, globalnym liderem w oprogramowaniu do automatyki przemys\u0142owej. Zarezerwuj demo Octoplant lub uzyskaj spersonalizowane doradztwo od naszego zespo\u0142u ekspert\u00f3w ju\u017c dzi\u015b.\",\"breadcrumb\":{\"@id\":\"https:\/\/octoplant.com\/pl\/kontakt\/#breadcrumb\"},\"inLanguage\":\"pl-PL\",\"potentialAction\":[{\"@type\":\"ReadAction\",\"target\":[\"https:\/\/octoplant.com\/pl\/kontakt\/\"]}]},{\"@type\":\"BreadcrumbList\",\"@id\":\"https:\/\/octoplant.com\/pl\/kontakt\/#breadcrumb\",\"itemListElement\":[{\"@type\":\"ListItem\",\"position\":1,\"name\":\"Home\",\"item\":\"https:\/\/octoplant.com\/pl\/octoplant-2\/\"},{\"@type\":\"ListItem\",\"position\":2,\"name\":\"Kontakt\"}]},{\"@type\":\"WebSite\",\"@id\":\"https:\/\/octoplant.com\/pl\/#website\",\"url\":\"https:\/\/octoplant.com\/pl\/\",\"name\":\"Octoplant\",\"description\":\"\",\"potentialAction\":[{\"@type\":\"SearchAction\",\"target\":{\"@type\":\"EntryPoint\",\"urlTemplate\":\"https:\/\/octoplant.com\/pl\/?s={search_term_string}\"},\"query-input\":{\"@type\":\"PropertyValueSpecification\",\"valueRequired\":true,\"valueName\":\"search_term_string\"}}],\"inLanguage\":\"pl-PL\"}]}<\/script>\n<!-- \/ Yoast SEO plugin. -->","yoast_head_json":{"title":"Porozmawiaj z naszymi ekspertami | Octoplant","description":"Skontaktuj si\u0119 z AMDT, globalnym liderem w oprogramowaniu do automatyki przemys\u0142owej. Zarezerwuj demo Octoplant lub uzyskaj spersonalizowane doradztwo od naszego zespo\u0142u ekspert\u00f3w ju\u017c dzi\u015b.","robots":{"index":"index","follow":"follow","max-snippet":"max-snippet:-1","max-image-preview":"max-image-preview:large","max-video-preview":"max-video-preview:-1"},"canonical":"https:\/\/octoplant.com\/pl\/kontakt\/","og_locale":"pl_PL","og_type":"article","og_title":"Porozmawiaj z naszymi ekspertami | Octoplant","og_description":"Skontaktuj si\u0119 z AMDT, globalnym liderem w oprogramowaniu do automatyki przemys\u0142owej. Zarezerwuj demo Octoplant lub uzyskaj spersonalizowane doradztwo od naszego zespo\u0142u ekspert\u00f3w ju\u017c dzi\u015b.","og_url":"https:\/\/octoplant.com\/pl\/kontakt\/","og_site_name":"Octoplant","article_modified_time":"2026-03-18T16:03:38+00:00","twitter_card":"summary_large_image","twitter_misc":{"Szacowany czas czytania":"1 minuta"},"schema":{"@context":"https:\/\/schema.org","@graph":[{"@type":"WebPage","@id":"https:\/\/octoplant.com\/pl\/kontakt\/","url":"https:\/\/octoplant.com\/pl\/kontakt\/","name":"Porozmawiaj z naszymi ekspertami | Octoplant","isPartOf":{"@id":"https:\/\/octoplant.com\/pl\/#website"},"datePublished":"2025-07-01T19:22:23+00:00","dateModified":"2026-03-18T16:03:38+00:00","description":"Skontaktuj si\u0119 z AMDT, globalnym liderem w oprogramowaniu do automatyki przemys\u0142owej. Zarezerwuj demo Octoplant lub uzyskaj spersonalizowane doradztwo od naszego zespo\u0142u ekspert\u00f3w ju\u017c dzi\u015b.","breadcrumb":{"@id":"https:\/\/octoplant.com\/pl\/kontakt\/#breadcrumb"},"inLanguage":"pl-PL","potentialAction":[{"@type":"ReadAction","target":["https:\/\/octoplant.com\/pl\/kontakt\/"]}]},{"@type":"BreadcrumbList","@id":"https:\/\/octoplant.com\/pl\/kontakt\/#breadcrumb","itemListElement":[{"@type":"ListItem","position":1,"name":"Home","item":"https:\/\/octoplant.com\/pl\/octoplant-2\/"},{"@type":"ListItem","position":2,"name":"Kontakt"}]},{"@type":"WebSite","@id":"https:\/\/octoplant.com\/pl\/#website","url":"https:\/\/octoplant.com\/pl\/","name":"Octoplant","description":"","potentialAction":[{"@type":"SearchAction","target":{"@type":"EntryPoint","urlTemplate":"https:\/\/octoplant.com\/pl\/?s={search_term_string}"},"query-input":{"@type":"PropertyValueSpecification","valueRequired":true,"valueName":"search_term_string"}}],"inLanguage":"pl-PL"}]}},"_links":{"self":[{"href":"https:\/\/octoplant.com\/pl\/wp-json\/wp\/v2\/pages\/4171","targetHints":{"allow":["GET"]}}],"collection":[{"href":"https:\/\/octoplant.com\/pl\/wp-json\/wp\/v2\/pages"}],"about":[{"href":"https:\/\/octoplant.com\/pl\/wp-json\/wp\/v2\/types\/page"}],"author":[{"embeddable":true,"href":"https:\/\/octoplant.com\/pl\/wp-json\/wp\/v2\/users\/1"}],"replies":[{"embeddable":true,"href":"https:\/\/octoplant.com\/pl\/wp-json\/wp\/v2\/comments?post=4171"}],"version-history":[{"count":1,"href":"https:\/\/octoplant.com\/pl\/wp-json\/wp\/v2\/pages\/4171\/revisions"}],"predecessor-version":[{"id":4172,"href":"https:\/\/octoplant.com\/pl\/wp-json\/wp\/v2\/pages\/4171\/revisions\/4172"}],"wp:attachment":[{"href":"https:\/\/octoplant.com\/pl\/wp-json\/wp\/v2\/media?parent=4171"}],"curies":[{"name":"wp","href":"https:\/\/api.w.org\/{rel}","templated":true}]}}