{"id":4135,"date":"2025-06-18T15:24:46","date_gmt":"2025-06-18T15:24:46","guid":{"rendered":"https:\/\/octoplant.com\/octoplant\/"},"modified":"2026-03-17T14:32:44","modified_gmt":"2026-03-17T14:32:44","slug":"octoplant","status":"publish","type":"page","link":"https:\/\/octoplant.com\/pl\/octoplant\/","title":{"rendered":"Octoplant"},"content":{"rendered":"\n<p>Octoplant to zaufany standard bran\u017cowy w zakresie kontroli wersji, sp\u00f3jno\u015bci danych i widoczno\u015bci system\u00f3w w \u015brodowiskach produkcji przemys\u0142owej. Umo\u017cliwia bezpieczne przechowywanie, \u015bledzenie i por\u00f3wnywanie danych automatyki w obr\u0119bie urz\u0105dze\u0144, linii i ca\u0142ych zak\u0142ad\u00f3w \u2014 czyni\u0105c szybkie odzyskiwanie i ochron\u0119 przed nieautoryzowanymi zmianami cz\u0119\u015bci\u0105 codziennych operacji. Niezale\u017cnie od tego, czy zarz\u0105dzasz pojedynczym zak\u0142adem, czy globaln\u0105 sieci\u0105, Octoplant zapewnia, \u017ce zasoby produkcyjne s\u0105 zawsze sp\u00f3jne, identyfikowalne i bezpieczne.  <\/p>\n\n<p>Zaprojektowany w celu wzmocnienia odporno\u015bci operacyjnej, Octoplant umo\u017cliwia producentom szybkie reagowanie na nieoczekiwane zak\u0142\u00f3cenia. Jego solidna architektura oraz zintegrowane narz\u0119dzia business intelligence zapewniaj\u0105 ci\u0105g\u0142y monitoring, zaawansowan\u0105 diagnostyk\u0119 i praktyczne wnioski. Dostosowuj\u0105c si\u0119 do specyficznych potrzeb r\u00f3\u017cnych \u015brodowisk produkcyjnych, Octoplant pomaga organizacjom utrzyma\u0107 wydajno\u015b\u0107, chroni\u0107 produkcj\u0119 i zapewni\u0107 nieprzerwane operacje w o\u015bmiu kluczowych obszarach funkcjonalnych.  <\/p>\n\n<p><\/p>\n","protected":false},"excerpt":{"rendered":"<p>Octoplant to zaufany standard bran\u017cowy w zakresie kontroli wersji, sp\u00f3jno\u015bci danych i widoczno\u015bci system\u00f3w w \u015brodowiskach produkcji przemys\u0142owej. Umo\u017cliwia bezpieczne przechowywanie, \u015bledzenie i por\u00f3wnywanie danych automatyki w obr\u0119bie urz\u0105dze\u0144, linii i ca\u0142ych zak\u0142ad\u00f3w \u2014 czyni\u0105c szybkie odzyskiwanie i ochron\u0119 przed nieautoryzowanymi zmianami cz\u0119\u015bci\u0105 codziennych operacji. Niezale\u017cnie od tego, czy zarz\u0105dzasz pojedynczym zak\u0142adem, czy globaln\u0105 sieci\u0105,<a href=\"https:\/\/octoplant.com\/pl\/octoplant\/\">Czytaj dalej <span class=\"sr-only\">&#8222;Octoplant&#8221;<\/span><\/a><\/p>\n","protected":false},"author":1,"featured_media":0,"parent":0,"menu_order":0,"comment_status":"closed","ping_status":"closed","template":"page-octoplant.php","meta":{"_acf_changed":false,"footnotes":""},"class_list":["post-4135","page","type-page","status-publish","hentry"],"acf":[],"yoast_head":"<!-- This site is optimized with the Yoast SEO plugin v27.2 - https:\/\/yoast.com\/product\/yoast-seo-wordpress\/ -->\n<title>Odporno\u015b\u0107 produkcji na zak\u0142\u00f3cenia | Octoplant<\/title>\n<meta name=\"description\" content=\"Zabezpiecz, uporz\u0105dkuj i chro\u0144 swoje zasoby produkcyjne dzi\u0119ki Octoplant. Standard bran\u017cowy w zakresie kontroli wersji, sp\u00f3jno\u015bci danych i szybkiego odzyskiwania.\" \/>\n<meta name=\"robots\" content=\"index, follow, max-snippet:-1, max-image-preview:large, max-video-preview:-1\" \/>\n<link rel=\"canonical\" href=\"https:\/\/octoplant.com\/pl\/octoplant\/\" \/>\n<meta property=\"og:locale\" content=\"pl_PL\" \/>\n<meta property=\"og:type\" content=\"article\" \/>\n<meta property=\"og:title\" content=\"Odporno\u015b\u0107 produkcji na zak\u0142\u00f3cenia | Octoplant\" \/>\n<meta property=\"og:description\" content=\"Zabezpiecz, uporz\u0105dkuj i chro\u0144 swoje zasoby produkcyjne dzi\u0119ki Octoplant. Standard bran\u017cowy w zakresie kontroli wersji, sp\u00f3jno\u015bci danych i szybkiego odzyskiwania.\" \/>\n<meta property=\"og:url\" content=\"https:\/\/octoplant.com\/pl\/octoplant\/\" \/>\n<meta property=\"og:site_name\" content=\"Octoplant\" \/>\n<meta property=\"article:modified_time\" content=\"2026-03-17T14:32:44+00:00\" \/>\n<meta name=\"twitter:card\" content=\"summary_large_image\" \/>\n<meta name=\"twitter:label1\" content=\"Szacowany czas czytania\" \/>\n\t<meta name=\"twitter:data1\" content=\"1 minuta\" \/>\n<script type=\"application\/ld+json\" class=\"yoast-schema-graph\">{\"@context\":\"https:\/\/schema.org\",\"@graph\":[{\"@type\":\"WebPage\",\"@id\":\"https:\/\/octoplant.com\/pl\/octoplant\/\",\"url\":\"https:\/\/octoplant.com\/pl\/octoplant\/\",\"name\":\"Odporno\u015b\u0107 produkcji na zak\u0142\u00f3cenia | Octoplant\",\"isPartOf\":{\"@id\":\"https:\/\/octoplant.com\/pl\/#website\"},\"datePublished\":\"2025-06-18T15:24:46+00:00\",\"dateModified\":\"2026-03-17T14:32:44+00:00\",\"description\":\"Zabezpiecz, uporz\u0105dkuj i chro\u0144 swoje zasoby produkcyjne dzi\u0119ki Octoplant. Standard bran\u017cowy w zakresie kontroli wersji, sp\u00f3jno\u015bci danych i szybkiego odzyskiwania.\",\"breadcrumb\":{\"@id\":\"https:\/\/octoplant.com\/pl\/octoplant\/#breadcrumb\"},\"inLanguage\":\"pl-PL\",\"potentialAction\":[{\"@type\":\"ReadAction\",\"target\":[\"https:\/\/octoplant.com\/pl\/octoplant\/\"]}]},{\"@type\":\"BreadcrumbList\",\"@id\":\"https:\/\/octoplant.com\/pl\/octoplant\/#breadcrumb\",\"itemListElement\":[{\"@type\":\"ListItem\",\"position\":1,\"name\":\"Home\",\"item\":\"https:\/\/octoplant.com\/pl\/octoplant-2\/\"},{\"@type\":\"ListItem\",\"position\":2,\"name\":\"Octoplant\"}]},{\"@type\":\"WebSite\",\"@id\":\"https:\/\/octoplant.com\/pl\/#website\",\"url\":\"https:\/\/octoplant.com\/pl\/\",\"name\":\"Octoplant\",\"description\":\"\",\"potentialAction\":[{\"@type\":\"SearchAction\",\"target\":{\"@type\":\"EntryPoint\",\"urlTemplate\":\"https:\/\/octoplant.com\/pl\/?s={search_term_string}\"},\"query-input\":{\"@type\":\"PropertyValueSpecification\",\"valueRequired\":true,\"valueName\":\"search_term_string\"}}],\"inLanguage\":\"pl-PL\"}]}<\/script>\n<!-- \/ Yoast SEO plugin. -->","yoast_head_json":{"title":"Odporno\u015b\u0107 produkcji na zak\u0142\u00f3cenia | Octoplant","description":"Zabezpiecz, uporz\u0105dkuj i chro\u0144 swoje zasoby produkcyjne dzi\u0119ki Octoplant. Standard bran\u017cowy w zakresie kontroli wersji, sp\u00f3jno\u015bci danych i szybkiego odzyskiwania.","robots":{"index":"index","follow":"follow","max-snippet":"max-snippet:-1","max-image-preview":"max-image-preview:large","max-video-preview":"max-video-preview:-1"},"canonical":"https:\/\/octoplant.com\/pl\/octoplant\/","og_locale":"pl_PL","og_type":"article","og_title":"Odporno\u015b\u0107 produkcji na zak\u0142\u00f3cenia | Octoplant","og_description":"Zabezpiecz, uporz\u0105dkuj i chro\u0144 swoje zasoby produkcyjne dzi\u0119ki Octoplant. Standard bran\u017cowy w zakresie kontroli wersji, sp\u00f3jno\u015bci danych i szybkiego odzyskiwania.","og_url":"https:\/\/octoplant.com\/pl\/octoplant\/","og_site_name":"Octoplant","article_modified_time":"2026-03-17T14:32:44+00:00","twitter_card":"summary_large_image","twitter_misc":{"Szacowany czas czytania":"1 minuta"},"schema":{"@context":"https:\/\/schema.org","@graph":[{"@type":"WebPage","@id":"https:\/\/octoplant.com\/pl\/octoplant\/","url":"https:\/\/octoplant.com\/pl\/octoplant\/","name":"Odporno\u015b\u0107 produkcji na zak\u0142\u00f3cenia | Octoplant","isPartOf":{"@id":"https:\/\/octoplant.com\/pl\/#website"},"datePublished":"2025-06-18T15:24:46+00:00","dateModified":"2026-03-17T14:32:44+00:00","description":"Zabezpiecz, uporz\u0105dkuj i chro\u0144 swoje zasoby produkcyjne dzi\u0119ki Octoplant. Standard bran\u017cowy w zakresie kontroli wersji, sp\u00f3jno\u015bci danych i szybkiego odzyskiwania.","breadcrumb":{"@id":"https:\/\/octoplant.com\/pl\/octoplant\/#breadcrumb"},"inLanguage":"pl-PL","potentialAction":[{"@type":"ReadAction","target":["https:\/\/octoplant.com\/pl\/octoplant\/"]}]},{"@type":"BreadcrumbList","@id":"https:\/\/octoplant.com\/pl\/octoplant\/#breadcrumb","itemListElement":[{"@type":"ListItem","position":1,"name":"Home","item":"https:\/\/octoplant.com\/pl\/octoplant-2\/"},{"@type":"ListItem","position":2,"name":"Octoplant"}]},{"@type":"WebSite","@id":"https:\/\/octoplant.com\/pl\/#website","url":"https:\/\/octoplant.com\/pl\/","name":"Octoplant","description":"","potentialAction":[{"@type":"SearchAction","target":{"@type":"EntryPoint","urlTemplate":"https:\/\/octoplant.com\/pl\/?s={search_term_string}"},"query-input":{"@type":"PropertyValueSpecification","valueRequired":true,"valueName":"search_term_string"}}],"inLanguage":"pl-PL"}]}},"_links":{"self":[{"href":"https:\/\/octoplant.com\/pl\/wp-json\/wp\/v2\/pages\/4135","targetHints":{"allow":["GET"]}}],"collection":[{"href":"https:\/\/octoplant.com\/pl\/wp-json\/wp\/v2\/pages"}],"about":[{"href":"https:\/\/octoplant.com\/pl\/wp-json\/wp\/v2\/types\/page"}],"author":[{"embeddable":true,"href":"https:\/\/octoplant.com\/pl\/wp-json\/wp\/v2\/users\/1"}],"replies":[{"embeddable":true,"href":"https:\/\/octoplant.com\/pl\/wp-json\/wp\/v2\/comments?post=4135"}],"version-history":[{"count":1,"href":"https:\/\/octoplant.com\/pl\/wp-json\/wp\/v2\/pages\/4135\/revisions"}],"predecessor-version":[{"id":4136,"href":"https:\/\/octoplant.com\/pl\/wp-json\/wp\/v2\/pages\/4135\/revisions\/4136"}],"wp:attachment":[{"href":"https:\/\/octoplant.com\/pl\/wp-json\/wp\/v2\/media?parent=4135"}],"curies":[{"name":"wp","href":"https:\/\/api.w.org\/{rel}","templated":true}]}}