{"id":4090,"date":"2025-11-20T17:16:11","date_gmt":"2025-11-20T17:16:11","guid":{"rendered":"https:\/\/octoplant.com\/bezpieczenstwo-ot-w-przemysle-szybko-sie-zmienia\/"},"modified":"2026-03-17T03:12:33","modified_gmt":"2026-03-17T03:12:33","slug":"bezpieczenstwo-ot-w-przemysle-szybko-sie-zmienia","status":"publish","type":"page","link":"https:\/\/octoplant.com\/pl\/bezpieczenstwo-ot-w-przemysle-szybko-sie-zmienia\/","title":{"rendered":"Bezpiecze\u0144stwo OT w przemy\u015ble szybko si\u0119 zmienia"},"content":{"rendered":"\n<p>Producenci modernizuj\u0105 swoje zak\u0142ady, \u0142\u0105cz\u0105 coraz wi\u0119cej system\u00f3w i polegaj\u0105 na automatyzacji, aby utrzyma\u0107 ci\u0105g\u0142o\u015b\u0107 produkcji. Jednocze\u015bnie \u015brodowiska OT staj\u0105 si\u0119 trudniejsze do kontrolowania, trudniejsze do zabezpieczenia i bardziej podatne na zak\u0142\u00f3cenia. <\/p>\n\n<p>Nasze najnowsze globalne raporty dotycz\u0105ce bezpiecze\u0144stwa OT pokazuj\u0105 ten sam schemat we wszystkich regionach.<br\/>Organizacje s\u0105 pewne siebie. Zespo\u0142y operacyjne dostrzegaj\u0105 p\u0119kni\u0119cia.<br\/>A luka mi\u0119dzy nimi to miejsce, w kt\u00f3rym ro\u015bnie ryzyko.   <\/p>\n","protected":false},"excerpt":{"rendered":"<p>Producenci modernizuj\u0105 swoje zak\u0142ady, \u0142\u0105cz\u0105 coraz wi\u0119cej system\u00f3w i polegaj\u0105 na automatyzacji, aby utrzyma\u0107 ci\u0105g\u0142o\u015b\u0107 produkcji. Jednocze\u015bnie \u015brodowiska OT staj\u0105 si\u0119 trudniejsze do kontrolowania, trudniejsze do zabezpieczenia i bardziej podatne na zak\u0142\u00f3cenia. Nasze najnowsze globalne raporty dotycz\u0105ce bezpiecze\u0144stwa OT pokazuj\u0105 ten sam schemat we wszystkich regionach.Organizacje s\u0105 pewne siebie. Zespo\u0142y operacyjne dostrzegaj\u0105 p\u0119kni\u0119cia.A luka mi\u0119dzy<a href=\"https:\/\/octoplant.com\/pl\/bezpieczenstwo-ot-w-przemysle-szybko-sie-zmienia\/\">Czytaj dalej <span class=\"sr-only\">&#8222;Bezpiecze\u0144stwo OT w przemy\u015ble szybko si\u0119 zmienia&#8221;<\/span><\/a><\/p>\n","protected":false},"author":1,"featured_media":0,"parent":0,"menu_order":0,"comment_status":"closed","ping_status":"closed","template":"page-iots.php","meta":{"_acf_changed":false,"footnotes":""},"class_list":["post-4090","page","type-page","status-publish","hentry"],"acf":[],"yoast_head":"<!-- This site is optimized with the Yoast SEO plugin v27.4 - https:\/\/yoast.com\/product\/yoast-seo-wordpress\/ -->\n<title>Bezpiecze\u0144stwo OT w przemy\u015ble szybko si\u0119 zmienia - Octoplant<\/title>\n<meta name=\"robots\" content=\"index, follow, max-snippet:-1, max-image-preview:large, max-video-preview:-1\" \/>\n<link rel=\"canonical\" href=\"https:\/\/octoplant.com\/pl\/bezpieczenstwo-ot-w-przemysle-szybko-sie-zmienia\/\" \/>\n<meta property=\"og:locale\" content=\"pl_PL\" \/>\n<meta property=\"og:type\" content=\"article\" \/>\n<meta property=\"og:title\" content=\"Bezpiecze\u0144stwo OT w przemy\u015ble szybko si\u0119 zmienia - Octoplant\" \/>\n<meta property=\"og:description\" content=\"Producenci modernizuj\u0105 swoje zak\u0142ady, \u0142\u0105cz\u0105 coraz wi\u0119cej system\u00f3w i polegaj\u0105 na automatyzacji, aby utrzyma\u0107 ci\u0105g\u0142o\u015b\u0107 produkcji. Jednocze\u015bnie \u015brodowiska OT staj\u0105 si\u0119 trudniejsze do kontrolowania, trudniejsze do zabezpieczenia i bardziej podatne na zak\u0142\u00f3cenia. Nasze najnowsze globalne raporty dotycz\u0105ce bezpiecze\u0144stwa OT pokazuj\u0105 ten sam schemat we wszystkich regionach.Organizacje s\u0105 pewne siebie. Zespo\u0142y operacyjne dostrzegaj\u0105 p\u0119kni\u0119cia.A luka mi\u0119dzyCzytaj dalej &quot;Bezpiecze\u0144stwo OT w przemy\u015ble szybko si\u0119 zmienia&quot;\" \/>\n<meta property=\"og:url\" content=\"https:\/\/octoplant.com\/pl\/bezpieczenstwo-ot-w-przemysle-szybko-sie-zmienia\/\" \/>\n<meta property=\"og:site_name\" content=\"Octoplant\" \/>\n<meta property=\"article:modified_time\" content=\"2026-03-17T03:12:33+00:00\" \/>\n<meta name=\"twitter:card\" content=\"summary_large_image\" \/>\n<script type=\"application\/ld+json\" class=\"yoast-schema-graph\">{\"@context\":\"https:\\\/\\\/schema.org\",\"@graph\":[{\"@type\":\"WebPage\",\"@id\":\"https:\\\/\\\/octoplant.com\\\/pl\\\/bezpieczenstwo-ot-w-przemysle-szybko-sie-zmienia\\\/\",\"url\":\"https:\\\/\\\/octoplant.com\\\/pl\\\/bezpieczenstwo-ot-w-przemysle-szybko-sie-zmienia\\\/\",\"name\":\"Bezpiecze\u0144stwo OT w przemy\u015ble szybko si\u0119 zmienia - Octoplant\",\"isPartOf\":{\"@id\":\"https:\\\/\\\/octoplant.com\\\/pl\\\/#website\"},\"datePublished\":\"2025-11-20T17:16:11+00:00\",\"dateModified\":\"2026-03-17T03:12:33+00:00\",\"breadcrumb\":{\"@id\":\"https:\\\/\\\/octoplant.com\\\/pl\\\/bezpieczenstwo-ot-w-przemysle-szybko-sie-zmienia\\\/#breadcrumb\"},\"inLanguage\":\"pl-PL\",\"potentialAction\":[{\"@type\":\"ReadAction\",\"target\":[\"https:\\\/\\\/octoplant.com\\\/pl\\\/bezpieczenstwo-ot-w-przemysle-szybko-sie-zmienia\\\/\"]}]},{\"@type\":\"BreadcrumbList\",\"@id\":\"https:\\\/\\\/octoplant.com\\\/pl\\\/bezpieczenstwo-ot-w-przemysle-szybko-sie-zmienia\\\/#breadcrumb\",\"itemListElement\":[{\"@type\":\"ListItem\",\"position\":1,\"name\":\"Home\",\"item\":\"https:\\\/\\\/octoplant.com\\\/pl\\\/octoplant-2\\\/\"},{\"@type\":\"ListItem\",\"position\":2,\"name\":\"Bezpiecze\u0144stwo OT w przemy\u015ble szybko si\u0119 zmienia\"}]},{\"@type\":\"WebSite\",\"@id\":\"https:\\\/\\\/octoplant.com\\\/pl\\\/#website\",\"url\":\"https:\\\/\\\/octoplant.com\\\/pl\\\/\",\"name\":\"Octoplant\",\"description\":\"\",\"potentialAction\":[{\"@type\":\"SearchAction\",\"target\":{\"@type\":\"EntryPoint\",\"urlTemplate\":\"https:\\\/\\\/octoplant.com\\\/pl\\\/?s={search_term_string}\"},\"query-input\":{\"@type\":\"PropertyValueSpecification\",\"valueRequired\":true,\"valueName\":\"search_term_string\"}}],\"inLanguage\":\"pl-PL\"}]}<\/script>\n<!-- \/ Yoast SEO plugin. -->","yoast_head_json":{"title":"Bezpiecze\u0144stwo OT w przemy\u015ble szybko si\u0119 zmienia - Octoplant","robots":{"index":"index","follow":"follow","max-snippet":"max-snippet:-1","max-image-preview":"max-image-preview:large","max-video-preview":"max-video-preview:-1"},"canonical":"https:\/\/octoplant.com\/pl\/bezpieczenstwo-ot-w-przemysle-szybko-sie-zmienia\/","og_locale":"pl_PL","og_type":"article","og_title":"Bezpiecze\u0144stwo OT w przemy\u015ble szybko si\u0119 zmienia - Octoplant","og_description":"Producenci modernizuj\u0105 swoje zak\u0142ady, \u0142\u0105cz\u0105 coraz wi\u0119cej system\u00f3w i polegaj\u0105 na automatyzacji, aby utrzyma\u0107 ci\u0105g\u0142o\u015b\u0107 produkcji. Jednocze\u015bnie \u015brodowiska OT staj\u0105 si\u0119 trudniejsze do kontrolowania, trudniejsze do zabezpieczenia i bardziej podatne na zak\u0142\u00f3cenia. Nasze najnowsze globalne raporty dotycz\u0105ce bezpiecze\u0144stwa OT pokazuj\u0105 ten sam schemat we wszystkich regionach.Organizacje s\u0105 pewne siebie. Zespo\u0142y operacyjne dostrzegaj\u0105 p\u0119kni\u0119cia.A luka mi\u0119dzyCzytaj dalej \"Bezpiecze\u0144stwo OT w przemy\u015ble szybko si\u0119 zmienia\"","og_url":"https:\/\/octoplant.com\/pl\/bezpieczenstwo-ot-w-przemysle-szybko-sie-zmienia\/","og_site_name":"Octoplant","article_modified_time":"2026-03-17T03:12:33+00:00","twitter_card":"summary_large_image","schema":{"@context":"https:\/\/schema.org","@graph":[{"@type":"WebPage","@id":"https:\/\/octoplant.com\/pl\/bezpieczenstwo-ot-w-przemysle-szybko-sie-zmienia\/","url":"https:\/\/octoplant.com\/pl\/bezpieczenstwo-ot-w-przemysle-szybko-sie-zmienia\/","name":"Bezpiecze\u0144stwo OT w przemy\u015ble szybko si\u0119 zmienia - Octoplant","isPartOf":{"@id":"https:\/\/octoplant.com\/pl\/#website"},"datePublished":"2025-11-20T17:16:11+00:00","dateModified":"2026-03-17T03:12:33+00:00","breadcrumb":{"@id":"https:\/\/octoplant.com\/pl\/bezpieczenstwo-ot-w-przemysle-szybko-sie-zmienia\/#breadcrumb"},"inLanguage":"pl-PL","potentialAction":[{"@type":"ReadAction","target":["https:\/\/octoplant.com\/pl\/bezpieczenstwo-ot-w-przemysle-szybko-sie-zmienia\/"]}]},{"@type":"BreadcrumbList","@id":"https:\/\/octoplant.com\/pl\/bezpieczenstwo-ot-w-przemysle-szybko-sie-zmienia\/#breadcrumb","itemListElement":[{"@type":"ListItem","position":1,"name":"Home","item":"https:\/\/octoplant.com\/pl\/octoplant-2\/"},{"@type":"ListItem","position":2,"name":"Bezpiecze\u0144stwo OT w przemy\u015ble szybko si\u0119 zmienia"}]},{"@type":"WebSite","@id":"https:\/\/octoplant.com\/pl\/#website","url":"https:\/\/octoplant.com\/pl\/","name":"Octoplant","description":"","potentialAction":[{"@type":"SearchAction","target":{"@type":"EntryPoint","urlTemplate":"https:\/\/octoplant.com\/pl\/?s={search_term_string}"},"query-input":{"@type":"PropertyValueSpecification","valueRequired":true,"valueName":"search_term_string"}}],"inLanguage":"pl-PL"}]}},"_links":{"self":[{"href":"https:\/\/octoplant.com\/pl\/wp-json\/wp\/v2\/pages\/4090","targetHints":{"allow":["GET"]}}],"collection":[{"href":"https:\/\/octoplant.com\/pl\/wp-json\/wp\/v2\/pages"}],"about":[{"href":"https:\/\/octoplant.com\/pl\/wp-json\/wp\/v2\/types\/page"}],"author":[{"embeddable":true,"href":"https:\/\/octoplant.com\/pl\/wp-json\/wp\/v2\/users\/1"}],"replies":[{"embeddable":true,"href":"https:\/\/octoplant.com\/pl\/wp-json\/wp\/v2\/comments?post=4090"}],"version-history":[{"count":1,"href":"https:\/\/octoplant.com\/pl\/wp-json\/wp\/v2\/pages\/4090\/revisions"}],"predecessor-version":[{"id":4091,"href":"https:\/\/octoplant.com\/pl\/wp-json\/wp\/v2\/pages\/4090\/revisions\/4091"}],"wp:attachment":[{"href":"https:\/\/octoplant.com\/pl\/wp-json\/wp\/v2\/media?parent=4090"}],"curies":[{"name":"wp","href":"https:\/\/api.w.org\/{rel}","templated":true}]}}