{"id":4071,"date":"2025-10-02T20:30:12","date_gmt":"2025-10-02T20:30:12","guid":{"rendered":"https:\/\/octoplant.com\/premiera-octovision\/"},"modified":"2026-03-15T10:32:20","modified_gmt":"2026-03-15T10:32:20","slug":"premiera-octovision","status":"publish","type":"page","link":"https:\/\/octoplant.com\/pl\/premiera-octovision\/","title":{"rendered":"Premiera Octovision"},"content":{"rendered":"\n<p>Octovision to centralny hub dla informacji ze shopfloor, kt\u00f3ry \u0142\u0105czy kluczowe dane w jednym intuicyjnym interfejsie. Zbudowany na nowoczesnej i skalowalnej architekturze, dzia\u0142a p\u0142ynnie zar\u00f3wno w \u015brodowiskach on-premise, jak i w chmurze, integruj\u0105c si\u0119 bezproblemowo z ka\u017cdym \u015brodowiskiem IT\/OT. <\/p>\n\n<p>Zaprojektowany z my\u015bl\u0105 o potrzebach przedsi\u0119biorstw, Octovision dostarcza gotowe raporty dotycz\u0105ce kluczowych wska\u017anik\u00f3w, zapewniaj\u0105c przejrzyst\u0105 widoczno\u015b\u0107 komponent\u00f3w, post\u0119pu zada\u0144, inwentarza zasob\u00f3w oraz znanych podatno\u015bci (CVE).<\/p>\n\n<p>Dowiedz si\u0119 wi\u0119cej o Octovision w naszych filmach z premiery.<\/p>\n\n<p><\/p>\n","protected":false},"excerpt":{"rendered":"<p>Octovision to centralny hub dla informacji ze shopfloor, kt\u00f3ry \u0142\u0105czy kluczowe dane w jednym intuicyjnym interfejsie. Zbudowany na nowoczesnej i skalowalnej architekturze, dzia\u0142a p\u0142ynnie zar\u00f3wno w \u015brodowiskach on-premise, jak i w chmurze, integruj\u0105c si\u0119 bezproblemowo z ka\u017cdym \u015brodowiskiem IT\/OT. Zaprojektowany z my\u015bl\u0105 o potrzebach przedsi\u0119biorstw, Octovision dostarcza gotowe raporty dotycz\u0105ce kluczowych wska\u017anik\u00f3w, zapewniaj\u0105c przejrzyst\u0105 widoczno\u015b\u0107<a href=\"https:\/\/octoplant.com\/pl\/premiera-octovision\/\">Czytaj dalej <span class=\"sr-only\">&#8222;Premiera Octovision&#8221;<\/span><\/a><\/p>\n","protected":false},"author":1,"featured_media":0,"parent":0,"menu_order":0,"comment_status":"closed","ping_status":"closed","template":"page-show.php","meta":{"_acf_changed":false,"footnotes":""},"class_list":["post-4071","page","type-page","status-publish","hentry"],"acf":[],"yoast_head":"<!-- This site is optimized with the Yoast SEO plugin v27.4 - https:\/\/yoast.com\/product\/yoast-seo-wordpress\/ -->\n<title>Premiera Octovision - Octoplant<\/title>\n<meta name=\"robots\" content=\"index, follow, max-snippet:-1, max-image-preview:large, max-video-preview:-1\" \/>\n<link rel=\"canonical\" href=\"https:\/\/octoplant.com\/pl\/premiera-octovision\/\" \/>\n<meta property=\"og:locale\" content=\"pl_PL\" \/>\n<meta property=\"og:type\" content=\"article\" \/>\n<meta property=\"og:title\" content=\"Premiera Octovision - Octoplant\" \/>\n<meta property=\"og:description\" content=\"Octovision to centralny hub dla informacji ze shopfloor, kt\u00f3ry \u0142\u0105czy kluczowe dane w jednym intuicyjnym interfejsie. Zbudowany na nowoczesnej i skalowalnej architekturze, dzia\u0142a p\u0142ynnie zar\u00f3wno w \u015brodowiskach on-premise, jak i w chmurze, integruj\u0105c si\u0119 bezproblemowo z ka\u017cdym \u015brodowiskiem IT\/OT. Zaprojektowany z my\u015bl\u0105 o potrzebach przedsi\u0119biorstw, Octovision dostarcza gotowe raporty dotycz\u0105ce kluczowych wska\u017anik\u00f3w, zapewniaj\u0105c przejrzyst\u0105 widoczno\u015b\u0107Czytaj dalej &quot;Premiera Octovision&quot;\" \/>\n<meta property=\"og:url\" content=\"https:\/\/octoplant.com\/pl\/premiera-octovision\/\" \/>\n<meta property=\"og:site_name\" content=\"Octoplant\" \/>\n<meta property=\"article:modified_time\" content=\"2026-03-15T10:32:20+00:00\" \/>\n<meta property=\"og:image\" content=\"https:\/\/octoplant.com\/wp-content\/uploads\/2025\/10\/og-image-1-1024x538.jpg\" \/>\n<meta name=\"twitter:card\" content=\"summary_large_image\" \/>\n<script type=\"application\/ld+json\" class=\"yoast-schema-graph\">{\"@context\":\"https:\\\/\\\/schema.org\",\"@graph\":[{\"@type\":\"WebPage\",\"@id\":\"https:\\\/\\\/octoplant.com\\\/pl\\\/premiera-octovision\\\/\",\"url\":\"https:\\\/\\\/octoplant.com\\\/pl\\\/premiera-octovision\\\/\",\"name\":\"Premiera Octovision - Octoplant\",\"isPartOf\":{\"@id\":\"https:\\\/\\\/octoplant.com\\\/pl\\\/#website\"},\"datePublished\":\"2025-10-02T20:30:12+00:00\",\"dateModified\":\"2026-03-15T10:32:20+00:00\",\"breadcrumb\":{\"@id\":\"https:\\\/\\\/octoplant.com\\\/pl\\\/premiera-octovision\\\/#breadcrumb\"},\"inLanguage\":\"pl-PL\",\"potentialAction\":[{\"@type\":\"ReadAction\",\"target\":[\"https:\\\/\\\/octoplant.com\\\/pl\\\/premiera-octovision\\\/\"]}]},{\"@type\":\"BreadcrumbList\",\"@id\":\"https:\\\/\\\/octoplant.com\\\/pl\\\/premiera-octovision\\\/#breadcrumb\",\"itemListElement\":[{\"@type\":\"ListItem\",\"position\":1,\"name\":\"Home\",\"item\":\"https:\\\/\\\/octoplant.com\\\/pl\\\/octoplant-2\\\/\"},{\"@type\":\"ListItem\",\"position\":2,\"name\":\"Premiera Octovision\"}]},{\"@type\":\"WebSite\",\"@id\":\"https:\\\/\\\/octoplant.com\\\/pl\\\/#website\",\"url\":\"https:\\\/\\\/octoplant.com\\\/pl\\\/\",\"name\":\"Octoplant\",\"description\":\"\",\"potentialAction\":[{\"@type\":\"SearchAction\",\"target\":{\"@type\":\"EntryPoint\",\"urlTemplate\":\"https:\\\/\\\/octoplant.com\\\/pl\\\/?s={search_term_string}\"},\"query-input\":{\"@type\":\"PropertyValueSpecification\",\"valueRequired\":true,\"valueName\":\"search_term_string\"}}],\"inLanguage\":\"pl-PL\"}]}<\/script>\n<!-- \/ Yoast SEO plugin. -->","yoast_head_json":{"title":"Premiera Octovision - Octoplant","robots":{"index":"index","follow":"follow","max-snippet":"max-snippet:-1","max-image-preview":"max-image-preview:large","max-video-preview":"max-video-preview:-1"},"canonical":"https:\/\/octoplant.com\/pl\/premiera-octovision\/","og_locale":"pl_PL","og_type":"article","og_title":"Premiera Octovision - Octoplant","og_description":"Octovision to centralny hub dla informacji ze shopfloor, kt\u00f3ry \u0142\u0105czy kluczowe dane w jednym intuicyjnym interfejsie. Zbudowany na nowoczesnej i skalowalnej architekturze, dzia\u0142a p\u0142ynnie zar\u00f3wno w \u015brodowiskach on-premise, jak i w chmurze, integruj\u0105c si\u0119 bezproblemowo z ka\u017cdym \u015brodowiskiem IT\/OT. Zaprojektowany z my\u015bl\u0105 o potrzebach przedsi\u0119biorstw, Octovision dostarcza gotowe raporty dotycz\u0105ce kluczowych wska\u017anik\u00f3w, zapewniaj\u0105c przejrzyst\u0105 widoczno\u015b\u0107Czytaj dalej \"Premiera Octovision\"","og_url":"https:\/\/octoplant.com\/pl\/premiera-octovision\/","og_site_name":"Octoplant","article_modified_time":"2026-03-15T10:32:20+00:00","og_image":[{"url":"https:\/\/octoplant.com\/wp-content\/uploads\/2025\/10\/og-image-1-1024x538.jpg","type":"","width":"","height":""}],"twitter_card":"summary_large_image","schema":{"@context":"https:\/\/schema.org","@graph":[{"@type":"WebPage","@id":"https:\/\/octoplant.com\/pl\/premiera-octovision\/","url":"https:\/\/octoplant.com\/pl\/premiera-octovision\/","name":"Premiera Octovision - Octoplant","isPartOf":{"@id":"https:\/\/octoplant.com\/pl\/#website"},"datePublished":"2025-10-02T20:30:12+00:00","dateModified":"2026-03-15T10:32:20+00:00","breadcrumb":{"@id":"https:\/\/octoplant.com\/pl\/premiera-octovision\/#breadcrumb"},"inLanguage":"pl-PL","potentialAction":[{"@type":"ReadAction","target":["https:\/\/octoplant.com\/pl\/premiera-octovision\/"]}]},{"@type":"BreadcrumbList","@id":"https:\/\/octoplant.com\/pl\/premiera-octovision\/#breadcrumb","itemListElement":[{"@type":"ListItem","position":1,"name":"Home","item":"https:\/\/octoplant.com\/pl\/octoplant-2\/"},{"@type":"ListItem","position":2,"name":"Premiera Octovision"}]},{"@type":"WebSite","@id":"https:\/\/octoplant.com\/pl\/#website","url":"https:\/\/octoplant.com\/pl\/","name":"Octoplant","description":"","potentialAction":[{"@type":"SearchAction","target":{"@type":"EntryPoint","urlTemplate":"https:\/\/octoplant.com\/pl\/?s={search_term_string}"},"query-input":{"@type":"PropertyValueSpecification","valueRequired":true,"valueName":"search_term_string"}}],"inLanguage":"pl-PL"}]}},"_links":{"self":[{"href":"https:\/\/octoplant.com\/pl\/wp-json\/wp\/v2\/pages\/4071","targetHints":{"allow":["GET"]}}],"collection":[{"href":"https:\/\/octoplant.com\/pl\/wp-json\/wp\/v2\/pages"}],"about":[{"href":"https:\/\/octoplant.com\/pl\/wp-json\/wp\/v2\/types\/page"}],"author":[{"embeddable":true,"href":"https:\/\/octoplant.com\/pl\/wp-json\/wp\/v2\/users\/1"}],"replies":[{"embeddable":true,"href":"https:\/\/octoplant.com\/pl\/wp-json\/wp\/v2\/comments?post=4071"}],"version-history":[{"count":1,"href":"https:\/\/octoplant.com\/pl\/wp-json\/wp\/v2\/pages\/4071\/revisions"}],"predecessor-version":[{"id":4072,"href":"https:\/\/octoplant.com\/pl\/wp-json\/wp\/v2\/pages\/4071\/revisions\/4072"}],"wp:attachment":[{"href":"https:\/\/octoplant.com\/pl\/wp-json\/wp\/v2\/media?parent=4071"}],"curies":[{"name":"wp","href":"https:\/\/api.w.org\/{rel}","templated":true}]}}