{"id":4052,"date":"2025-07-16T10:26:22","date_gmt":"2025-07-16T10:26:22","guid":{"rendered":"https:\/\/octoplant.com\/cennik\/"},"modified":"2026-03-15T09:18:47","modified_gmt":"2026-03-15T09:18:47","slug":"cennik","status":"publish","type":"page","link":"https:\/\/octoplant.com\/pl\/cennik\/","title":{"rendered":"Cennik"},"content":{"rendered":"\n<p>W AMDT wierzymy, \u017ce zaawansowana technologia powinna i\u015b\u0107 w parze z modelem cenowym, kt\u00f3ry jest \u0142atwy do zrozumienia, uczciwy i gotowy rozwija\u0107 si\u0119 razem z Tob\u0105. Dlatego zaprojektowali\u015bmy spos\u00f3b licencjonowania Octoplant tak, aby\u015b m\u00f3g\u0142 skupi\u0107 si\u0119 na budowaniu odpornych operacji, a nie na rozszyfrowywaniu poziom\u00f3w cenowych. <\/p>\n","protected":false},"excerpt":{"rendered":"<p>W AMDT wierzymy, \u017ce zaawansowana technologia powinna i\u015b\u0107 w parze z modelem cenowym, kt\u00f3ry jest \u0142atwy do zrozumienia, uczciwy i gotowy rozwija\u0107 si\u0119 razem z Tob\u0105. Dlatego zaprojektowali\u015bmy spos\u00f3b licencjonowania Octoplant tak, aby\u015b m\u00f3g\u0142 skupi\u0107 si\u0119 na budowaniu odpornych operacji, a nie na rozszyfrowywaniu poziom\u00f3w cenowych.<\/p>\n","protected":false},"author":1,"featured_media":0,"parent":0,"menu_order":0,"comment_status":"closed","ping_status":"closed","template":"page-pricing.php","meta":{"_acf_changed":false,"footnotes":""},"class_list":["post-4052","page","type-page","status-publish","hentry"],"acf":[],"yoast_head":"<!-- This site is optimized with the Yoast SEO plugin v27.2 - https:\/\/yoast.com\/product\/yoast-seo-wordpress\/ -->\n<title>Cennik | Octoplant<\/title>\n<meta name=\"description\" content=\"Jedna licencja, niesko\u0144czone mo\u017cliwo\u015bci. Skalowalny model cenowy z opcj\u0105 p\u0142atno\u015bci za urz\u0105dzenie, \u0142atwe aktualizacje wraz z rozwojem firmy oraz nieograniczone przechowywanie dokument\u00f3w.\" \/>\n<meta name=\"robots\" content=\"index, follow, max-snippet:-1, max-image-preview:large, max-video-preview:-1\" \/>\n<link rel=\"canonical\" href=\"https:\/\/octoplant.com\/pl\/cennik\/\" \/>\n<meta property=\"og:locale\" content=\"pl_PL\" \/>\n<meta property=\"og:type\" content=\"article\" \/>\n<meta property=\"og:title\" content=\"Cennik | Octoplant\" \/>\n<meta property=\"og:description\" content=\"Jedna licencja, niesko\u0144czone mo\u017cliwo\u015bci. Skalowalny model cenowy z opcj\u0105 p\u0142atno\u015bci za urz\u0105dzenie, \u0142atwe aktualizacje wraz z rozwojem firmy oraz nieograniczone przechowywanie dokument\u00f3w.\" \/>\n<meta property=\"og:url\" content=\"https:\/\/octoplant.com\/pl\/cennik\/\" \/>\n<meta property=\"og:site_name\" content=\"Octoplant\" \/>\n<meta property=\"article:modified_time\" content=\"2026-03-15T09:18:47+00:00\" \/>\n<meta name=\"twitter:card\" content=\"summary_large_image\" \/>\n<script type=\"application\/ld+json\" class=\"yoast-schema-graph\">{\"@context\":\"https:\/\/schema.org\",\"@graph\":[{\"@type\":\"WebPage\",\"@id\":\"https:\/\/octoplant.com\/pl\/cennik\/\",\"url\":\"https:\/\/octoplant.com\/pl\/cennik\/\",\"name\":\"Cennik | Octoplant\",\"isPartOf\":{\"@id\":\"https:\/\/octoplant.com\/pl\/#website\"},\"datePublished\":\"2025-07-16T10:26:22+00:00\",\"dateModified\":\"2026-03-15T09:18:47+00:00\",\"description\":\"Jedna licencja, niesko\u0144czone mo\u017cliwo\u015bci. Skalowalny model cenowy z opcj\u0105 p\u0142atno\u015bci za urz\u0105dzenie, \u0142atwe aktualizacje wraz z rozwojem firmy oraz nieograniczone przechowywanie dokument\u00f3w.\",\"breadcrumb\":{\"@id\":\"https:\/\/octoplant.com\/pl\/cennik\/#breadcrumb\"},\"inLanguage\":\"pl-PL\",\"potentialAction\":[{\"@type\":\"ReadAction\",\"target\":[\"https:\/\/octoplant.com\/pl\/cennik\/\"]}]},{\"@type\":\"BreadcrumbList\",\"@id\":\"https:\/\/octoplant.com\/pl\/cennik\/#breadcrumb\",\"itemListElement\":[{\"@type\":\"ListItem\",\"position\":1,\"name\":\"Home\",\"item\":\"https:\/\/octoplant.com\/pl\/octoplant-2\/\"},{\"@type\":\"ListItem\",\"position\":2,\"name\":\"Cennik\"}]},{\"@type\":\"WebSite\",\"@id\":\"https:\/\/octoplant.com\/pl\/#website\",\"url\":\"https:\/\/octoplant.com\/pl\/\",\"name\":\"Octoplant\",\"description\":\"\",\"potentialAction\":[{\"@type\":\"SearchAction\",\"target\":{\"@type\":\"EntryPoint\",\"urlTemplate\":\"https:\/\/octoplant.com\/pl\/?s={search_term_string}\"},\"query-input\":{\"@type\":\"PropertyValueSpecification\",\"valueRequired\":true,\"valueName\":\"search_term_string\"}}],\"inLanguage\":\"pl-PL\"}]}<\/script>\n<!-- \/ Yoast SEO plugin. -->","yoast_head_json":{"title":"Cennik | Octoplant","description":"Jedna licencja, niesko\u0144czone mo\u017cliwo\u015bci. Skalowalny model cenowy z opcj\u0105 p\u0142atno\u015bci za urz\u0105dzenie, \u0142atwe aktualizacje wraz z rozwojem firmy oraz nieograniczone przechowywanie dokument\u00f3w.","robots":{"index":"index","follow":"follow","max-snippet":"max-snippet:-1","max-image-preview":"max-image-preview:large","max-video-preview":"max-video-preview:-1"},"canonical":"https:\/\/octoplant.com\/pl\/cennik\/","og_locale":"pl_PL","og_type":"article","og_title":"Cennik | Octoplant","og_description":"Jedna licencja, niesko\u0144czone mo\u017cliwo\u015bci. Skalowalny model cenowy z opcj\u0105 p\u0142atno\u015bci za urz\u0105dzenie, \u0142atwe aktualizacje wraz z rozwojem firmy oraz nieograniczone przechowywanie dokument\u00f3w.","og_url":"https:\/\/octoplant.com\/pl\/cennik\/","og_site_name":"Octoplant","article_modified_time":"2026-03-15T09:18:47+00:00","twitter_card":"summary_large_image","schema":{"@context":"https:\/\/schema.org","@graph":[{"@type":"WebPage","@id":"https:\/\/octoplant.com\/pl\/cennik\/","url":"https:\/\/octoplant.com\/pl\/cennik\/","name":"Cennik | Octoplant","isPartOf":{"@id":"https:\/\/octoplant.com\/pl\/#website"},"datePublished":"2025-07-16T10:26:22+00:00","dateModified":"2026-03-15T09:18:47+00:00","description":"Jedna licencja, niesko\u0144czone mo\u017cliwo\u015bci. Skalowalny model cenowy z opcj\u0105 p\u0142atno\u015bci za urz\u0105dzenie, \u0142atwe aktualizacje wraz z rozwojem firmy oraz nieograniczone przechowywanie dokument\u00f3w.","breadcrumb":{"@id":"https:\/\/octoplant.com\/pl\/cennik\/#breadcrumb"},"inLanguage":"pl-PL","potentialAction":[{"@type":"ReadAction","target":["https:\/\/octoplant.com\/pl\/cennik\/"]}]},{"@type":"BreadcrumbList","@id":"https:\/\/octoplant.com\/pl\/cennik\/#breadcrumb","itemListElement":[{"@type":"ListItem","position":1,"name":"Home","item":"https:\/\/octoplant.com\/pl\/octoplant-2\/"},{"@type":"ListItem","position":2,"name":"Cennik"}]},{"@type":"WebSite","@id":"https:\/\/octoplant.com\/pl\/#website","url":"https:\/\/octoplant.com\/pl\/","name":"Octoplant","description":"","potentialAction":[{"@type":"SearchAction","target":{"@type":"EntryPoint","urlTemplate":"https:\/\/octoplant.com\/pl\/?s={search_term_string}"},"query-input":{"@type":"PropertyValueSpecification","valueRequired":true,"valueName":"search_term_string"}}],"inLanguage":"pl-PL"}]}},"_links":{"self":[{"href":"https:\/\/octoplant.com\/pl\/wp-json\/wp\/v2\/pages\/4052","targetHints":{"allow":["GET"]}}],"collection":[{"href":"https:\/\/octoplant.com\/pl\/wp-json\/wp\/v2\/pages"}],"about":[{"href":"https:\/\/octoplant.com\/pl\/wp-json\/wp\/v2\/types\/page"}],"author":[{"embeddable":true,"href":"https:\/\/octoplant.com\/pl\/wp-json\/wp\/v2\/users\/1"}],"replies":[{"embeddable":true,"href":"https:\/\/octoplant.com\/pl\/wp-json\/wp\/v2\/comments?post=4052"}],"version-history":[{"count":1,"href":"https:\/\/octoplant.com\/pl\/wp-json\/wp\/v2\/pages\/4052\/revisions"}],"predecessor-version":[{"id":4053,"href":"https:\/\/octoplant.com\/pl\/wp-json\/wp\/v2\/pages\/4052\/revisions\/4053"}],"wp:attachment":[{"href":"https:\/\/octoplant.com\/pl\/wp-json\/wp\/v2\/media?parent=4052"}],"curies":[{"name":"wp","href":"https:\/\/api.w.org\/{rel}","templated":true}]}}