{"id":4014,"date":"2025-06-11T10:46:13","date_gmt":"2025-06-11T10:46:13","guid":{"rendered":"https:\/\/octoplant.com\/gdzie-kupic\/"},"modified":"2026-04-13T23:03:55","modified_gmt":"2026-04-13T23:03:55","slug":"gdzie-kupic","status":"publish","type":"page","link":"https:\/\/octoplant.com\/pl\/gdzie-kupic\/","title":{"rendered":"GDZIE KUPI\u0106"},"content":{"rendered":"\n<p>Znajd\u017a oficjalnego dostawc\u0119 Octoplant i po\u0142\u0105cz si\u0119 z certyfikowanymi partnerami na ca\u0142ym \u015bwiecie. Dzi\u0119ki naszej globalnej sieci ponad 100 zaufanych partner\u00f3w w ka\u017cdym regionie zyskasz nie tylko lokalne wsparcie, ale tak\u017ce specjalistyczn\u0105 wiedz\u0119 w zakresie \u015brodowisk OT, IT i automatyki \u2014 od wdra\u017cania urz\u0105dze\u0144 po implementacj\u0119 i optymalizacj\u0119 bezpiecze\u0144stwa. <\/p>\n\n<p>Niezale\u017cnie od tego, czy modernizujesz sprz\u0119t, integrujesz nowych dostawc\u00f3w PLC, czy rozpoczynasz wdro\u017cenie w wielu lokalizacjach, nasz ekosystem partner\u00f3w zapewnia niezawodn\u0105 realizacj\u0119, profesjonalne skalowanie oraz d\u0142ugoterminowe wsparcie.<\/p>\n\n<p><\/p>\n","protected":false},"excerpt":{"rendered":"<p>Znajd\u017a oficjalnego dostawc\u0119 Octoplant i po\u0142\u0105cz si\u0119 z certyfikowanymi partnerami na ca\u0142ym \u015bwiecie. Dzi\u0119ki naszej globalnej sieci ponad 100 zaufanych partner\u00f3w w ka\u017cdym regionie zyskasz nie tylko lokalne wsparcie, ale tak\u017ce specjalistyczn\u0105 wiedz\u0119 w zakresie \u015brodowisk OT, IT i automatyki \u2014 od wdra\u017cania urz\u0105dze\u0144 po implementacj\u0119 i optymalizacj\u0119 bezpiecze\u0144stwa. Niezale\u017cnie od tego, czy modernizujesz sprz\u0119t,<a href=\"https:\/\/octoplant.com\/pl\/gdzie-kupic\/\">Czytaj dalej <span class=\"sr-only\">&#8222;GDZIE KUPI\u0106&#8221;<\/span><\/a><\/p>\n","protected":false},"author":1,"featured_media":0,"parent":0,"menu_order":0,"comment_status":"closed","ping_status":"closed","template":"page-partners.php","meta":{"_acf_changed":false,"footnotes":""},"class_list":["post-4014","page","type-page","status-publish","hentry"],"acf":[],"yoast_head":"<!-- This site is optimized with the Yoast SEO plugin v27.2 - https:\/\/yoast.com\/product\/yoast-seo-wordpress\/ -->\n<title>Gdzie kupi\u0107 - Globalna sie\u0107 partner\u00f3w | Octoplant<\/title>\n<meta name=\"description\" content=\"Wsp\u00f3\u0142pracuj globalnie, dzia\u0142aj lokalnie. Po\u0142\u0105cz si\u0119 z ponad 100 zaufanymi partnerami Octoplant, aby uzyska\u0107 lokaln\u0105 wiedz\u0119 eksperck\u0105, p\u0142ynne wdro\u017cenie i sta\u0142e wsparcie.\" \/>\n<meta name=\"robots\" content=\"index, follow, max-snippet:-1, max-image-preview:large, max-video-preview:-1\" \/>\n<link rel=\"canonical\" href=\"https:\/\/octoplant.com\/pl\/gdzie-kupic\/\" \/>\n<meta property=\"og:locale\" content=\"pl_PL\" \/>\n<meta property=\"og:type\" content=\"article\" \/>\n<meta property=\"og:title\" content=\"Gdzie kupi\u0107 - Globalna sie\u0107 partner\u00f3w | Octoplant\" \/>\n<meta property=\"og:description\" content=\"Wsp\u00f3\u0142pracuj globalnie, dzia\u0142aj lokalnie. Po\u0142\u0105cz si\u0119 z ponad 100 zaufanymi partnerami Octoplant, aby uzyska\u0107 lokaln\u0105 wiedz\u0119 eksperck\u0105, p\u0142ynne wdro\u017cenie i sta\u0142e wsparcie.\" \/>\n<meta property=\"og:url\" content=\"https:\/\/octoplant.com\/pl\/gdzie-kupic\/\" \/>\n<meta property=\"og:site_name\" content=\"Octoplant\" \/>\n<meta property=\"article:modified_time\" content=\"2026-04-13T23:03:55+00:00\" \/>\n<meta name=\"twitter:card\" content=\"summary_large_image\" \/>\n<script type=\"application\/ld+json\" class=\"yoast-schema-graph\">{\"@context\":\"https:\/\/schema.org\",\"@graph\":[{\"@type\":\"WebPage\",\"@id\":\"https:\/\/octoplant.com\/pl\/gdzie-kupic\/\",\"url\":\"https:\/\/octoplant.com\/pl\/gdzie-kupic\/\",\"name\":\"Gdzie kupi\u0107 - Globalna sie\u0107 partner\u00f3w | Octoplant\",\"isPartOf\":{\"@id\":\"https:\/\/octoplant.com\/pl\/#website\"},\"datePublished\":\"2025-06-11T10:46:13+00:00\",\"dateModified\":\"2026-04-13T23:03:55+00:00\",\"description\":\"Wsp\u00f3\u0142pracuj globalnie, dzia\u0142aj lokalnie. Po\u0142\u0105cz si\u0119 z ponad 100 zaufanymi partnerami Octoplant, aby uzyska\u0107 lokaln\u0105 wiedz\u0119 eksperck\u0105, p\u0142ynne wdro\u017cenie i sta\u0142e wsparcie.\",\"breadcrumb\":{\"@id\":\"https:\/\/octoplant.com\/pl\/gdzie-kupic\/#breadcrumb\"},\"inLanguage\":\"pl-PL\",\"potentialAction\":[{\"@type\":\"ReadAction\",\"target\":[\"https:\/\/octoplant.com\/pl\/gdzie-kupic\/\"]}]},{\"@type\":\"BreadcrumbList\",\"@id\":\"https:\/\/octoplant.com\/pl\/gdzie-kupic\/#breadcrumb\",\"itemListElement\":[{\"@type\":\"ListItem\",\"position\":1,\"name\":\"Home\",\"item\":\"https:\/\/octoplant.com\/pl\/octoplant-2\/\"},{\"@type\":\"ListItem\",\"position\":2,\"name\":\"GDZIE KUPI\u0106\"}]},{\"@type\":\"WebSite\",\"@id\":\"https:\/\/octoplant.com\/pl\/#website\",\"url\":\"https:\/\/octoplant.com\/pl\/\",\"name\":\"Octoplant\",\"description\":\"\",\"potentialAction\":[{\"@type\":\"SearchAction\",\"target\":{\"@type\":\"EntryPoint\",\"urlTemplate\":\"https:\/\/octoplant.com\/pl\/?s={search_term_string}\"},\"query-input\":{\"@type\":\"PropertyValueSpecification\",\"valueRequired\":true,\"valueName\":\"search_term_string\"}}],\"inLanguage\":\"pl-PL\"}]}<\/script>\n<!-- \/ Yoast SEO plugin. -->","yoast_head_json":{"title":"Gdzie kupi\u0107 - Globalna sie\u0107 partner\u00f3w | Octoplant","description":"Wsp\u00f3\u0142pracuj globalnie, dzia\u0142aj lokalnie. Po\u0142\u0105cz si\u0119 z ponad 100 zaufanymi partnerami Octoplant, aby uzyska\u0107 lokaln\u0105 wiedz\u0119 eksperck\u0105, p\u0142ynne wdro\u017cenie i sta\u0142e wsparcie.","robots":{"index":"index","follow":"follow","max-snippet":"max-snippet:-1","max-image-preview":"max-image-preview:large","max-video-preview":"max-video-preview:-1"},"canonical":"https:\/\/octoplant.com\/pl\/gdzie-kupic\/","og_locale":"pl_PL","og_type":"article","og_title":"Gdzie kupi\u0107 - Globalna sie\u0107 partner\u00f3w | Octoplant","og_description":"Wsp\u00f3\u0142pracuj globalnie, dzia\u0142aj lokalnie. Po\u0142\u0105cz si\u0119 z ponad 100 zaufanymi partnerami Octoplant, aby uzyska\u0107 lokaln\u0105 wiedz\u0119 eksperck\u0105, p\u0142ynne wdro\u017cenie i sta\u0142e wsparcie.","og_url":"https:\/\/octoplant.com\/pl\/gdzie-kupic\/","og_site_name":"Octoplant","article_modified_time":"2026-04-13T23:03:55+00:00","twitter_card":"summary_large_image","schema":{"@context":"https:\/\/schema.org","@graph":[{"@type":"WebPage","@id":"https:\/\/octoplant.com\/pl\/gdzie-kupic\/","url":"https:\/\/octoplant.com\/pl\/gdzie-kupic\/","name":"Gdzie kupi\u0107 - Globalna sie\u0107 partner\u00f3w | Octoplant","isPartOf":{"@id":"https:\/\/octoplant.com\/pl\/#website"},"datePublished":"2025-06-11T10:46:13+00:00","dateModified":"2026-04-13T23:03:55+00:00","description":"Wsp\u00f3\u0142pracuj globalnie, dzia\u0142aj lokalnie. Po\u0142\u0105cz si\u0119 z ponad 100 zaufanymi partnerami Octoplant, aby uzyska\u0107 lokaln\u0105 wiedz\u0119 eksperck\u0105, p\u0142ynne wdro\u017cenie i sta\u0142e wsparcie.","breadcrumb":{"@id":"https:\/\/octoplant.com\/pl\/gdzie-kupic\/#breadcrumb"},"inLanguage":"pl-PL","potentialAction":[{"@type":"ReadAction","target":["https:\/\/octoplant.com\/pl\/gdzie-kupic\/"]}]},{"@type":"BreadcrumbList","@id":"https:\/\/octoplant.com\/pl\/gdzie-kupic\/#breadcrumb","itemListElement":[{"@type":"ListItem","position":1,"name":"Home","item":"https:\/\/octoplant.com\/pl\/octoplant-2\/"},{"@type":"ListItem","position":2,"name":"GDZIE KUPI\u0106"}]},{"@type":"WebSite","@id":"https:\/\/octoplant.com\/pl\/#website","url":"https:\/\/octoplant.com\/pl\/","name":"Octoplant","description":"","potentialAction":[{"@type":"SearchAction","target":{"@type":"EntryPoint","urlTemplate":"https:\/\/octoplant.com\/pl\/?s={search_term_string}"},"query-input":{"@type":"PropertyValueSpecification","valueRequired":true,"valueName":"search_term_string"}}],"inLanguage":"pl-PL"}]}},"_links":{"self":[{"href":"https:\/\/octoplant.com\/pl\/wp-json\/wp\/v2\/pages\/4014","targetHints":{"allow":["GET"]}}],"collection":[{"href":"https:\/\/octoplant.com\/pl\/wp-json\/wp\/v2\/pages"}],"about":[{"href":"https:\/\/octoplant.com\/pl\/wp-json\/wp\/v2\/types\/page"}],"author":[{"embeddable":true,"href":"https:\/\/octoplant.com\/pl\/wp-json\/wp\/v2\/users\/1"}],"replies":[{"embeddable":true,"href":"https:\/\/octoplant.com\/pl\/wp-json\/wp\/v2\/comments?post=4014"}],"version-history":[{"count":1,"href":"https:\/\/octoplant.com\/pl\/wp-json\/wp\/v2\/pages\/4014\/revisions"}],"predecessor-version":[{"id":4015,"href":"https:\/\/octoplant.com\/pl\/wp-json\/wp\/v2\/pages\/4014\/revisions\/4015"}],"wp:attachment":[{"href":"https:\/\/octoplant.com\/pl\/wp-json\/wp\/v2\/media?parent=4014"}],"curies":[{"name":"wp","href":"https:\/\/api.w.org\/{rel}","templated":true}]}}