{"id":3584,"date":"2025-06-11T10:46:13","date_gmt":"2025-06-11T10:46:13","guid":{"rendered":"https:\/\/octoplant.com\/ou-acheter\/"},"modified":"2026-03-13T14:50:51","modified_gmt":"2026-03-13T14:50:51","slug":"ou-acheter","status":"publish","type":"page","link":"https:\/\/octoplant.com\/fr\/ou-acheter\/","title":{"rendered":"O\u00d9 ACHETER"},"content":{"rendered":"\n<p>Trouvez votre fournisseur officiel Octoplant et entrez en contact avec des partenaires certifi\u00e9s \u00e0 travers le monde. Gr\u00e2ce \u00e0 notre r\u00e9seau international de plus de 100 partenaires de confiance dans chaque r\u00e9gion, vous b\u00e9n\u00e9ficiez non seulement d\u2019un support local, mais aussi d\u2019une expertise adapt\u00e9e aux environnements OT, IT et d\u2019automatisation \u2014 de l\u2019onboarding des \u00e9quipements jusqu\u2019au d\u00e9ploiement et \u00e0 l\u2019optimisation de la s\u00e9curit\u00e9. <\/p>\n\n<p>Que vous modernisiez vos \u00e9quipements, int\u00e9griez de nouveaux fournisseurs de PLC ou lanciez un d\u00e9ploiement multi-sites, notre \u00e9cosyst\u00e8me de partenaires garantit une mise en \u0153uvre fiable, une mont\u00e9e en charge professionnelle et un accompagnement \u00e0 long terme.<\/p>\n\n<p><\/p>\n","protected":false},"excerpt":{"rendered":"<p>Trouvez votre fournisseur officiel Octoplant et entrez en contact avec des partenaires certifi\u00e9s \u00e0 travers le monde. Gr\u00e2ce \u00e0 notre r\u00e9seau international de plus de 100 partenaires de confiance dans chaque r\u00e9gion, vous b\u00e9n\u00e9ficiez non seulement d\u2019un support local, mais aussi d\u2019une expertise adapt\u00e9e aux environnements OT, IT et d\u2019automatisation \u2014 de l\u2019onboarding des \u00e9quipements<a href=\"https:\/\/octoplant.com\/fr\/ou-acheter\/\">Continuer la lecture <span class=\"sr-only\">\u00ab\u00a0O\u00d9 ACHETER\u00a0\u00bb<\/span><\/a><\/p>\n","protected":false},"author":1,"featured_media":0,"parent":0,"menu_order":0,"comment_status":"closed","ping_status":"closed","template":"page-partners.php","meta":{"_acf_changed":false,"footnotes":""},"class_list":["post-3584","page","type-page","status-publish","hentry"],"acf":[],"yoast_head":"<!-- This site is optimized with the Yoast SEO plugin v27.2 - https:\/\/yoast.com\/product\/yoast-seo-wordpress\/ -->\n<title>O\u00f9 acheter \u2013 R\u00e9seau mondial de partenaires | Octoplant<\/title>\n<meta name=\"description\" content=\"Des partenaires \u00e0 l\u2019\u00e9chelle mondiale, une action locale. Connectez-vous \u00e0 plus de 100 partenaires Octoplant de confiance pour b\u00e9n\u00e9ficier d\u2019une expertise locale, d\u2019une impl\u00e9mentation fluide et d\u2019un support continu.\" \/>\n<meta name=\"robots\" content=\"index, follow, max-snippet:-1, max-image-preview:large, max-video-preview:-1\" \/>\n<link rel=\"canonical\" href=\"https:\/\/octoplant.com\/fr\/ou-acheter\/\" \/>\n<meta property=\"og:locale\" content=\"fr_FR\" \/>\n<meta property=\"og:type\" content=\"article\" \/>\n<meta property=\"og:title\" content=\"O\u00f9 acheter \u2013 R\u00e9seau mondial de partenaires | Octoplant\" \/>\n<meta property=\"og:description\" content=\"Des partenaires \u00e0 l\u2019\u00e9chelle mondiale, une action locale. Connectez-vous \u00e0 plus de 100 partenaires Octoplant de confiance pour b\u00e9n\u00e9ficier d\u2019une expertise locale, d\u2019une impl\u00e9mentation fluide et d\u2019un support continu.\" \/>\n<meta property=\"og:url\" content=\"https:\/\/octoplant.com\/fr\/ou-acheter\/\" \/>\n<meta property=\"og:site_name\" content=\"Octoplant\" \/>\n<meta property=\"article:modified_time\" content=\"2026-03-13T14:50:51+00:00\" \/>\n<meta name=\"twitter:card\" content=\"summary_large_image\" \/>\n<meta name=\"twitter:label1\" content=\"Dur\u00e9e de lecture estim\u00e9e\" \/>\n\t<meta name=\"twitter:data1\" content=\"1 minute\" \/>\n<script type=\"application\/ld+json\" class=\"yoast-schema-graph\">{\"@context\":\"https:\/\/schema.org\",\"@graph\":[{\"@type\":\"WebPage\",\"@id\":\"https:\/\/octoplant.com\/fr\/ou-acheter\/\",\"url\":\"https:\/\/octoplant.com\/fr\/ou-acheter\/\",\"name\":\"O\u00f9 acheter \u2013 R\u00e9seau mondial de partenaires | Octoplant\",\"isPartOf\":{\"@id\":\"https:\/\/octoplant.com\/fr\/#website\"},\"datePublished\":\"2025-06-11T10:46:13+00:00\",\"dateModified\":\"2026-03-13T14:50:51+00:00\",\"description\":\"Des partenaires \u00e0 l\u2019\u00e9chelle mondiale, une action locale. Connectez-vous \u00e0 plus de 100 partenaires Octoplant de confiance pour b\u00e9n\u00e9ficier d\u2019une expertise locale, d\u2019une impl\u00e9mentation fluide et d\u2019un support continu.\",\"breadcrumb\":{\"@id\":\"https:\/\/octoplant.com\/fr\/ou-acheter\/#breadcrumb\"},\"inLanguage\":\"fr-FR\",\"potentialAction\":[{\"@type\":\"ReadAction\",\"target\":[\"https:\/\/octoplant.com\/fr\/ou-acheter\/\"]}]},{\"@type\":\"BreadcrumbList\",\"@id\":\"https:\/\/octoplant.com\/fr\/ou-acheter\/#breadcrumb\",\"itemListElement\":[{\"@type\":\"ListItem\",\"position\":1,\"name\":\"Home\",\"item\":\"https:\/\/octoplant.com\/fr\/octoplant\/\"},{\"@type\":\"ListItem\",\"position\":2,\"name\":\"O\u00d9 ACHETER\"}]},{\"@type\":\"WebSite\",\"@id\":\"https:\/\/octoplant.com\/fr\/#website\",\"url\":\"https:\/\/octoplant.com\/fr\/\",\"name\":\"Octoplant\",\"description\":\"\",\"potentialAction\":[{\"@type\":\"SearchAction\",\"target\":{\"@type\":\"EntryPoint\",\"urlTemplate\":\"https:\/\/octoplant.com\/fr\/?s={search_term_string}\"},\"query-input\":{\"@type\":\"PropertyValueSpecification\",\"valueRequired\":true,\"valueName\":\"search_term_string\"}}],\"inLanguage\":\"fr-FR\"}]}<\/script>\n<!-- \/ Yoast SEO plugin. -->","yoast_head_json":{"title":"O\u00f9 acheter \u2013 R\u00e9seau mondial de partenaires | Octoplant","description":"Des partenaires \u00e0 l\u2019\u00e9chelle mondiale, une action locale. Connectez-vous \u00e0 plus de 100 partenaires Octoplant de confiance pour b\u00e9n\u00e9ficier d\u2019une expertise locale, d\u2019une impl\u00e9mentation fluide et d\u2019un support continu.","robots":{"index":"index","follow":"follow","max-snippet":"max-snippet:-1","max-image-preview":"max-image-preview:large","max-video-preview":"max-video-preview:-1"},"canonical":"https:\/\/octoplant.com\/fr\/ou-acheter\/","og_locale":"fr_FR","og_type":"article","og_title":"O\u00f9 acheter \u2013 R\u00e9seau mondial de partenaires | Octoplant","og_description":"Des partenaires \u00e0 l\u2019\u00e9chelle mondiale, une action locale. Connectez-vous \u00e0 plus de 100 partenaires Octoplant de confiance pour b\u00e9n\u00e9ficier d\u2019une expertise locale, d\u2019une impl\u00e9mentation fluide et d\u2019un support continu.","og_url":"https:\/\/octoplant.com\/fr\/ou-acheter\/","og_site_name":"Octoplant","article_modified_time":"2026-03-13T14:50:51+00:00","twitter_card":"summary_large_image","twitter_misc":{"Dur\u00e9e de lecture estim\u00e9e":"1 minute"},"schema":{"@context":"https:\/\/schema.org","@graph":[{"@type":"WebPage","@id":"https:\/\/octoplant.com\/fr\/ou-acheter\/","url":"https:\/\/octoplant.com\/fr\/ou-acheter\/","name":"O\u00f9 acheter \u2013 R\u00e9seau mondial de partenaires | Octoplant","isPartOf":{"@id":"https:\/\/octoplant.com\/fr\/#website"},"datePublished":"2025-06-11T10:46:13+00:00","dateModified":"2026-03-13T14:50:51+00:00","description":"Des partenaires \u00e0 l\u2019\u00e9chelle mondiale, une action locale. Connectez-vous \u00e0 plus de 100 partenaires Octoplant de confiance pour b\u00e9n\u00e9ficier d\u2019une expertise locale, d\u2019une impl\u00e9mentation fluide et d\u2019un support continu.","breadcrumb":{"@id":"https:\/\/octoplant.com\/fr\/ou-acheter\/#breadcrumb"},"inLanguage":"fr-FR","potentialAction":[{"@type":"ReadAction","target":["https:\/\/octoplant.com\/fr\/ou-acheter\/"]}]},{"@type":"BreadcrumbList","@id":"https:\/\/octoplant.com\/fr\/ou-acheter\/#breadcrumb","itemListElement":[{"@type":"ListItem","position":1,"name":"Home","item":"https:\/\/octoplant.com\/fr\/octoplant\/"},{"@type":"ListItem","position":2,"name":"O\u00d9 ACHETER"}]},{"@type":"WebSite","@id":"https:\/\/octoplant.com\/fr\/#website","url":"https:\/\/octoplant.com\/fr\/","name":"Octoplant","description":"","potentialAction":[{"@type":"SearchAction","target":{"@type":"EntryPoint","urlTemplate":"https:\/\/octoplant.com\/fr\/?s={search_term_string}"},"query-input":{"@type":"PropertyValueSpecification","valueRequired":true,"valueName":"search_term_string"}}],"inLanguage":"fr-FR"}]}},"_links":{"self":[{"href":"https:\/\/octoplant.com\/fr\/wp-json\/wp\/v2\/pages\/3584","targetHints":{"allow":["GET"]}}],"collection":[{"href":"https:\/\/octoplant.com\/fr\/wp-json\/wp\/v2\/pages"}],"about":[{"href":"https:\/\/octoplant.com\/fr\/wp-json\/wp\/v2\/types\/page"}],"author":[{"embeddable":true,"href":"https:\/\/octoplant.com\/fr\/wp-json\/wp\/v2\/users\/1"}],"replies":[{"embeddable":true,"href":"https:\/\/octoplant.com\/fr\/wp-json\/wp\/v2\/comments?post=3584"}],"version-history":[{"count":4,"href":"https:\/\/octoplant.com\/fr\/wp-json\/wp\/v2\/pages\/3584\/revisions"}],"predecessor-version":[{"id":3947,"href":"https:\/\/octoplant.com\/fr\/wp-json\/wp\/v2\/pages\/3584\/revisions\/3947"}],"wp:attachment":[{"href":"https:\/\/octoplant.com\/fr\/wp-json\/wp\/v2\/media?parent=3584"}],"curies":[{"name":"wp","href":"https:\/\/api.w.org\/{rel}","templated":true}]}}