{"id":3578,"date":"2025-10-27T17:00:23","date_gmt":"2025-10-27T17:00:23","guid":{"rendered":"https:\/\/octoplant.com\/systemes-de-traitement-des-eaux-usees\/"},"modified":"2026-03-14T21:19:15","modified_gmt":"2026-03-14T21:19:15","slug":"systemes-de-traitement-des-eaux-usees","status":"publish","type":"page","link":"https:\/\/octoplant.com\/fr\/systemes-de-traitement-des-eaux-usees\/","title":{"rendered":"Syst\u00e8mes de traitement des eaux us\u00e9es"},"content":{"rendered":"\n<p>Le secteur des eaux us\u00e9es se trouve \u00e0 un moment charni\u00e8re. \u00c0 mesure que les stations de traitement, les stations de pompage et les r\u00e9seaux de distribution deviennent de plus en plus automatis\u00e9s et connect\u00e9s, les cybermenaces \u00e9voluent en parall\u00e8le. Des infrastructures vieillissantes, des budgets contraints et des pressions r\u00e9glementaires s\u2019ajoutent \u00e0 une convergence croissante entre l\u2019OT et l\u2019IT. Comme l\u2019a montr\u00e9 la r\u00e9cente \u00e9mission t\u00e9l\u00e9vis\u00e9e de 60 minutes, la couche d\u2019automatisation n\u2019est plus seulement constitu\u00e9e de \u00ab tuyaux et de pompes \u00bb \u2014 elle repr\u00e9sente d\u00e9sormais aussi une surface d\u2019attaque.   <\/p>\n\n<p>Avec Octoplant, les exploitants des syst\u00e8mes d\u2019eaux us\u00e9es et d\u2019autres services publics disposent d\u2019une plateforme con\u00e7ue pour prot\u00e9ger la couche d\u2019automatisation qui assure le fonctionnement des communaut\u00e9s. Vous b\u00e9n\u00e9ficiez d\u2019une visibilit\u00e9 unifi\u00e9e, d\u2019un contr\u00f4le complet des versions, de sauvegardes et de capacit\u00e9s de reprise, avec une s\u00e9curit\u00e9 OT int\u00e9gr\u00e9e nativement. Il ne s\u2019agit pas seulement de conformit\u00e9, mais de r\u00e9silience.  <\/p>\n","protected":false},"excerpt":{"rendered":"<p>Le secteur des eaux us\u00e9es se trouve \u00e0 un moment charni\u00e8re. \u00c0 mesure que les stations de traitement, les stations de pompage et les r\u00e9seaux de distribution deviennent de plus en plus automatis\u00e9s et connect\u00e9s, les cybermenaces \u00e9voluent en parall\u00e8le. Des infrastructures vieillissantes, des budgets contraints et des pressions r\u00e9glementaires s\u2019ajoutent \u00e0 une convergence croissante<a href=\"https:\/\/octoplant.com\/fr\/systemes-de-traitement-des-eaux-usees\/\">Continuer la lecture <span class=\"sr-only\">\u00ab\u00a0Syst\u00e8mes de traitement des eaux us\u00e9es\u00a0\u00bb<\/span><\/a><\/p>\n","protected":false},"author":1,"featured_media":0,"parent":0,"menu_order":0,"comment_status":"closed","ping_status":"closed","template":"page-wastewater.php","meta":{"_acf_changed":false,"footnotes":""},"class_list":["post-3578","page","type-page","status-publish","hentry"],"acf":[],"yoast_head":"<!-- This site is optimized with the Yoast SEO plugin v27.4 - https:\/\/yoast.com\/product\/yoast-seo-wordpress\/ -->\n<title>Syst\u00e8mes de traitement des eaux us\u00e9es - Octoplant<\/title>\n<meta name=\"robots\" content=\"index, follow, max-snippet:-1, max-image-preview:large, max-video-preview:-1\" \/>\n<link rel=\"canonical\" href=\"https:\/\/octoplant.com\/fr\/systemes-de-traitement-des-eaux-usees\/\" \/>\n<meta property=\"og:locale\" content=\"fr_FR\" \/>\n<meta property=\"og:type\" content=\"article\" \/>\n<meta property=\"og:title\" content=\"Syst\u00e8mes de traitement des eaux us\u00e9es - Octoplant\" \/>\n<meta property=\"og:description\" content=\"Le secteur des eaux us\u00e9es se trouve \u00e0 un moment charni\u00e8re. \u00c0 mesure que les stations de traitement, les stations de pompage et les r\u00e9seaux de distribution deviennent de plus en plus automatis\u00e9s et connect\u00e9s, les cybermenaces \u00e9voluent en parall\u00e8le. Des infrastructures vieillissantes, des budgets contraints et des pressions r\u00e9glementaires s\u2019ajoutent \u00e0 une convergence croissanteContinuer la lecture &quot;Syst\u00e8mes de traitement des eaux us\u00e9es&quot;\" \/>\n<meta property=\"og:url\" content=\"https:\/\/octoplant.com\/fr\/systemes-de-traitement-des-eaux-usees\/\" \/>\n<meta property=\"og:site_name\" content=\"Octoplant\" \/>\n<meta property=\"article:modified_time\" content=\"2026-03-14T21:19:15+00:00\" \/>\n<meta name=\"twitter:card\" content=\"summary_large_image\" \/>\n<meta name=\"twitter:label1\" content=\"Dur\u00e9e de lecture estim\u00e9e\" \/>\n\t<meta name=\"twitter:data1\" content=\"1 minute\" \/>\n<script type=\"application\/ld+json\" class=\"yoast-schema-graph\">{\"@context\":\"https:\\\/\\\/schema.org\",\"@graph\":[{\"@type\":\"WebPage\",\"@id\":\"https:\\\/\\\/octoplant.com\\\/fr\\\/systemes-de-traitement-des-eaux-usees\\\/\",\"url\":\"https:\\\/\\\/octoplant.com\\\/fr\\\/systemes-de-traitement-des-eaux-usees\\\/\",\"name\":\"Syst\u00e8mes de traitement des eaux us\u00e9es - Octoplant\",\"isPartOf\":{\"@id\":\"https:\\\/\\\/octoplant.com\\\/fr\\\/#website\"},\"datePublished\":\"2025-10-27T17:00:23+00:00\",\"dateModified\":\"2026-03-14T21:19:15+00:00\",\"breadcrumb\":{\"@id\":\"https:\\\/\\\/octoplant.com\\\/fr\\\/systemes-de-traitement-des-eaux-usees\\\/#breadcrumb\"},\"inLanguage\":\"fr-FR\",\"potentialAction\":[{\"@type\":\"ReadAction\",\"target\":[\"https:\\\/\\\/octoplant.com\\\/fr\\\/systemes-de-traitement-des-eaux-usees\\\/\"]}]},{\"@type\":\"BreadcrumbList\",\"@id\":\"https:\\\/\\\/octoplant.com\\\/fr\\\/systemes-de-traitement-des-eaux-usees\\\/#breadcrumb\",\"itemListElement\":[{\"@type\":\"ListItem\",\"position\":1,\"name\":\"Home\",\"item\":\"https:\\\/\\\/octoplant.com\\\/fr\\\/octoplant\\\/\"},{\"@type\":\"ListItem\",\"position\":2,\"name\":\"Syst\u00e8mes de traitement des eaux us\u00e9es\"}]},{\"@type\":\"WebSite\",\"@id\":\"https:\\\/\\\/octoplant.com\\\/fr\\\/#website\",\"url\":\"https:\\\/\\\/octoplant.com\\\/fr\\\/\",\"name\":\"Octoplant\",\"description\":\"\",\"potentialAction\":[{\"@type\":\"SearchAction\",\"target\":{\"@type\":\"EntryPoint\",\"urlTemplate\":\"https:\\\/\\\/octoplant.com\\\/fr\\\/?s={search_term_string}\"},\"query-input\":{\"@type\":\"PropertyValueSpecification\",\"valueRequired\":true,\"valueName\":\"search_term_string\"}}],\"inLanguage\":\"fr-FR\"}]}<\/script>\n<!-- \/ Yoast SEO plugin. -->","yoast_head_json":{"title":"Syst\u00e8mes de traitement des eaux us\u00e9es - Octoplant","robots":{"index":"index","follow":"follow","max-snippet":"max-snippet:-1","max-image-preview":"max-image-preview:large","max-video-preview":"max-video-preview:-1"},"canonical":"https:\/\/octoplant.com\/fr\/systemes-de-traitement-des-eaux-usees\/","og_locale":"fr_FR","og_type":"article","og_title":"Syst\u00e8mes de traitement des eaux us\u00e9es - Octoplant","og_description":"Le secteur des eaux us\u00e9es se trouve \u00e0 un moment charni\u00e8re. \u00c0 mesure que les stations de traitement, les stations de pompage et les r\u00e9seaux de distribution deviennent de plus en plus automatis\u00e9s et connect\u00e9s, les cybermenaces \u00e9voluent en parall\u00e8le. Des infrastructures vieillissantes, des budgets contraints et des pressions r\u00e9glementaires s\u2019ajoutent \u00e0 une convergence croissanteContinuer la lecture \"Syst\u00e8mes de traitement des eaux us\u00e9es\"","og_url":"https:\/\/octoplant.com\/fr\/systemes-de-traitement-des-eaux-usees\/","og_site_name":"Octoplant","article_modified_time":"2026-03-14T21:19:15+00:00","twitter_card":"summary_large_image","twitter_misc":{"Dur\u00e9e de lecture estim\u00e9e":"1 minute"},"schema":{"@context":"https:\/\/schema.org","@graph":[{"@type":"WebPage","@id":"https:\/\/octoplant.com\/fr\/systemes-de-traitement-des-eaux-usees\/","url":"https:\/\/octoplant.com\/fr\/systemes-de-traitement-des-eaux-usees\/","name":"Syst\u00e8mes de traitement des eaux us\u00e9es - Octoplant","isPartOf":{"@id":"https:\/\/octoplant.com\/fr\/#website"},"datePublished":"2025-10-27T17:00:23+00:00","dateModified":"2026-03-14T21:19:15+00:00","breadcrumb":{"@id":"https:\/\/octoplant.com\/fr\/systemes-de-traitement-des-eaux-usees\/#breadcrumb"},"inLanguage":"fr-FR","potentialAction":[{"@type":"ReadAction","target":["https:\/\/octoplant.com\/fr\/systemes-de-traitement-des-eaux-usees\/"]}]},{"@type":"BreadcrumbList","@id":"https:\/\/octoplant.com\/fr\/systemes-de-traitement-des-eaux-usees\/#breadcrumb","itemListElement":[{"@type":"ListItem","position":1,"name":"Home","item":"https:\/\/octoplant.com\/fr\/octoplant\/"},{"@type":"ListItem","position":2,"name":"Syst\u00e8mes de traitement des eaux us\u00e9es"}]},{"@type":"WebSite","@id":"https:\/\/octoplant.com\/fr\/#website","url":"https:\/\/octoplant.com\/fr\/","name":"Octoplant","description":"","potentialAction":[{"@type":"SearchAction","target":{"@type":"EntryPoint","urlTemplate":"https:\/\/octoplant.com\/fr\/?s={search_term_string}"},"query-input":{"@type":"PropertyValueSpecification","valueRequired":true,"valueName":"search_term_string"}}],"inLanguage":"fr-FR"}]}},"_links":{"self":[{"href":"https:\/\/octoplant.com\/fr\/wp-json\/wp\/v2\/pages\/3578","targetHints":{"allow":["GET"]}}],"collection":[{"href":"https:\/\/octoplant.com\/fr\/wp-json\/wp\/v2\/pages"}],"about":[{"href":"https:\/\/octoplant.com\/fr\/wp-json\/wp\/v2\/types\/page"}],"author":[{"embeddable":true,"href":"https:\/\/octoplant.com\/fr\/wp-json\/wp\/v2\/users\/1"}],"replies":[{"embeddable":true,"href":"https:\/\/octoplant.com\/fr\/wp-json\/wp\/v2\/comments?post=3578"}],"version-history":[{"count":4,"href":"https:\/\/octoplant.com\/fr\/wp-json\/wp\/v2\/pages\/3578\/revisions"}],"predecessor-version":[{"id":4024,"href":"https:\/\/octoplant.com\/fr\/wp-json\/wp\/v2\/pages\/3578\/revisions\/4024"}],"wp:attachment":[{"href":"https:\/\/octoplant.com\/fr\/wp-json\/wp\/v2\/media?parent=3578"}],"curies":[{"name":"wp","href":"https:\/\/api.w.org\/{rel}","templated":true}]}}