{"id":3519,"date":"2025-07-16T10:26:22","date_gmt":"2025-07-16T10:26:22","guid":{"rendered":"https:\/\/octoplant.com\/tarification\/"},"modified":"2026-03-14T22:21:14","modified_gmt":"2026-03-14T22:21:14","slug":"tarification","status":"publish","type":"page","link":"https:\/\/octoplant.com\/fr\/tarification\/","title":{"rendered":"Tarification"},"content":{"rendered":"\n<p>Chez AMDT, nous pensons qu\u2019une technologie puissante doit s\u2019accompagner d\u2019un mod\u00e8le de tarification clair, \u00e9quitable et capable d\u2019\u00e9voluer avec vous.<br\/>C\u2019est pourquoi nous avons con\u00e7u la mani\u00e8re dont Octoplant est conc\u00e9d\u00e9 sous licence : afin que vous puissiez vous concentrer sur la cr\u00e9ation d\u2019op\u00e9rations r\u00e9silientes, et non sur le d\u00e9chiffrement des niveaux de tarification. <\/p>\n","protected":false},"excerpt":{"rendered":"<p>Chez AMDT, nous pensons qu\u2019une technologie puissante doit s\u2019accompagner d\u2019un mod\u00e8le de tarification clair, \u00e9quitable et capable d\u2019\u00e9voluer avec vous.C\u2019est pourquoi nous avons con\u00e7u la mani\u00e8re dont Octoplant est conc\u00e9d\u00e9 sous licence : afin que vous puissiez vous concentrer sur la cr\u00e9ation d\u2019op\u00e9rations r\u00e9silientes, et non sur le d\u00e9chiffrement des niveaux de tarification.<\/p>\n","protected":false},"author":1,"featured_media":0,"parent":0,"menu_order":0,"comment_status":"closed","ping_status":"closed","template":"page-pricing.php","meta":{"_acf_changed":false,"footnotes":""},"class_list":["post-3519","page","type-page","status-publish","hentry"],"acf":[],"yoast_head":"<!-- This site is optimized with the Yoast SEO plugin v27.2 - https:\/\/yoast.com\/product\/yoast-seo-wordpress\/ -->\n<title>Tarification | Octoplant<\/title>\n<meta name=\"description\" content=\"Une seule licence, des possibilit\u00e9s infinies.Une tarification \u00e9volutive avec des options de paiement par appareil, des mises \u00e0 niveau simples \u00e0 mesure que votre activit\u00e9 se d\u00e9veloppe, et un stockage de documents illimit\u00e9.\" \/>\n<meta name=\"robots\" content=\"index, follow, max-snippet:-1, max-image-preview:large, max-video-preview:-1\" \/>\n<link rel=\"canonical\" href=\"https:\/\/octoplant.com\/fr\/tarification\/\" \/>\n<meta property=\"og:locale\" content=\"fr_FR\" \/>\n<meta property=\"og:type\" content=\"article\" \/>\n<meta property=\"og:title\" content=\"Tarification | Octoplant\" \/>\n<meta property=\"og:description\" content=\"Une seule licence, des possibilit\u00e9s infinies.Une tarification \u00e9volutive avec des options de paiement par appareil, des mises \u00e0 niveau simples \u00e0 mesure que votre activit\u00e9 se d\u00e9veloppe, et un stockage de documents illimit\u00e9.\" \/>\n<meta property=\"og:url\" content=\"https:\/\/octoplant.com\/fr\/tarification\/\" \/>\n<meta property=\"og:site_name\" content=\"Octoplant\" \/>\n<meta property=\"article:modified_time\" content=\"2026-03-14T22:21:14+00:00\" \/>\n<meta name=\"twitter:card\" content=\"summary_large_image\" \/>\n<script type=\"application\/ld+json\" class=\"yoast-schema-graph\">{\"@context\":\"https:\/\/schema.org\",\"@graph\":[{\"@type\":\"WebPage\",\"@id\":\"https:\/\/octoplant.com\/fr\/tarification\/\",\"url\":\"https:\/\/octoplant.com\/fr\/tarification\/\",\"name\":\"Tarification | Octoplant\",\"isPartOf\":{\"@id\":\"https:\/\/octoplant.com\/fr\/#website\"},\"datePublished\":\"2025-07-16T10:26:22+00:00\",\"dateModified\":\"2026-03-14T22:21:14+00:00\",\"description\":\"Une seule licence, des possibilit\u00e9s infinies.Une tarification \u00e9volutive avec des options de paiement par appareil, des mises \u00e0 niveau simples \u00e0 mesure que votre activit\u00e9 se d\u00e9veloppe, et un stockage de documents illimit\u00e9.\",\"breadcrumb\":{\"@id\":\"https:\/\/octoplant.com\/fr\/tarification\/#breadcrumb\"},\"inLanguage\":\"fr-FR\",\"potentialAction\":[{\"@type\":\"ReadAction\",\"target\":[\"https:\/\/octoplant.com\/fr\/tarification\/\"]}]},{\"@type\":\"BreadcrumbList\",\"@id\":\"https:\/\/octoplant.com\/fr\/tarification\/#breadcrumb\",\"itemListElement\":[{\"@type\":\"ListItem\",\"position\":1,\"name\":\"Home\",\"item\":\"https:\/\/octoplant.com\/fr\/octoplant\/\"},{\"@type\":\"ListItem\",\"position\":2,\"name\":\"Tarification\"}]},{\"@type\":\"WebSite\",\"@id\":\"https:\/\/octoplant.com\/fr\/#website\",\"url\":\"https:\/\/octoplant.com\/fr\/\",\"name\":\"Octoplant\",\"description\":\"\",\"potentialAction\":[{\"@type\":\"SearchAction\",\"target\":{\"@type\":\"EntryPoint\",\"urlTemplate\":\"https:\/\/octoplant.com\/fr\/?s={search_term_string}\"},\"query-input\":{\"@type\":\"PropertyValueSpecification\",\"valueRequired\":true,\"valueName\":\"search_term_string\"}}],\"inLanguage\":\"fr-FR\"}]}<\/script>\n<!-- \/ Yoast SEO plugin. -->","yoast_head_json":{"title":"Tarification | Octoplant","description":"Une seule licence, des possibilit\u00e9s infinies.Une tarification \u00e9volutive avec des options de paiement par appareil, des mises \u00e0 niveau simples \u00e0 mesure que votre activit\u00e9 se d\u00e9veloppe, et un stockage de documents illimit\u00e9.","robots":{"index":"index","follow":"follow","max-snippet":"max-snippet:-1","max-image-preview":"max-image-preview:large","max-video-preview":"max-video-preview:-1"},"canonical":"https:\/\/octoplant.com\/fr\/tarification\/","og_locale":"fr_FR","og_type":"article","og_title":"Tarification | Octoplant","og_description":"Une seule licence, des possibilit\u00e9s infinies.Une tarification \u00e9volutive avec des options de paiement par appareil, des mises \u00e0 niveau simples \u00e0 mesure que votre activit\u00e9 se d\u00e9veloppe, et un stockage de documents illimit\u00e9.","og_url":"https:\/\/octoplant.com\/fr\/tarification\/","og_site_name":"Octoplant","article_modified_time":"2026-03-14T22:21:14+00:00","twitter_card":"summary_large_image","schema":{"@context":"https:\/\/schema.org","@graph":[{"@type":"WebPage","@id":"https:\/\/octoplant.com\/fr\/tarification\/","url":"https:\/\/octoplant.com\/fr\/tarification\/","name":"Tarification | Octoplant","isPartOf":{"@id":"https:\/\/octoplant.com\/fr\/#website"},"datePublished":"2025-07-16T10:26:22+00:00","dateModified":"2026-03-14T22:21:14+00:00","description":"Une seule licence, des possibilit\u00e9s infinies.Une tarification \u00e9volutive avec des options de paiement par appareil, des mises \u00e0 niveau simples \u00e0 mesure que votre activit\u00e9 se d\u00e9veloppe, et un stockage de documents illimit\u00e9.","breadcrumb":{"@id":"https:\/\/octoplant.com\/fr\/tarification\/#breadcrumb"},"inLanguage":"fr-FR","potentialAction":[{"@type":"ReadAction","target":["https:\/\/octoplant.com\/fr\/tarification\/"]}]},{"@type":"BreadcrumbList","@id":"https:\/\/octoplant.com\/fr\/tarification\/#breadcrumb","itemListElement":[{"@type":"ListItem","position":1,"name":"Home","item":"https:\/\/octoplant.com\/fr\/octoplant\/"},{"@type":"ListItem","position":2,"name":"Tarification"}]},{"@type":"WebSite","@id":"https:\/\/octoplant.com\/fr\/#website","url":"https:\/\/octoplant.com\/fr\/","name":"Octoplant","description":"","potentialAction":[{"@type":"SearchAction","target":{"@type":"EntryPoint","urlTemplate":"https:\/\/octoplant.com\/fr\/?s={search_term_string}"},"query-input":{"@type":"PropertyValueSpecification","valueRequired":true,"valueName":"search_term_string"}}],"inLanguage":"fr-FR"}]}},"_links":{"self":[{"href":"https:\/\/octoplant.com\/fr\/wp-json\/wp\/v2\/pages\/3519","targetHints":{"allow":["GET"]}}],"collection":[{"href":"https:\/\/octoplant.com\/fr\/wp-json\/wp\/v2\/pages"}],"about":[{"href":"https:\/\/octoplant.com\/fr\/wp-json\/wp\/v2\/types\/page"}],"author":[{"embeddable":true,"href":"https:\/\/octoplant.com\/fr\/wp-json\/wp\/v2\/users\/1"}],"replies":[{"embeddable":true,"href":"https:\/\/octoplant.com\/fr\/wp-json\/wp\/v2\/comments?post=3519"}],"version-history":[{"count":4,"href":"https:\/\/octoplant.com\/fr\/wp-json\/wp\/v2\/pages\/3519\/revisions"}],"predecessor-version":[{"id":4047,"href":"https:\/\/octoplant.com\/fr\/wp-json\/wp\/v2\/pages\/3519\/revisions\/4047"}],"wp:attachment":[{"href":"https:\/\/octoplant.com\/fr\/wp-json\/wp\/v2\/media?parent=3519"}],"curies":[{"name":"wp","href":"https:\/\/api.w.org\/{rel}","templated":true}]}}