{"id":3507,"date":"2025-06-18T15:24:46","date_gmt":"2025-06-18T15:24:46","guid":{"rendered":"https:\/\/octoplant.com\/octoplant-2\/"},"modified":"2026-03-17T04:31:10","modified_gmt":"2026-03-17T04:31:10","slug":"octoplant-2","status":"publish","type":"page","link":"https:\/\/octoplant.com\/fr\/octoplant-2\/","title":{"rendered":"Octoplant"},"content":{"rendered":"\n<p>Octoplant est la norme industrielle de confiance en mati\u00e8re de contr\u00f4le de version, de coh\u00e9rence des donn\u00e9es et de visibilit\u00e9 des syst\u00e8mes dans les environnements de production industrielle.<br\/>La solution permet le stockage s\u00e9curis\u00e9, le suivi et la comparaison des donn\u00e9es d\u2019automatisation \u00e0 travers les \u00e9quipements, les lignes et les sites de production entiers \u2014 faisant de la restauration rapide et de la protection contre les modifications non autoris\u00e9es une composante naturelle des op\u00e9rations quotidiennes.<br\/>Qu\u2019il s\u2019agisse de g\u00e9rer un site unique ou un r\u00e9seau mondial, Octoplant garantit que les actifs de production restent toujours align\u00e9s, tra\u00e7ables et s\u00e9curis\u00e9s.  <\/p>\n\n<p>Con\u00e7u pour renforcer la r\u00e9silience op\u00e9rationnelle, Octoplant permet aux industriels de r\u00e9agir rapidement face aux perturbations impr\u00e9vues.<br\/>Son architecture robuste et ses outils de business intelligence int\u00e9gr\u00e9s offrent une surveillance continue, des diagnostics avanc\u00e9s et des informations exploitables.<br\/>En s\u2019alignant sur les besoins sp\u00e9cifiques de configurations de production vari\u00e9es, Octoplant aide les organisations \u00e0 maintenir leurs performances, \u00e0 prot\u00e9ger leur production et \u00e0 garantir des op\u00e9rations ininterrompues \u00e0 travers huit domaines fonctionnels essentiels.  <\/p>\n\n<p><\/p>\n","protected":false},"excerpt":{"rendered":"<p>Octoplant est la norme industrielle de confiance en mati\u00e8re de contr\u00f4le de version, de coh\u00e9rence des donn\u00e9es et de visibilit\u00e9 des syst\u00e8mes dans les environnements de production industrielle.La solution permet le stockage s\u00e9curis\u00e9, le suivi et la comparaison des donn\u00e9es d\u2019automatisation \u00e0 travers les \u00e9quipements, les lignes et les sites de production entiers \u2014 faisant<a href=\"https:\/\/octoplant.com\/fr\/octoplant-2\/\">Continuer la lecture <span class=\"sr-only\">\u00ab\u00a0Octoplant\u00a0\u00bb<\/span><\/a><\/p>\n","protected":false},"author":1,"featured_media":0,"parent":0,"menu_order":0,"comment_status":"closed","ping_status":"closed","template":"page-octoplant.php","meta":{"_acf_changed":false,"footnotes":""},"class_list":["post-3507","page","type-page","status-publish","hentry"],"acf":[],"yoast_head":"<!-- This site is optimized with the Yoast SEO plugin v27.2 - https:\/\/yoast.com\/product\/yoast-seo-wordpress\/ -->\n<title>R\u00e9silience de la production face aux perturbations | Octoplant<\/title>\n<meta name=\"description\" content=\"S\u00e9curisez, alignez et prot\u00e9gez vos actifs de production avec Octoplant. La norme industrielle de r\u00e9f\u00e9rence pour le contr\u00f4le de version, la coh\u00e9rence des donn\u00e9es et la restauration rapide.\" \/>\n<meta name=\"robots\" content=\"index, follow, max-snippet:-1, max-image-preview:large, max-video-preview:-1\" \/>\n<link rel=\"canonical\" href=\"https:\/\/octoplant.com\/fr\/octoplant-2\/\" \/>\n<meta property=\"og:locale\" content=\"fr_FR\" \/>\n<meta property=\"og:type\" content=\"article\" \/>\n<meta property=\"og:title\" content=\"R\u00e9silience de la production face aux perturbations | Octoplant\" \/>\n<meta property=\"og:description\" content=\"S\u00e9curisez, alignez et prot\u00e9gez vos actifs de production avec Octoplant. La norme industrielle de r\u00e9f\u00e9rence pour le contr\u00f4le de version, la coh\u00e9rence des donn\u00e9es et la restauration rapide.\" \/>\n<meta property=\"og:url\" content=\"https:\/\/octoplant.com\/fr\/octoplant-2\/\" \/>\n<meta property=\"og:site_name\" content=\"Octoplant\" \/>\n<meta property=\"article:modified_time\" content=\"2026-03-17T04:31:10+00:00\" \/>\n<meta name=\"twitter:card\" content=\"summary_large_image\" \/>\n<meta name=\"twitter:label1\" content=\"Dur\u00e9e de lecture estim\u00e9e\" \/>\n\t<meta name=\"twitter:data1\" content=\"1 minute\" \/>\n<script type=\"application\/ld+json\" class=\"yoast-schema-graph\">{\"@context\":\"https:\/\/schema.org\",\"@graph\":[{\"@type\":\"WebPage\",\"@id\":\"https:\/\/octoplant.com\/fr\/octoplant-2\/\",\"url\":\"https:\/\/octoplant.com\/fr\/octoplant-2\/\",\"name\":\"R\u00e9silience de la production face aux perturbations | Octoplant\",\"isPartOf\":{\"@id\":\"https:\/\/octoplant.com\/fr\/#website\"},\"datePublished\":\"2025-06-18T15:24:46+00:00\",\"dateModified\":\"2026-03-17T04:31:10+00:00\",\"description\":\"S\u00e9curisez, alignez et prot\u00e9gez vos actifs de production avec Octoplant. La norme industrielle de r\u00e9f\u00e9rence pour le contr\u00f4le de version, la coh\u00e9rence des donn\u00e9es et la restauration rapide.\",\"breadcrumb\":{\"@id\":\"https:\/\/octoplant.com\/fr\/octoplant-2\/#breadcrumb\"},\"inLanguage\":\"fr-FR\",\"potentialAction\":[{\"@type\":\"ReadAction\",\"target\":[\"https:\/\/octoplant.com\/fr\/octoplant-2\/\"]}]},{\"@type\":\"BreadcrumbList\",\"@id\":\"https:\/\/octoplant.com\/fr\/octoplant-2\/#breadcrumb\",\"itemListElement\":[{\"@type\":\"ListItem\",\"position\":1,\"name\":\"Home\",\"item\":\"https:\/\/octoplant.com\/fr\/octoplant\/\"},{\"@type\":\"ListItem\",\"position\":2,\"name\":\"Octoplant\"}]},{\"@type\":\"WebSite\",\"@id\":\"https:\/\/octoplant.com\/fr\/#website\",\"url\":\"https:\/\/octoplant.com\/fr\/\",\"name\":\"Octoplant\",\"description\":\"\",\"potentialAction\":[{\"@type\":\"SearchAction\",\"target\":{\"@type\":\"EntryPoint\",\"urlTemplate\":\"https:\/\/octoplant.com\/fr\/?s={search_term_string}\"},\"query-input\":{\"@type\":\"PropertyValueSpecification\",\"valueRequired\":true,\"valueName\":\"search_term_string\"}}],\"inLanguage\":\"fr-FR\"}]}<\/script>\n<!-- \/ Yoast SEO plugin. -->","yoast_head_json":{"title":"R\u00e9silience de la production face aux perturbations | Octoplant","description":"S\u00e9curisez, alignez et prot\u00e9gez vos actifs de production avec Octoplant. La norme industrielle de r\u00e9f\u00e9rence pour le contr\u00f4le de version, la coh\u00e9rence des donn\u00e9es et la restauration rapide.","robots":{"index":"index","follow":"follow","max-snippet":"max-snippet:-1","max-image-preview":"max-image-preview:large","max-video-preview":"max-video-preview:-1"},"canonical":"https:\/\/octoplant.com\/fr\/octoplant-2\/","og_locale":"fr_FR","og_type":"article","og_title":"R\u00e9silience de la production face aux perturbations | Octoplant","og_description":"S\u00e9curisez, alignez et prot\u00e9gez vos actifs de production avec Octoplant. La norme industrielle de r\u00e9f\u00e9rence pour le contr\u00f4le de version, la coh\u00e9rence des donn\u00e9es et la restauration rapide.","og_url":"https:\/\/octoplant.com\/fr\/octoplant-2\/","og_site_name":"Octoplant","article_modified_time":"2026-03-17T04:31:10+00:00","twitter_card":"summary_large_image","twitter_misc":{"Dur\u00e9e de lecture estim\u00e9e":"1 minute"},"schema":{"@context":"https:\/\/schema.org","@graph":[{"@type":"WebPage","@id":"https:\/\/octoplant.com\/fr\/octoplant-2\/","url":"https:\/\/octoplant.com\/fr\/octoplant-2\/","name":"R\u00e9silience de la production face aux perturbations | Octoplant","isPartOf":{"@id":"https:\/\/octoplant.com\/fr\/#website"},"datePublished":"2025-06-18T15:24:46+00:00","dateModified":"2026-03-17T04:31:10+00:00","description":"S\u00e9curisez, alignez et prot\u00e9gez vos actifs de production avec Octoplant. La norme industrielle de r\u00e9f\u00e9rence pour le contr\u00f4le de version, la coh\u00e9rence des donn\u00e9es et la restauration rapide.","breadcrumb":{"@id":"https:\/\/octoplant.com\/fr\/octoplant-2\/#breadcrumb"},"inLanguage":"fr-FR","potentialAction":[{"@type":"ReadAction","target":["https:\/\/octoplant.com\/fr\/octoplant-2\/"]}]},{"@type":"BreadcrumbList","@id":"https:\/\/octoplant.com\/fr\/octoplant-2\/#breadcrumb","itemListElement":[{"@type":"ListItem","position":1,"name":"Home","item":"https:\/\/octoplant.com\/fr\/octoplant\/"},{"@type":"ListItem","position":2,"name":"Octoplant"}]},{"@type":"WebSite","@id":"https:\/\/octoplant.com\/fr\/#website","url":"https:\/\/octoplant.com\/fr\/","name":"Octoplant","description":"","potentialAction":[{"@type":"SearchAction","target":{"@type":"EntryPoint","urlTemplate":"https:\/\/octoplant.com\/fr\/?s={search_term_string}"},"query-input":{"@type":"PropertyValueSpecification","valueRequired":true,"valueName":"search_term_string"}}],"inLanguage":"fr-FR"}]}},"_links":{"self":[{"href":"https:\/\/octoplant.com\/fr\/wp-json\/wp\/v2\/pages\/3507","targetHints":{"allow":["GET"]}}],"collection":[{"href":"https:\/\/octoplant.com\/fr\/wp-json\/wp\/v2\/pages"}],"about":[{"href":"https:\/\/octoplant.com\/fr\/wp-json\/wp\/v2\/types\/page"}],"author":[{"embeddable":true,"href":"https:\/\/octoplant.com\/fr\/wp-json\/wp\/v2\/users\/1"}],"replies":[{"embeddable":true,"href":"https:\/\/octoplant.com\/fr\/wp-json\/wp\/v2\/comments?post=3507"}],"version-history":[{"count":2,"href":"https:\/\/octoplant.com\/fr\/wp-json\/wp\/v2\/pages\/3507\/revisions"}],"predecessor-version":[{"id":4096,"href":"https:\/\/octoplant.com\/fr\/wp-json\/wp\/v2\/pages\/3507\/revisions\/4096"}],"wp:attachment":[{"href":"https:\/\/octoplant.com\/fr\/wp-json\/wp\/v2\/media?parent=3507"}],"curies":[{"name":"wp","href":"https:\/\/api.w.org\/{rel}","templated":true}]}}