{"id":3497,"date":"2025-05-14T11:43:33","date_gmt":"2025-05-14T11:43:33","guid":{"rendered":"https:\/\/octoplant.com\/octoplant\/"},"modified":"2026-03-18T14:41:12","modified_gmt":"2026-03-18T14:41:12","slug":"octoplant","status":"publish","type":"page","link":"https:\/\/octoplant.com\/fr\/","title":{"rendered":"Octoplant"},"content":{"rendered":"","protected":false},"excerpt":{"rendered":"","protected":false},"author":1,"featured_media":0,"parent":0,"menu_order":0,"comment_status":"closed","ping_status":"closed","template":"front-page.php","meta":{"_acf_changed":false,"footnotes":""},"class_list":["post-3497","page","type-page","status-publish","hentry"],"acf":[],"yoast_head":"<!-- This site is optimized with the Yoast SEO plugin v27.2 - https:\/\/yoast.com\/product\/yoast-seo-wordpress\/ -->\n<title>S\u00e9curit\u00e9 OT ultime avec Octoplant | Octoplant<\/title>\n<meta name=\"description\" content=\"\u00c9vitez les incidents co\u00fbteux en usine gr\u00e2ce \u00e0 octoplant. Fort de plus de 40 ans d\u2019expertise, octoplant offre le plus haut niveau de r\u00e9silience de la production et de s\u00e9curit\u00e9 OT.\" \/>\n<meta name=\"robots\" content=\"index, follow, max-snippet:-1, max-image-preview:large, max-video-preview:-1\" \/>\n<link rel=\"canonical\" href=\"https:\/\/octoplant.com\/fr\/\" \/>\n<meta property=\"og:locale\" content=\"fr_FR\" \/>\n<meta property=\"og:type\" content=\"article\" \/>\n<meta property=\"og:title\" content=\"S\u00e9curit\u00e9 OT ultime avec Octoplant | Octoplant\" \/>\n<meta property=\"og:description\" content=\"\u00c9vitez les incidents co\u00fbteux en usine gr\u00e2ce \u00e0 octoplant. Fort de plus de 40 ans d\u2019expertise, octoplant offre le plus haut niveau de r\u00e9silience de la production et de s\u00e9curit\u00e9 OT.\" \/>\n<meta property=\"og:url\" content=\"https:\/\/octoplant.com\/fr\/\" \/>\n<meta property=\"og:site_name\" content=\"Octoplant\" \/>\n<meta property=\"article:modified_time\" content=\"2026-03-18T14:41:12+00:00\" \/>\n<meta name=\"twitter:card\" content=\"summary_large_image\" \/>\n<script type=\"application\/ld+json\" class=\"yoast-schema-graph\">{\"@context\":\"https:\/\/schema.org\",\"@graph\":[{\"@type\":\"WebPage\",\"@id\":\"https:\/\/octoplant.com\/fr\/\",\"url\":\"https:\/\/octoplant.com\/fr\/\",\"name\":\"S\u00e9curit\u00e9 OT ultime avec Octoplant | Octoplant\",\"isPartOf\":{\"@id\":\"https:\/\/octoplant.com\/fr\/#website\"},\"datePublished\":\"2025-05-14T11:43:33+00:00\",\"dateModified\":\"2026-03-18T14:41:12+00:00\",\"description\":\"\u00c9vitez les incidents co\u00fbteux en usine gr\u00e2ce \u00e0 octoplant. Fort de plus de 40 ans d\u2019expertise, octoplant offre le plus haut niveau de r\u00e9silience de la production et de s\u00e9curit\u00e9 OT.\",\"breadcrumb\":{\"@id\":\"https:\/\/octoplant.com\/fr\/#breadcrumb\"},\"inLanguage\":\"fr-FR\",\"potentialAction\":[{\"@type\":\"ReadAction\",\"target\":[\"https:\/\/octoplant.com\/fr\/\"]}]},{\"@type\":\"BreadcrumbList\",\"@id\":\"https:\/\/octoplant.com\/fr\/#breadcrumb\",\"itemListElement\":[{\"@type\":\"ListItem\",\"position\":1,\"name\":\"Home\",\"item\":\"https:\/\/octoplant.com\/fr\/octoplant\/\"},{\"@type\":\"ListItem\",\"position\":2,\"name\":\"Octoplant\"}]},{\"@type\":\"WebSite\",\"@id\":\"https:\/\/octoplant.com\/fr\/#website\",\"url\":\"https:\/\/octoplant.com\/fr\/\",\"name\":\"Octoplant\",\"description\":\"\",\"potentialAction\":[{\"@type\":\"SearchAction\",\"target\":{\"@type\":\"EntryPoint\",\"urlTemplate\":\"https:\/\/octoplant.com\/fr\/?s={search_term_string}\"},\"query-input\":{\"@type\":\"PropertyValueSpecification\",\"valueRequired\":true,\"valueName\":\"search_term_string\"}}],\"inLanguage\":\"fr-FR\"}]}<\/script>\n<!-- \/ Yoast SEO plugin. -->","yoast_head_json":{"title":"S\u00e9curit\u00e9 OT ultime avec Octoplant | Octoplant","description":"\u00c9vitez les incidents co\u00fbteux en usine gr\u00e2ce \u00e0 octoplant. Fort de plus de 40 ans d\u2019expertise, octoplant offre le plus haut niveau de r\u00e9silience de la production et de s\u00e9curit\u00e9 OT.","robots":{"index":"index","follow":"follow","max-snippet":"max-snippet:-1","max-image-preview":"max-image-preview:large","max-video-preview":"max-video-preview:-1"},"canonical":"https:\/\/octoplant.com\/fr\/","og_locale":"fr_FR","og_type":"article","og_title":"S\u00e9curit\u00e9 OT ultime avec Octoplant | Octoplant","og_description":"\u00c9vitez les incidents co\u00fbteux en usine gr\u00e2ce \u00e0 octoplant. Fort de plus de 40 ans d\u2019expertise, octoplant offre le plus haut niveau de r\u00e9silience de la production et de s\u00e9curit\u00e9 OT.","og_url":"https:\/\/octoplant.com\/fr\/","og_site_name":"Octoplant","article_modified_time":"2026-03-18T14:41:12+00:00","twitter_card":"summary_large_image","schema":{"@context":"https:\/\/schema.org","@graph":[{"@type":"WebPage","@id":"https:\/\/octoplant.com\/fr\/","url":"https:\/\/octoplant.com\/fr\/","name":"S\u00e9curit\u00e9 OT ultime avec Octoplant | Octoplant","isPartOf":{"@id":"https:\/\/octoplant.com\/fr\/#website"},"datePublished":"2025-05-14T11:43:33+00:00","dateModified":"2026-03-18T14:41:12+00:00","description":"\u00c9vitez les incidents co\u00fbteux en usine gr\u00e2ce \u00e0 octoplant. Fort de plus de 40 ans d\u2019expertise, octoplant offre le plus haut niveau de r\u00e9silience de la production et de s\u00e9curit\u00e9 OT.","breadcrumb":{"@id":"https:\/\/octoplant.com\/fr\/#breadcrumb"},"inLanguage":"fr-FR","potentialAction":[{"@type":"ReadAction","target":["https:\/\/octoplant.com\/fr\/"]}]},{"@type":"BreadcrumbList","@id":"https:\/\/octoplant.com\/fr\/#breadcrumb","itemListElement":[{"@type":"ListItem","position":1,"name":"Home","item":"https:\/\/octoplant.com\/fr\/octoplant\/"},{"@type":"ListItem","position":2,"name":"Octoplant"}]},{"@type":"WebSite","@id":"https:\/\/octoplant.com\/fr\/#website","url":"https:\/\/octoplant.com\/fr\/","name":"Octoplant","description":"","potentialAction":[{"@type":"SearchAction","target":{"@type":"EntryPoint","urlTemplate":"https:\/\/octoplant.com\/fr\/?s={search_term_string}"},"query-input":{"@type":"PropertyValueSpecification","valueRequired":true,"valueName":"search_term_string"}}],"inLanguage":"fr-FR"}]}},"_links":{"self":[{"href":"https:\/\/octoplant.com\/fr\/wp-json\/wp\/v2\/pages\/3497","targetHints":{"allow":["GET"]}}],"collection":[{"href":"https:\/\/octoplant.com\/fr\/wp-json\/wp\/v2\/pages"}],"about":[{"href":"https:\/\/octoplant.com\/fr\/wp-json\/wp\/v2\/types\/page"}],"author":[{"embeddable":true,"href":"https:\/\/octoplant.com\/fr\/wp-json\/wp\/v2\/users\/1"}],"replies":[{"embeddable":true,"href":"https:\/\/octoplant.com\/fr\/wp-json\/wp\/v2\/comments?post=3497"}],"version-history":[{"count":1,"href":"https:\/\/octoplant.com\/fr\/wp-json\/wp\/v2\/pages\/3497\/revisions"}],"predecessor-version":[{"id":4152,"href":"https:\/\/octoplant.com\/fr\/wp-json\/wp\/v2\/pages\/3497\/revisions\/4152"}],"wp:attachment":[{"href":"https:\/\/octoplant.com\/fr\/wp-json\/wp\/v2\/media?parent=3497"}],"curies":[{"name":"wp","href":"https:\/\/api.w.org\/{rel}","templated":true}]}}