{"id":3489,"date":"2025-07-01T19:22:23","date_gmt":"2025-07-01T19:22:23","guid":{"rendered":"https:\/\/octoplant.com\/contact\/"},"modified":"2026-03-18T15:49:55","modified_gmt":"2026-03-18T15:49:55","slug":"contact","status":"publish","type":"page","link":"https:\/\/octoplant.com\/fr\/contact\/","title":{"rendered":"Contact"},"content":{"rendered":"\n<p>AMDT est le leader mondial des solutions de sauvegarde, de gestion de versions et de comparaison pour l\u2019automatisation industrielle, s\u2019appuyant sur pr\u00e8s de 40 ans d\u2019expertise sp\u00e9cialis\u00e9e. Notre mission, \u00ab Production Resilience Delivered \u00bb, refl\u00e8te notre engagement \u00e0 garantir que les syst\u00e8mes de production automatis\u00e9s soient s\u00e9curis\u00e9s, r\u00e9silients et capables de se r\u00e9tablir rapidement en cas de perturbations, afin de prot\u00e9ger la continuit\u00e9 et le rendement de la production.  <\/p>\n\n<p><\/p>\n\n<p>Utilisez le formulaire pour contacter notre \u00e9quipe d\u2019experts et b\u00e9n\u00e9ficier de conseils personnalis\u00e9s ainsi que d\u2019un accompagnement adapt\u00e9 \u00e0 vos besoins sp\u00e9cifiques. Si vous avez des questions concernant nos solutions logicielles ou si vous souhaitez planifier une d\u00e9monstration personnalis\u00e9e, en ligne ou sur site, nous serons ravis de vous lire et d\u2019\u00e9changer avec vous. <\/p>\n\n<div style=\"height:20px\" aria-hidden=\"true\" class=\"wp-block-spacer\"><\/div>\n\n<div class=\"wp-block-columns is-layout-flex wp-container-core-columns-is-layout-9d6595d7 wp-block-columns-is-layout-flex\">\n<div class=\"wp-block-column is-layout-flow wp-block-column-is-layout-flow\">\n<p><\/p>\n\n\n\n<p><strong><h3>EMEA &#038; APAC<\/h3><\/strong><\/p>\n\n\n\n<p><\/p>\n\n\n\n<p>AUVESY GmbH<br\/>Fichtenstra\u00dfe 38 B<br\/>76829 Landau<br\/>Allemagne<\/p>\n<\/div>\n\n\n\n<div class=\"wp-block-column is-layout-flow wp-block-column-is-layout-flow\">\n<p><\/p>\n\n\n\n<p><strong><h3>AM\u00c9RIQUES<\/h3><\/strong><\/p>\n\n\n\n<p><\/p>\n\n\n\n<p>MDT Inc. (DBA AMDT)<br\/>8000 Avalon Blvd, Suite 900<br\/>Alpharetta, GA 30009 ;<br\/>\u00c9tats-Unis d\u2019Am\u00e9rique<\/p>\n<\/div>\n\n\n\n<div class=\"wp-block-column is-layout-flow wp-block-column-is-layout-flow\">\n<p><\/p>\n\n\n\n<p><strong><h3>CHINE<\/h3><\/strong><\/p>\n\n\n\n<p><\/p>\n\n\n\n<p>AUVESY Data Management Solutions Co., Ltd.<br\/>Jinma Lu 3, Maqun, Qixia District<br\/>Nanjing, Chine<\/p>\n<\/div>\n<\/div>\n\n<div style=\"height:50px\" aria-hidden=\"true\" class=\"wp-block-spacer\"><\/div>\n\n<p>Pour toute demande g\u00e9n\u00e9rale ou pour toute autre question que vous souhaiteriez aborder, notre \u00e9quipe Marketing se tient \u00e0 votre disposition \u2014 n\u2019h\u00e9sitez pas \u00e0 nous contacter \u00e0 l\u2019adresse <a>marketing@amdt.com<\/a><\/p>\n\n<p><\/p>\n","protected":false},"excerpt":{"rendered":"<p>AMDT est le leader mondial des solutions de sauvegarde, de gestion de versions et de comparaison pour l\u2019automatisation industrielle, s\u2019appuyant sur pr\u00e8s de 40 ans d\u2019expertise sp\u00e9cialis\u00e9e. Notre mission, \u00ab Production Resilience Delivered \u00bb, refl\u00e8te notre engagement \u00e0 garantir que les syst\u00e8mes de production automatis\u00e9s soient s\u00e9curis\u00e9s, r\u00e9silients et capables de se r\u00e9tablir rapidement en<a href=\"https:\/\/octoplant.com\/fr\/contact\/\">Continuer la lecture <span class=\"sr-only\">\u00ab\u00a0Contact\u00a0\u00bb<\/span><\/a><\/p>\n","protected":false},"author":1,"featured_media":0,"parent":0,"menu_order":0,"comment_status":"closed","ping_status":"closed","template":"page-contact.php","meta":{"_acf_changed":false,"footnotes":""},"class_list":["post-3489","page","type-page","status-publish","hentry"],"acf":[],"yoast_head":"<!-- This site is optimized with the Yoast SEO plugin v27.2 - https:\/\/yoast.com\/product\/yoast-seo-wordpress\/ -->\n<title>Parlez \u00e0 nos experts | Octoplant<\/title>\n<meta name=\"description\" content=\"Contactez AMDT, le leader mondial des logiciels d\u2019automatisation industrielle. R\u00e9servez une d\u00e9monstration d\u2019octoplant ou b\u00e9n\u00e9ficiez d\u00e8s aujourd\u2019hui de conseils personnalis\u00e9s aupr\u00e8s de notre \u00e9quipe d\u2019experts.\" \/>\n<meta name=\"robots\" content=\"index, follow, max-snippet:-1, max-image-preview:large, max-video-preview:-1\" \/>\n<link rel=\"canonical\" href=\"https:\/\/octoplant.com\/fr\/contact\/\" \/>\n<meta property=\"og:locale\" content=\"fr_FR\" \/>\n<meta property=\"og:type\" content=\"article\" \/>\n<meta property=\"og:title\" content=\"Parlez \u00e0 nos experts | Octoplant\" \/>\n<meta property=\"og:description\" content=\"Contactez AMDT, le leader mondial des logiciels d\u2019automatisation industrielle. R\u00e9servez une d\u00e9monstration d\u2019octoplant ou b\u00e9n\u00e9ficiez d\u00e8s aujourd\u2019hui de conseils personnalis\u00e9s aupr\u00e8s de notre \u00e9quipe d\u2019experts.\" \/>\n<meta property=\"og:url\" content=\"https:\/\/octoplant.com\/fr\/contact\/\" \/>\n<meta property=\"og:site_name\" content=\"Octoplant\" \/>\n<meta property=\"article:modified_time\" content=\"2026-03-18T15:49:55+00:00\" \/>\n<meta name=\"twitter:card\" content=\"summary_large_image\" \/>\n<meta name=\"twitter:label1\" content=\"Dur\u00e9e de lecture estim\u00e9e\" \/>\n\t<meta name=\"twitter:data1\" content=\"1 minute\" \/>\n<script type=\"application\/ld+json\" class=\"yoast-schema-graph\">{\"@context\":\"https:\/\/schema.org\",\"@graph\":[{\"@type\":\"WebPage\",\"@id\":\"https:\/\/octoplant.com\/fr\/contact\/\",\"url\":\"https:\/\/octoplant.com\/fr\/contact\/\",\"name\":\"Parlez \u00e0 nos experts | Octoplant\",\"isPartOf\":{\"@id\":\"https:\/\/octoplant.com\/fr\/#website\"},\"datePublished\":\"2025-07-01T19:22:23+00:00\",\"dateModified\":\"2026-03-18T15:49:55+00:00\",\"description\":\"Contactez AMDT, le leader mondial des logiciels d\u2019automatisation industrielle. R\u00e9servez une d\u00e9monstration d\u2019octoplant ou b\u00e9n\u00e9ficiez d\u00e8s aujourd\u2019hui de conseils personnalis\u00e9s aupr\u00e8s de notre \u00e9quipe d\u2019experts.\",\"breadcrumb\":{\"@id\":\"https:\/\/octoplant.com\/fr\/contact\/#breadcrumb\"},\"inLanguage\":\"fr-FR\",\"potentialAction\":[{\"@type\":\"ReadAction\",\"target\":[\"https:\/\/octoplant.com\/fr\/contact\/\"]}]},{\"@type\":\"BreadcrumbList\",\"@id\":\"https:\/\/octoplant.com\/fr\/contact\/#breadcrumb\",\"itemListElement\":[{\"@type\":\"ListItem\",\"position\":1,\"name\":\"Home\",\"item\":\"https:\/\/octoplant.com\/fr\/octoplant\/\"},{\"@type\":\"ListItem\",\"position\":2,\"name\":\"Contact\"}]},{\"@type\":\"WebSite\",\"@id\":\"https:\/\/octoplant.com\/fr\/#website\",\"url\":\"https:\/\/octoplant.com\/fr\/\",\"name\":\"Octoplant\",\"description\":\"\",\"potentialAction\":[{\"@type\":\"SearchAction\",\"target\":{\"@type\":\"EntryPoint\",\"urlTemplate\":\"https:\/\/octoplant.com\/fr\/?s={search_term_string}\"},\"query-input\":{\"@type\":\"PropertyValueSpecification\",\"valueRequired\":true,\"valueName\":\"search_term_string\"}}],\"inLanguage\":\"fr-FR\"}]}<\/script>\n<!-- \/ Yoast SEO plugin. -->","yoast_head_json":{"title":"Parlez \u00e0 nos experts | Octoplant","description":"Contactez AMDT, le leader mondial des logiciels d\u2019automatisation industrielle. R\u00e9servez une d\u00e9monstration d\u2019octoplant ou b\u00e9n\u00e9ficiez d\u00e8s aujourd\u2019hui de conseils personnalis\u00e9s aupr\u00e8s de notre \u00e9quipe d\u2019experts.","robots":{"index":"index","follow":"follow","max-snippet":"max-snippet:-1","max-image-preview":"max-image-preview:large","max-video-preview":"max-video-preview:-1"},"canonical":"https:\/\/octoplant.com\/fr\/contact\/","og_locale":"fr_FR","og_type":"article","og_title":"Parlez \u00e0 nos experts | Octoplant","og_description":"Contactez AMDT, le leader mondial des logiciels d\u2019automatisation industrielle. R\u00e9servez une d\u00e9monstration d\u2019octoplant ou b\u00e9n\u00e9ficiez d\u00e8s aujourd\u2019hui de conseils personnalis\u00e9s aupr\u00e8s de notre \u00e9quipe d\u2019experts.","og_url":"https:\/\/octoplant.com\/fr\/contact\/","og_site_name":"Octoplant","article_modified_time":"2026-03-18T15:49:55+00:00","twitter_card":"summary_large_image","twitter_misc":{"Dur\u00e9e de lecture estim\u00e9e":"1 minute"},"schema":{"@context":"https:\/\/schema.org","@graph":[{"@type":"WebPage","@id":"https:\/\/octoplant.com\/fr\/contact\/","url":"https:\/\/octoplant.com\/fr\/contact\/","name":"Parlez \u00e0 nos experts | Octoplant","isPartOf":{"@id":"https:\/\/octoplant.com\/fr\/#website"},"datePublished":"2025-07-01T19:22:23+00:00","dateModified":"2026-03-18T15:49:55+00:00","description":"Contactez AMDT, le leader mondial des logiciels d\u2019automatisation industrielle. R\u00e9servez une d\u00e9monstration d\u2019octoplant ou b\u00e9n\u00e9ficiez d\u00e8s aujourd\u2019hui de conseils personnalis\u00e9s aupr\u00e8s de notre \u00e9quipe d\u2019experts.","breadcrumb":{"@id":"https:\/\/octoplant.com\/fr\/contact\/#breadcrumb"},"inLanguage":"fr-FR","potentialAction":[{"@type":"ReadAction","target":["https:\/\/octoplant.com\/fr\/contact\/"]}]},{"@type":"BreadcrumbList","@id":"https:\/\/octoplant.com\/fr\/contact\/#breadcrumb","itemListElement":[{"@type":"ListItem","position":1,"name":"Home","item":"https:\/\/octoplant.com\/fr\/octoplant\/"},{"@type":"ListItem","position":2,"name":"Contact"}]},{"@type":"WebSite","@id":"https:\/\/octoplant.com\/fr\/#website","url":"https:\/\/octoplant.com\/fr\/","name":"Octoplant","description":"","potentialAction":[{"@type":"SearchAction","target":{"@type":"EntryPoint","urlTemplate":"https:\/\/octoplant.com\/fr\/?s={search_term_string}"},"query-input":{"@type":"PropertyValueSpecification","valueRequired":true,"valueName":"search_term_string"}}],"inLanguage":"fr-FR"}]}},"_links":{"self":[{"href":"https:\/\/octoplant.com\/fr\/wp-json\/wp\/v2\/pages\/3489","targetHints":{"allow":["GET"]}}],"collection":[{"href":"https:\/\/octoplant.com\/fr\/wp-json\/wp\/v2\/pages"}],"about":[{"href":"https:\/\/octoplant.com\/fr\/wp-json\/wp\/v2\/types\/page"}],"author":[{"embeddable":true,"href":"https:\/\/octoplant.com\/fr\/wp-json\/wp\/v2\/users\/1"}],"replies":[{"embeddable":true,"href":"https:\/\/octoplant.com\/fr\/wp-json\/wp\/v2\/comments?post=3489"}],"version-history":[{"count":3,"href":"https:\/\/octoplant.com\/fr\/wp-json\/wp\/v2\/pages\/3489\/revisions"}],"predecessor-version":[{"id":3557,"href":"https:\/\/octoplant.com\/fr\/wp-json\/wp\/v2\/pages\/3489\/revisions\/3557"}],"wp:attachment":[{"href":"https:\/\/octoplant.com\/fr\/wp-json\/wp\/v2\/media?parent=3489"}],"curies":[{"name":"wp","href":"https:\/\/api.w.org\/{rel}","templated":true}]}}