{"id":2745,"date":"2025-06-11T10:46:13","date_gmt":"2025-06-11T10:46:13","guid":{"rendered":"https:\/\/octoplant.com\/donde-comprar\/"},"modified":"2026-04-13T23:08:43","modified_gmt":"2026-04-13T23:08:43","slug":"donde-comprar","status":"publish","type":"page","link":"https:\/\/octoplant.com\/es\/donde-comprar\/","title":{"rendered":"D\u00d3NDE COMPRAR"},"content":{"rendered":"\n<p>Encuentre su proveedor oficial de Octoplant y con\u00e9ctese con socios certificados en todo el mundo. Con nuestra red global de m\u00e1s de 100 socios de confianza en cada regi\u00f3n, obtendr\u00e1 no solo soporte local, sino tambi\u00e9n experiencia especializada en entornos OT, IT y automatizaci\u00f3n, desde la incorporaci\u00f3n de dispositivos hasta la implementaci\u00f3n y optimizaci\u00f3n de la seguridad. <\/p>\n\n<p>Ya sea que est\u00e9s modernizando equipos, integrando nuevos proveedores de PLC o iniciando un despliegue en m\u00faltiples sitios, nuestro ecosistema de socios garantiza una entrega confiable, una expansi\u00f3n profesional y un soporte a largo plazo.<\/p>\n\n<p><\/p>\n","protected":false},"excerpt":{"rendered":"<p>Encuentre su proveedor oficial de Octoplant y con\u00e9ctese con socios certificados en todo el mundo. Con nuestra red global de m\u00e1s de 100 socios de confianza en cada regi\u00f3n, obtendr\u00e1 no solo soporte local, sino tambi\u00e9n experiencia especializada en entornos OT, IT y automatizaci\u00f3n, desde la incorporaci\u00f3n de dispositivos hasta la implementaci\u00f3n y optimizaci\u00f3n de<a href=\"https:\/\/octoplant.com\/es\/donde-comprar\/\">Seguir leyendo <span class=\"sr-only\">\u00abD\u00d3NDE COMPRAR\u00bb<\/span><\/a><\/p>\n","protected":false},"author":1,"featured_media":0,"parent":0,"menu_order":0,"comment_status":"closed","ping_status":"closed","template":"page-partners.php","meta":{"_acf_changed":false,"footnotes":""},"class_list":["post-2745","page","type-page","status-publish","hentry"],"acf":[],"yoast_head":"<!-- This site is optimized with the Yoast SEO plugin v27.2 - https:\/\/yoast.com\/product\/yoast-seo-wordpress\/ -->\n<title>D\u00f3nde comprar - Red global de socios | Octoplant<\/title>\n<meta name=\"description\" content=\"Colaboraci\u00f3n global, acci\u00f3n local. Con\u00e9ctese con m\u00e1s de 100 socios de confianza de Octoplant para obtener experiencia local, implementaci\u00f3n fluida y soporte continuo.\" \/>\n<meta name=\"robots\" content=\"index, follow, max-snippet:-1, max-image-preview:large, max-video-preview:-1\" \/>\n<link rel=\"canonical\" href=\"https:\/\/octoplant.com\/es\/donde-comprar\/\" \/>\n<meta property=\"og:locale\" content=\"es_ES\" \/>\n<meta property=\"og:type\" content=\"article\" \/>\n<meta property=\"og:title\" content=\"D\u00f3nde comprar - Red global de socios | Octoplant\" \/>\n<meta property=\"og:description\" content=\"Colaboraci\u00f3n global, acci\u00f3n local. Con\u00e9ctese con m\u00e1s de 100 socios de confianza de Octoplant para obtener experiencia local, implementaci\u00f3n fluida y soporte continuo.\" \/>\n<meta property=\"og:url\" content=\"https:\/\/octoplant.com\/es\/donde-comprar\/\" \/>\n<meta property=\"og:site_name\" content=\"Octoplant\" \/>\n<meta property=\"article:modified_time\" content=\"2026-04-13T23:08:43+00:00\" \/>\n<meta name=\"twitter:card\" content=\"summary_large_image\" \/>\n<meta name=\"twitter:label1\" content=\"Tiempo de lectura\" \/>\n\t<meta name=\"twitter:data1\" content=\"1 minuto\" \/>\n<script type=\"application\/ld+json\" class=\"yoast-schema-graph\">{\"@context\":\"https:\/\/schema.org\",\"@graph\":[{\"@type\":\"WebPage\",\"@id\":\"https:\/\/octoplant.com\/es\/donde-comprar\/\",\"url\":\"https:\/\/octoplant.com\/es\/donde-comprar\/\",\"name\":\"D\u00f3nde comprar - Red global de socios | Octoplant\",\"isPartOf\":{\"@id\":\"https:\/\/octoplant.com\/es\/#website\"},\"datePublished\":\"2025-06-11T10:46:13+00:00\",\"dateModified\":\"2026-04-13T23:08:43+00:00\",\"description\":\"Colaboraci\u00f3n global, acci\u00f3n local. Con\u00e9ctese con m\u00e1s de 100 socios de confianza de Octoplant para obtener experiencia local, implementaci\u00f3n fluida y soporte continuo.\",\"breadcrumb\":{\"@id\":\"https:\/\/octoplant.com\/es\/donde-comprar\/#breadcrumb\"},\"inLanguage\":\"es\",\"potentialAction\":[{\"@type\":\"ReadAction\",\"target\":[\"https:\/\/octoplant.com\/es\/donde-comprar\/\"]}]},{\"@type\":\"BreadcrumbList\",\"@id\":\"https:\/\/octoplant.com\/es\/donde-comprar\/#breadcrumb\",\"itemListElement\":[{\"@type\":\"ListItem\",\"position\":1,\"name\":\"Home\",\"item\":\"https:\/\/octoplant.com\/es\/\"},{\"@type\":\"ListItem\",\"position\":2,\"name\":\"D\u00d3NDE COMPRAR\"}]},{\"@type\":\"WebSite\",\"@id\":\"https:\/\/octoplant.com\/es\/#website\",\"url\":\"https:\/\/octoplant.com\/es\/\",\"name\":\"Octoplant\",\"description\":\"\",\"potentialAction\":[{\"@type\":\"SearchAction\",\"target\":{\"@type\":\"EntryPoint\",\"urlTemplate\":\"https:\/\/octoplant.com\/es\/?s={search_term_string}\"},\"query-input\":{\"@type\":\"PropertyValueSpecification\",\"valueRequired\":true,\"valueName\":\"search_term_string\"}}],\"inLanguage\":\"es\"}]}<\/script>\n<!-- \/ Yoast SEO plugin. -->","yoast_head_json":{"title":"D\u00f3nde comprar - Red global de socios | Octoplant","description":"Colaboraci\u00f3n global, acci\u00f3n local. Con\u00e9ctese con m\u00e1s de 100 socios de confianza de Octoplant para obtener experiencia local, implementaci\u00f3n fluida y soporte continuo.","robots":{"index":"index","follow":"follow","max-snippet":"max-snippet:-1","max-image-preview":"max-image-preview:large","max-video-preview":"max-video-preview:-1"},"canonical":"https:\/\/octoplant.com\/es\/donde-comprar\/","og_locale":"es_ES","og_type":"article","og_title":"D\u00f3nde comprar - Red global de socios | Octoplant","og_description":"Colaboraci\u00f3n global, acci\u00f3n local. Con\u00e9ctese con m\u00e1s de 100 socios de confianza de Octoplant para obtener experiencia local, implementaci\u00f3n fluida y soporte continuo.","og_url":"https:\/\/octoplant.com\/es\/donde-comprar\/","og_site_name":"Octoplant","article_modified_time":"2026-04-13T23:08:43+00:00","twitter_card":"summary_large_image","twitter_misc":{"Tiempo de lectura":"1 minuto"},"schema":{"@context":"https:\/\/schema.org","@graph":[{"@type":"WebPage","@id":"https:\/\/octoplant.com\/es\/donde-comprar\/","url":"https:\/\/octoplant.com\/es\/donde-comprar\/","name":"D\u00f3nde comprar - Red global de socios | Octoplant","isPartOf":{"@id":"https:\/\/octoplant.com\/es\/#website"},"datePublished":"2025-06-11T10:46:13+00:00","dateModified":"2026-04-13T23:08:43+00:00","description":"Colaboraci\u00f3n global, acci\u00f3n local. Con\u00e9ctese con m\u00e1s de 100 socios de confianza de Octoplant para obtener experiencia local, implementaci\u00f3n fluida y soporte continuo.","breadcrumb":{"@id":"https:\/\/octoplant.com\/es\/donde-comprar\/#breadcrumb"},"inLanguage":"es","potentialAction":[{"@type":"ReadAction","target":["https:\/\/octoplant.com\/es\/donde-comprar\/"]}]},{"@type":"BreadcrumbList","@id":"https:\/\/octoplant.com\/es\/donde-comprar\/#breadcrumb","itemListElement":[{"@type":"ListItem","position":1,"name":"Home","item":"https:\/\/octoplant.com\/es\/"},{"@type":"ListItem","position":2,"name":"D\u00d3NDE COMPRAR"}]},{"@type":"WebSite","@id":"https:\/\/octoplant.com\/es\/#website","url":"https:\/\/octoplant.com\/es\/","name":"Octoplant","description":"","potentialAction":[{"@type":"SearchAction","target":{"@type":"EntryPoint","urlTemplate":"https:\/\/octoplant.com\/es\/?s={search_term_string}"},"query-input":{"@type":"PropertyValueSpecification","valueRequired":true,"valueName":"search_term_string"}}],"inLanguage":"es"}]}},"_links":{"self":[{"href":"https:\/\/octoplant.com\/es\/wp-json\/wp\/v2\/pages\/2745","targetHints":{"allow":["GET"]}}],"collection":[{"href":"https:\/\/octoplant.com\/es\/wp-json\/wp\/v2\/pages"}],"about":[{"href":"https:\/\/octoplant.com\/es\/wp-json\/wp\/v2\/types\/page"}],"author":[{"embeddable":true,"href":"https:\/\/octoplant.com\/es\/wp-json\/wp\/v2\/users\/1"}],"replies":[{"embeddable":true,"href":"https:\/\/octoplant.com\/es\/wp-json\/wp\/v2\/comments?post=2745"}],"version-history":[{"count":2,"href":"https:\/\/octoplant.com\/es\/wp-json\/wp\/v2\/pages\/2745\/revisions"}],"predecessor-version":[{"id":3949,"href":"https:\/\/octoplant.com\/es\/wp-json\/wp\/v2\/pages\/2745\/revisions\/3949"}],"wp:attachment":[{"href":"https:\/\/octoplant.com\/es\/wp-json\/wp\/v2\/media?parent=2745"}],"curies":[{"name":"wp","href":"https:\/\/api.w.org\/{rel}","templated":true}]}}