{"id":2737,"date":"2025-07-16T10:26:22","date_gmt":"2025-07-16T10:26:22","guid":{"rendered":"https:\/\/octoplant.com\/precios\/"},"modified":"2026-03-17T00:02:29","modified_gmt":"2026-03-17T00:02:29","slug":"precios","status":"publish","type":"page","link":"https:\/\/octoplant.com\/es\/precios\/","title":{"rendered":"Precios"},"content":{"rendered":"\n<p>En AMDT creemos que una tecnolog\u00eda poderosa debe ir acompa\u00f1ada de un modelo de precios f\u00e1cil de entender, justo y preparado para crecer contigo. Por eso hemos dise\u00f1ado la forma en que se licencia Octoplant, para que puedas enfocarte en construir operaciones resilientes y no en descifrar niveles de precios.<\/p>\n","protected":false},"excerpt":{"rendered":"<p>En AMDT creemos que una tecnolog\u00eda poderosa debe ir acompa\u00f1ada de un modelo de precios f\u00e1cil de entender, justo y preparado para crecer contigo. Por eso hemos dise\u00f1ado la forma en que se licencia Octoplant, para que puedas enfocarte en construir operaciones resilientes y no en descifrar niveles de precios.<\/p>\n","protected":false},"author":1,"featured_media":0,"parent":0,"menu_order":0,"comment_status":"closed","ping_status":"closed","template":"page-pricing.php","meta":{"_acf_changed":false,"footnotes":""},"class_list":["post-2737","page","type-page","status-publish","hentry"],"acf":[],"yoast_head":"<!-- This site is optimized with the Yoast SEO plugin v27.2 - https:\/\/yoast.com\/product\/yoast-seo-wordpress\/ -->\n<title>Precios | Octoplant<\/title>\n<meta name=\"description\" content=\"Una licencia, infinitas posibilidades. Precios escalables con opciones de pago por dispositivo, actualizaciones sencillas a medida que tu negocio crece y almacenamiento ilimitado de documentos.\" \/>\n<meta name=\"robots\" content=\"index, follow, max-snippet:-1, max-image-preview:large, max-video-preview:-1\" \/>\n<link rel=\"canonical\" href=\"https:\/\/octoplant.com\/es\/precios\/\" \/>\n<meta property=\"og:locale\" content=\"es_ES\" \/>\n<meta property=\"og:type\" content=\"article\" \/>\n<meta property=\"og:title\" content=\"Precios | Octoplant\" \/>\n<meta property=\"og:description\" content=\"Una licencia, infinitas posibilidades. Precios escalables con opciones de pago por dispositivo, actualizaciones sencillas a medida que tu negocio crece y almacenamiento ilimitado de documentos.\" \/>\n<meta property=\"og:url\" content=\"https:\/\/octoplant.com\/es\/precios\/\" \/>\n<meta property=\"og:site_name\" content=\"Octoplant\" \/>\n<meta property=\"article:modified_time\" content=\"2026-03-17T00:02:29+00:00\" \/>\n<meta name=\"twitter:card\" content=\"summary_large_image\" \/>\n<script type=\"application\/ld+json\" class=\"yoast-schema-graph\">{\"@context\":\"https:\/\/schema.org\",\"@graph\":[{\"@type\":\"WebPage\",\"@id\":\"https:\/\/octoplant.com\/es\/precios\/\",\"url\":\"https:\/\/octoplant.com\/es\/precios\/\",\"name\":\"Precios | Octoplant\",\"isPartOf\":{\"@id\":\"https:\/\/octoplant.com\/es\/#website\"},\"datePublished\":\"2025-07-16T10:26:22+00:00\",\"dateModified\":\"2026-03-17T00:02:29+00:00\",\"description\":\"Una licencia, infinitas posibilidades. Precios escalables con opciones de pago por dispositivo, actualizaciones sencillas a medida que tu negocio crece y almacenamiento ilimitado de documentos.\",\"breadcrumb\":{\"@id\":\"https:\/\/octoplant.com\/es\/precios\/#breadcrumb\"},\"inLanguage\":\"es\",\"potentialAction\":[{\"@type\":\"ReadAction\",\"target\":[\"https:\/\/octoplant.com\/es\/precios\/\"]}]},{\"@type\":\"BreadcrumbList\",\"@id\":\"https:\/\/octoplant.com\/es\/precios\/#breadcrumb\",\"itemListElement\":[{\"@type\":\"ListItem\",\"position\":1,\"name\":\"Home\",\"item\":\"https:\/\/octoplant.com\/es\/\"},{\"@type\":\"ListItem\",\"position\":2,\"name\":\"Precios\"}]},{\"@type\":\"WebSite\",\"@id\":\"https:\/\/octoplant.com\/es\/#website\",\"url\":\"https:\/\/octoplant.com\/es\/\",\"name\":\"Octoplant\",\"description\":\"\",\"potentialAction\":[{\"@type\":\"SearchAction\",\"target\":{\"@type\":\"EntryPoint\",\"urlTemplate\":\"https:\/\/octoplant.com\/es\/?s={search_term_string}\"},\"query-input\":{\"@type\":\"PropertyValueSpecification\",\"valueRequired\":true,\"valueName\":\"search_term_string\"}}],\"inLanguage\":\"es\"}]}<\/script>\n<!-- \/ Yoast SEO plugin. -->","yoast_head_json":{"title":"Precios | Octoplant","description":"Una licencia, infinitas posibilidades. Precios escalables con opciones de pago por dispositivo, actualizaciones sencillas a medida que tu negocio crece y almacenamiento ilimitado de documentos.","robots":{"index":"index","follow":"follow","max-snippet":"max-snippet:-1","max-image-preview":"max-image-preview:large","max-video-preview":"max-video-preview:-1"},"canonical":"https:\/\/octoplant.com\/es\/precios\/","og_locale":"es_ES","og_type":"article","og_title":"Precios | Octoplant","og_description":"Una licencia, infinitas posibilidades. Precios escalables con opciones de pago por dispositivo, actualizaciones sencillas a medida que tu negocio crece y almacenamiento ilimitado de documentos.","og_url":"https:\/\/octoplant.com\/es\/precios\/","og_site_name":"Octoplant","article_modified_time":"2026-03-17T00:02:29+00:00","twitter_card":"summary_large_image","schema":{"@context":"https:\/\/schema.org","@graph":[{"@type":"WebPage","@id":"https:\/\/octoplant.com\/es\/precios\/","url":"https:\/\/octoplant.com\/es\/precios\/","name":"Precios | Octoplant","isPartOf":{"@id":"https:\/\/octoplant.com\/es\/#website"},"datePublished":"2025-07-16T10:26:22+00:00","dateModified":"2026-03-17T00:02:29+00:00","description":"Una licencia, infinitas posibilidades. Precios escalables con opciones de pago por dispositivo, actualizaciones sencillas a medida que tu negocio crece y almacenamiento ilimitado de documentos.","breadcrumb":{"@id":"https:\/\/octoplant.com\/es\/precios\/#breadcrumb"},"inLanguage":"es","potentialAction":[{"@type":"ReadAction","target":["https:\/\/octoplant.com\/es\/precios\/"]}]},{"@type":"BreadcrumbList","@id":"https:\/\/octoplant.com\/es\/precios\/#breadcrumb","itemListElement":[{"@type":"ListItem","position":1,"name":"Home","item":"https:\/\/octoplant.com\/es\/"},{"@type":"ListItem","position":2,"name":"Precios"}]},{"@type":"WebSite","@id":"https:\/\/octoplant.com\/es\/#website","url":"https:\/\/octoplant.com\/es\/","name":"Octoplant","description":"","potentialAction":[{"@type":"SearchAction","target":{"@type":"EntryPoint","urlTemplate":"https:\/\/octoplant.com\/es\/?s={search_term_string}"},"query-input":{"@type":"PropertyValueSpecification","valueRequired":true,"valueName":"search_term_string"}}],"inLanguage":"es"}]}},"_links":{"self":[{"href":"https:\/\/octoplant.com\/es\/wp-json\/wp\/v2\/pages\/2737","targetHints":{"allow":["GET"]}}],"collection":[{"href":"https:\/\/octoplant.com\/es\/wp-json\/wp\/v2\/pages"}],"about":[{"href":"https:\/\/octoplant.com\/es\/wp-json\/wp\/v2\/types\/page"}],"author":[{"embeddable":true,"href":"https:\/\/octoplant.com\/es\/wp-json\/wp\/v2\/users\/1"}],"replies":[{"embeddable":true,"href":"https:\/\/octoplant.com\/es\/wp-json\/wp\/v2\/comments?post=2737"}],"version-history":[{"count":2,"href":"https:\/\/octoplant.com\/es\/wp-json\/wp\/v2\/pages\/2737\/revisions"}],"predecessor-version":[{"id":4075,"href":"https:\/\/octoplant.com\/es\/wp-json\/wp\/v2\/pages\/2737\/revisions\/4075"}],"wp:attachment":[{"href":"https:\/\/octoplant.com\/es\/wp-json\/wp\/v2\/media?parent=2737"}],"curies":[{"name":"wp","href":"https:\/\/api.w.org\/{rel}","templated":true}]}}