{"id":2733,"date":"2025-06-18T15:24:46","date_gmt":"2025-06-18T15:24:46","guid":{"rendered":"https:\/\/octoplant.com\/octoplant-2\/"},"modified":"2026-03-17T04:40:43","modified_gmt":"2026-03-17T04:40:43","slug":"octoplant-es","status":"publish","type":"page","link":"https:\/\/octoplant.com\/es\/octoplant-es\/","title":{"rendered":"Octoplant"},"content":{"rendered":"\n<p>Octoplant es el est\u00e1ndar de confianza de la industria para el control de versiones, la consistencia de datos y la visibilidad de los sistemas en entornos de producci\u00f3n industrial. Permite el almacenamiento seguro, el seguimiento y la comparaci\u00f3n de datos de automatizaci\u00f3n en dispositivos, l\u00edneas y plantas completas, haciendo que la recuperaci\u00f3n r\u00e1pida y la protecci\u00f3n contra cambios no autorizados formen parte de las operaciones diarias. Ya sea gestionando una sola planta o una red global, Octoplant garantiza que los activos de producci\u00f3n est\u00e9n siempre alineados, sean trazables y seguros.  <\/p>\n\n<p>Dise\u00f1ado para fortalecer la resiliencia operativa, Octoplant permite a los fabricantes responder r\u00e1pidamente ante interrupciones inesperadas.<br\/>Su arquitectura robusta y las herramientas integradas de business intelligence proporcionan monitoreo continuo, diagn\u00f3sticos avanzados e insights accionables.<br\/>Al alinearse con las necesidades espec\u00edficas de distintos entornos de producci\u00f3n, Octoplant ayuda a las organizaciones a mantener el rendimiento, proteger la producci\u00f3n y garantizar operaciones ininterrumpidas en ocho \u00e1reas funcionales esenciales.  <\/p>\n\n<p><\/p>\n","protected":false},"excerpt":{"rendered":"<p>Octoplant es el est\u00e1ndar de confianza de la industria para el control de versiones, la consistencia de datos y la visibilidad de los sistemas en entornos de producci\u00f3n industrial. Permite el almacenamiento seguro, el seguimiento y la comparaci\u00f3n de datos de automatizaci\u00f3n en dispositivos, l\u00edneas y plantas completas, haciendo que la recuperaci\u00f3n r\u00e1pida y la<a href=\"https:\/\/octoplant.com\/es\/octoplant-es\/\">Seguir leyendo <span class=\"sr-only\">\u00abOctoplant\u00bb<\/span><\/a><\/p>\n","protected":false},"author":1,"featured_media":0,"parent":0,"menu_order":0,"comment_status":"closed","ping_status":"closed","template":"page-octoplant.php","meta":{"_acf_changed":false,"footnotes":""},"class_list":["post-2733","page","type-page","status-publish","hentry"],"acf":[],"yoast_head":"<!-- This site is optimized with the Yoast SEO plugin v27.2 - https:\/\/yoast.com\/product\/yoast-seo-wordpress\/ -->\n<title>Resiliencia de la producci\u00f3n frente a interrupciones | Octoplant<\/title>\n<meta name=\"description\" content=\"Protege, alinea y asegura tus activos de producci\u00f3n con Octoplant. El est\u00e1ndar de la industria para el control de versiones, la consistencia de datos y la recuperaci\u00f3n r\u00e1pida.\" \/>\n<meta name=\"robots\" content=\"index, follow, max-snippet:-1, max-image-preview:large, max-video-preview:-1\" \/>\n<link rel=\"canonical\" href=\"https:\/\/octoplant.com\/es\/octoplant-es\/\" \/>\n<meta property=\"og:locale\" content=\"es_ES\" \/>\n<meta property=\"og:type\" content=\"article\" \/>\n<meta property=\"og:title\" content=\"Resiliencia de la producci\u00f3n frente a interrupciones | Octoplant\" \/>\n<meta property=\"og:description\" content=\"Protege, alinea y asegura tus activos de producci\u00f3n con Octoplant. El est\u00e1ndar de la industria para el control de versiones, la consistencia de datos y la recuperaci\u00f3n r\u00e1pida.\" \/>\n<meta property=\"og:url\" content=\"https:\/\/octoplant.com\/es\/octoplant-es\/\" \/>\n<meta property=\"og:site_name\" content=\"Octoplant\" \/>\n<meta property=\"article:modified_time\" content=\"2026-03-17T04:40:43+00:00\" \/>\n<meta name=\"twitter:card\" content=\"summary_large_image\" \/>\n<meta name=\"twitter:label1\" content=\"Tiempo de lectura\" \/>\n\t<meta name=\"twitter:data1\" content=\"1 minuto\" \/>\n<script type=\"application\/ld+json\" class=\"yoast-schema-graph\">{\"@context\":\"https:\/\/schema.org\",\"@graph\":[{\"@type\":\"WebPage\",\"@id\":\"https:\/\/octoplant.com\/es\/octoplant-es\/\",\"url\":\"https:\/\/octoplant.com\/es\/octoplant-es\/\",\"name\":\"Resiliencia de la producci\u00f3n frente a interrupciones | Octoplant\",\"isPartOf\":{\"@id\":\"https:\/\/octoplant.com\/es\/#website\"},\"datePublished\":\"2025-06-18T15:24:46+00:00\",\"dateModified\":\"2026-03-17T04:40:43+00:00\",\"description\":\"Protege, alinea y asegura tus activos de producci\u00f3n con Octoplant. El est\u00e1ndar de la industria para el control de versiones, la consistencia de datos y la recuperaci\u00f3n r\u00e1pida.\",\"breadcrumb\":{\"@id\":\"https:\/\/octoplant.com\/es\/octoplant-es\/#breadcrumb\"},\"inLanguage\":\"es\",\"potentialAction\":[{\"@type\":\"ReadAction\",\"target\":[\"https:\/\/octoplant.com\/es\/octoplant-es\/\"]}]},{\"@type\":\"BreadcrumbList\",\"@id\":\"https:\/\/octoplant.com\/es\/octoplant-es\/#breadcrumb\",\"itemListElement\":[{\"@type\":\"ListItem\",\"position\":1,\"name\":\"Home\",\"item\":\"https:\/\/octoplant.com\/es\/\"},{\"@type\":\"ListItem\",\"position\":2,\"name\":\"Octoplant\"}]},{\"@type\":\"WebSite\",\"@id\":\"https:\/\/octoplant.com\/es\/#website\",\"url\":\"https:\/\/octoplant.com\/es\/\",\"name\":\"Octoplant\",\"description\":\"\",\"potentialAction\":[{\"@type\":\"SearchAction\",\"target\":{\"@type\":\"EntryPoint\",\"urlTemplate\":\"https:\/\/octoplant.com\/es\/?s={search_term_string}\"},\"query-input\":{\"@type\":\"PropertyValueSpecification\",\"valueRequired\":true,\"valueName\":\"search_term_string\"}}],\"inLanguage\":\"es\"}]}<\/script>\n<!-- \/ Yoast SEO plugin. -->","yoast_head_json":{"title":"Resiliencia de la producci\u00f3n frente a interrupciones | Octoplant","description":"Protege, alinea y asegura tus activos de producci\u00f3n con Octoplant. El est\u00e1ndar de la industria para el control de versiones, la consistencia de datos y la recuperaci\u00f3n r\u00e1pida.","robots":{"index":"index","follow":"follow","max-snippet":"max-snippet:-1","max-image-preview":"max-image-preview:large","max-video-preview":"max-video-preview:-1"},"canonical":"https:\/\/octoplant.com\/es\/octoplant-es\/","og_locale":"es_ES","og_type":"article","og_title":"Resiliencia de la producci\u00f3n frente a interrupciones | Octoplant","og_description":"Protege, alinea y asegura tus activos de producci\u00f3n con Octoplant. El est\u00e1ndar de la industria para el control de versiones, la consistencia de datos y la recuperaci\u00f3n r\u00e1pida.","og_url":"https:\/\/octoplant.com\/es\/octoplant-es\/","og_site_name":"Octoplant","article_modified_time":"2026-03-17T04:40:43+00:00","twitter_card":"summary_large_image","twitter_misc":{"Tiempo de lectura":"1 minuto"},"schema":{"@context":"https:\/\/schema.org","@graph":[{"@type":"WebPage","@id":"https:\/\/octoplant.com\/es\/octoplant-es\/","url":"https:\/\/octoplant.com\/es\/octoplant-es\/","name":"Resiliencia de la producci\u00f3n frente a interrupciones | Octoplant","isPartOf":{"@id":"https:\/\/octoplant.com\/es\/#website"},"datePublished":"2025-06-18T15:24:46+00:00","dateModified":"2026-03-17T04:40:43+00:00","description":"Protege, alinea y asegura tus activos de producci\u00f3n con Octoplant. El est\u00e1ndar de la industria para el control de versiones, la consistencia de datos y la recuperaci\u00f3n r\u00e1pida.","breadcrumb":{"@id":"https:\/\/octoplant.com\/es\/octoplant-es\/#breadcrumb"},"inLanguage":"es","potentialAction":[{"@type":"ReadAction","target":["https:\/\/octoplant.com\/es\/octoplant-es\/"]}]},{"@type":"BreadcrumbList","@id":"https:\/\/octoplant.com\/es\/octoplant-es\/#breadcrumb","itemListElement":[{"@type":"ListItem","position":1,"name":"Home","item":"https:\/\/octoplant.com\/es\/"},{"@type":"ListItem","position":2,"name":"Octoplant"}]},{"@type":"WebSite","@id":"https:\/\/octoplant.com\/es\/#website","url":"https:\/\/octoplant.com\/es\/","name":"Octoplant","description":"","potentialAction":[{"@type":"SearchAction","target":{"@type":"EntryPoint","urlTemplate":"https:\/\/octoplant.com\/es\/?s={search_term_string}"},"query-input":{"@type":"PropertyValueSpecification","valueRequired":true,"valueName":"search_term_string"}}],"inLanguage":"es"}]}},"_links":{"self":[{"href":"https:\/\/octoplant.com\/es\/wp-json\/wp\/v2\/pages\/2733","targetHints":{"allow":["GET"]}}],"collection":[{"href":"https:\/\/octoplant.com\/es\/wp-json\/wp\/v2\/pages"}],"about":[{"href":"https:\/\/octoplant.com\/es\/wp-json\/wp\/v2\/types\/page"}],"author":[{"embeddable":true,"href":"https:\/\/octoplant.com\/es\/wp-json\/wp\/v2\/users\/1"}],"replies":[{"embeddable":true,"href":"https:\/\/octoplant.com\/es\/wp-json\/wp\/v2\/comments?post=2733"}],"version-history":[{"count":6,"href":"https:\/\/octoplant.com\/es\/wp-json\/wp\/v2\/pages\/2733\/revisions"}],"predecessor-version":[{"id":4099,"href":"https:\/\/octoplant.com\/es\/wp-json\/wp\/v2\/pages\/2733\/revisions\/4099"}],"wp:attachment":[{"href":"https:\/\/octoplant.com\/es\/wp-json\/wp\/v2\/media?parent=2733"}],"curies":[{"name":"wp","href":"https:\/\/api.w.org\/{rel}","templated":true}]}}