{"id":2725,"date":"2025-07-01T19:22:23","date_gmt":"2025-07-01T19:22:23","guid":{"rendered":"https:\/\/octoplant.com\/contacto\/"},"modified":"2026-03-18T15:49:12","modified_gmt":"2026-03-18T15:49:12","slug":"contacto","status":"publish","type":"page","link":"https:\/\/octoplant.com\/es\/contacto\/","title":{"rendered":"Contacto"},"content":{"rendered":"\n<p>AMDT es el l\u00edder global en soluciones de respaldo, control de versiones y comparaci\u00f3n para la automatizaci\u00f3n industrial, construidas sobre casi 40 a\u00f1os de experiencia especializada. Nuestra misi\u00f3n, \u201cEntrega Resiliencia en la Producci\u00f3n\u201d, refleja nuestro compromiso de garantizar que los sistemas de producci\u00f3n automatizados sean seguros, resilientes y capaces de recuperarse r\u00e1pidamente de las interrupciones, protegiendo as\u00ed la continuidad de la producci\u00f3n.  <\/p>\n\n<p><\/p>\n\n<p>Utiliza el formulario para contactar a nuestro equipo de expertos y recibir asesoramiento y soporte personalizados, adaptados a tus necesidades. Si tienes alguna pregunta sobre nuestras soluciones de software o deseas programar una demostraci\u00f3n personalizada, ya sea en l\u00ednea o presencial, \u00a1estaremos encantados de atenderte! <\/p>\n\n<div style=\"height:20px\" aria-hidden=\"true\" class=\"wp-block-spacer\"><\/div>\n\n<div class=\"wp-block-columns is-layout-flex wp-container-core-columns-is-layout-9d6595d7 wp-block-columns-is-layout-flex\">\n<div class=\"wp-block-column is-layout-flow wp-block-column-is-layout-flow\">\n<p><\/p>\n\n\n\n<p><strong><h3>EMEA &#038; APAC<\/h3><\/strong><\/p>\n\n\n\n<p><\/p>\n\n\n\n<p>AUVESY GmbH<br\/>Fichtenstra\u00dfe 38 B<br\/>76829 Landau<br\/>Germany (Alemania)<\/p>\n<\/div>\n\n\n\n<div class=\"wp-block-column is-layout-flow wp-block-column-is-layout-flow\">\n<p><\/p>\n\n\n\n<p><strong><h3>AMERICAS<\/h3><\/strong><\/p>\n\n\n\n<p><\/p>\n\n\n\n<p>MDT Inc. (DBA AMDT)<br\/>8000 Avalon Blvd, Suite 900<br\/>Alpharetta, GA 30009;<br\/>United States of America (Estados unidos de Am\u00e9rica)<\/p>\n<\/div>\n\n\n\n<div class=\"wp-block-column is-layout-flow wp-block-column-is-layout-flow\">\n<p><\/p>\n\n\n\n<p><strong><h3>CHINA<\/h3><\/strong><\/p>\n\n\n\n<p><\/p>\n\n\n\n<p>AUVESY Data Management Solutions Co., Ltd.<br\/>Jinma Lu 3, Maqun, Qixia District, Nanjing China<\/p>\n<\/div>\n<\/div>\n\n<div style=\"height:50px\" aria-hidden=\"true\" class=\"wp-block-spacer\"><\/div>\n\n<p>Para consultas generales o cualquier otro tema que desees tratar, nuestro equipo de Marketing estar\u00e1 encantado de ayudarte. No dudes en comunicarte con nosotros a trav\u00e9s de <a>marketing@amdt.com<\/a><\/p>\n\n<p><\/p>\n","protected":false},"excerpt":{"rendered":"<p>AMDT es el l\u00edder global en soluciones de respaldo, control de versiones y comparaci\u00f3n para la automatizaci\u00f3n industrial, construidas sobre casi 40 a\u00f1os de experiencia especializada. Nuestra misi\u00f3n, \u201cEntrega Resiliencia en la Producci\u00f3n\u201d, refleja nuestro compromiso de garantizar que los sistemas de producci\u00f3n automatizados sean seguros, resilientes y capaces de recuperarse r\u00e1pidamente de las interrupciones,<a href=\"https:\/\/octoplant.com\/es\/contacto\/\">Seguir leyendo <span class=\"sr-only\">\u00abContacto\u00bb<\/span><\/a><\/p>\n","protected":false},"author":1,"featured_media":0,"parent":0,"menu_order":0,"comment_status":"closed","ping_status":"closed","template":"page-contact.php","meta":{"_acf_changed":false,"footnotes":""},"class_list":["post-2725","page","type-page","status-publish","hentry"],"acf":[],"yoast_head":"<!-- This site is optimized with the Yoast SEO plugin v27.2 - https:\/\/yoast.com\/product\/yoast-seo-wordpress\/ -->\n<title>Hablamos con Nuestros Expertos | Octoplant<\/title>\n<meta name=\"description\" content=\"Contacta con AMDT, l\u00edder mundial en software de automatizaci\u00f3n industrial. Solicita una demostraci\u00f3n de Octoplant o recibe asesoramiento personalizado de nuestro equipo de expertos hoy mismo.\" \/>\n<meta name=\"robots\" content=\"index, follow, max-snippet:-1, max-image-preview:large, max-video-preview:-1\" \/>\n<link rel=\"canonical\" href=\"https:\/\/octoplant.com\/es\/contacto\/\" \/>\n<meta property=\"og:locale\" content=\"es_ES\" \/>\n<meta property=\"og:type\" content=\"article\" \/>\n<meta property=\"og:title\" content=\"Hablamos con Nuestros Expertos | Octoplant\" \/>\n<meta property=\"og:description\" content=\"Contacta con AMDT, l\u00edder mundial en software de automatizaci\u00f3n industrial. Solicita una demostraci\u00f3n de Octoplant o recibe asesoramiento personalizado de nuestro equipo de expertos hoy mismo.\" \/>\n<meta property=\"og:url\" content=\"https:\/\/octoplant.com\/es\/contacto\/\" \/>\n<meta property=\"og:site_name\" content=\"Octoplant\" \/>\n<meta property=\"article:modified_time\" content=\"2026-03-18T15:49:12+00:00\" \/>\n<meta name=\"twitter:card\" content=\"summary_large_image\" \/>\n<meta name=\"twitter:label1\" content=\"Tiempo de lectura\" \/>\n\t<meta name=\"twitter:data1\" content=\"1 minuto\" \/>\n<script type=\"application\/ld+json\" class=\"yoast-schema-graph\">{\"@context\":\"https:\/\/schema.org\",\"@graph\":[{\"@type\":\"WebPage\",\"@id\":\"https:\/\/octoplant.com\/es\/contacto\/\",\"url\":\"https:\/\/octoplant.com\/es\/contacto\/\",\"name\":\"Hablamos con Nuestros Expertos | Octoplant\",\"isPartOf\":{\"@id\":\"https:\/\/octoplant.com\/es\/#website\"},\"datePublished\":\"2025-07-01T19:22:23+00:00\",\"dateModified\":\"2026-03-18T15:49:12+00:00\",\"description\":\"Contacta con AMDT, l\u00edder mundial en software de automatizaci\u00f3n industrial. Solicita una demostraci\u00f3n de Octoplant o recibe asesoramiento personalizado de nuestro equipo de expertos hoy mismo.\",\"breadcrumb\":{\"@id\":\"https:\/\/octoplant.com\/es\/contacto\/#breadcrumb\"},\"inLanguage\":\"es\",\"potentialAction\":[{\"@type\":\"ReadAction\",\"target\":[\"https:\/\/octoplant.com\/es\/contacto\/\"]}]},{\"@type\":\"BreadcrumbList\",\"@id\":\"https:\/\/octoplant.com\/es\/contacto\/#breadcrumb\",\"itemListElement\":[{\"@type\":\"ListItem\",\"position\":1,\"name\":\"Home\",\"item\":\"https:\/\/octoplant.com\/es\/\"},{\"@type\":\"ListItem\",\"position\":2,\"name\":\"Contacto\"}]},{\"@type\":\"WebSite\",\"@id\":\"https:\/\/octoplant.com\/es\/#website\",\"url\":\"https:\/\/octoplant.com\/es\/\",\"name\":\"Octoplant\",\"description\":\"\",\"potentialAction\":[{\"@type\":\"SearchAction\",\"target\":{\"@type\":\"EntryPoint\",\"urlTemplate\":\"https:\/\/octoplant.com\/es\/?s={search_term_string}\"},\"query-input\":{\"@type\":\"PropertyValueSpecification\",\"valueRequired\":true,\"valueName\":\"search_term_string\"}}],\"inLanguage\":\"es\"}]}<\/script>\n<!-- \/ Yoast SEO plugin. -->","yoast_head_json":{"title":"Hablamos con Nuestros Expertos | Octoplant","description":"Contacta con AMDT, l\u00edder mundial en software de automatizaci\u00f3n industrial. Solicita una demostraci\u00f3n de Octoplant o recibe asesoramiento personalizado de nuestro equipo de expertos hoy mismo.","robots":{"index":"index","follow":"follow","max-snippet":"max-snippet:-1","max-image-preview":"max-image-preview:large","max-video-preview":"max-video-preview:-1"},"canonical":"https:\/\/octoplant.com\/es\/contacto\/","og_locale":"es_ES","og_type":"article","og_title":"Hablamos con Nuestros Expertos | Octoplant","og_description":"Contacta con AMDT, l\u00edder mundial en software de automatizaci\u00f3n industrial. Solicita una demostraci\u00f3n de Octoplant o recibe asesoramiento personalizado de nuestro equipo de expertos hoy mismo.","og_url":"https:\/\/octoplant.com\/es\/contacto\/","og_site_name":"Octoplant","article_modified_time":"2026-03-18T15:49:12+00:00","twitter_card":"summary_large_image","twitter_misc":{"Tiempo de lectura":"1 minuto"},"schema":{"@context":"https:\/\/schema.org","@graph":[{"@type":"WebPage","@id":"https:\/\/octoplant.com\/es\/contacto\/","url":"https:\/\/octoplant.com\/es\/contacto\/","name":"Hablamos con Nuestros Expertos | Octoplant","isPartOf":{"@id":"https:\/\/octoplant.com\/es\/#website"},"datePublished":"2025-07-01T19:22:23+00:00","dateModified":"2026-03-18T15:49:12+00:00","description":"Contacta con AMDT, l\u00edder mundial en software de automatizaci\u00f3n industrial. Solicita una demostraci\u00f3n de Octoplant o recibe asesoramiento personalizado de nuestro equipo de expertos hoy mismo.","breadcrumb":{"@id":"https:\/\/octoplant.com\/es\/contacto\/#breadcrumb"},"inLanguage":"es","potentialAction":[{"@type":"ReadAction","target":["https:\/\/octoplant.com\/es\/contacto\/"]}]},{"@type":"BreadcrumbList","@id":"https:\/\/octoplant.com\/es\/contacto\/#breadcrumb","itemListElement":[{"@type":"ListItem","position":1,"name":"Home","item":"https:\/\/octoplant.com\/es\/"},{"@type":"ListItem","position":2,"name":"Contacto"}]},{"@type":"WebSite","@id":"https:\/\/octoplant.com\/es\/#website","url":"https:\/\/octoplant.com\/es\/","name":"Octoplant","description":"","potentialAction":[{"@type":"SearchAction","target":{"@type":"EntryPoint","urlTemplate":"https:\/\/octoplant.com\/es\/?s={search_term_string}"},"query-input":{"@type":"PropertyValueSpecification","valueRequired":true,"valueName":"search_term_string"}}],"inLanguage":"es"}]}},"_links":{"self":[{"href":"https:\/\/octoplant.com\/es\/wp-json\/wp\/v2\/pages\/2725","targetHints":{"allow":["GET"]}}],"collection":[{"href":"https:\/\/octoplant.com\/es\/wp-json\/wp\/v2\/pages"}],"about":[{"href":"https:\/\/octoplant.com\/es\/wp-json\/wp\/v2\/types\/page"}],"author":[{"embeddable":true,"href":"https:\/\/octoplant.com\/es\/wp-json\/wp\/v2\/users\/1"}],"replies":[{"embeddable":true,"href":"https:\/\/octoplant.com\/es\/wp-json\/wp\/v2\/comments?post=2725"}],"version-history":[{"count":3,"href":"https:\/\/octoplant.com\/es\/wp-json\/wp\/v2\/pages\/2725\/revisions"}],"predecessor-version":[{"id":3553,"href":"https:\/\/octoplant.com\/es\/wp-json\/wp\/v2\/pages\/2725\/revisions\/3553"}],"wp:attachment":[{"href":"https:\/\/octoplant.com\/es\/wp-json\/wp\/v2\/media?parent=2725"}],"curies":[{"name":"wp","href":"https:\/\/api.w.org\/{rel}","templated":true}]}}