{"id":3747,"date":"2025-11-20T17:16:11","date_gmt":"2025-11-20T17:16:11","guid":{"rendered":"https:\/\/octoplant.com\/industrielle-ot-sicherheit-im-wandel\/"},"modified":"2026-03-12T07:50:16","modified_gmt":"2026-03-12T07:50:16","slug":"industrielle-ot-sicherheit-im-wandel","status":"publish","type":"page","link":"https:\/\/octoplant.com\/de\/industrielle-ot-sicherheit-im-wandel\/","title":{"rendered":"Industrielle OT-Sicherheit im Wandel"},"content":{"rendered":"\n<p>Um die Produktion am Laufen zu halten, modernisieren Hersteller ihre Werke, vernetzen immer mehr Systeme und setzen verst\u00e4rkt auf Automatisierung. Gleichzeitig werden OT-Umgebungen jedoch immer schwerer beherrschbar, schwieriger abzusichern und anf\u00e4lliger f\u00fcr St\u00f6rungen. <\/p>\n\n\n\n<p>Unsere aktuellen globalen OT-Sicherheitsberichte zeigen in allen Regionen dasselbe Muster: Unternehmen sind zuversichtlich. Operative Teams erkennen die Schwachstellen. Und genau in der L\u00fccke zwischen beiden w\u00e4chst das Risiko.<\/p>\n","protected":false},"excerpt":{"rendered":"<p>Um die Produktion am Laufen zu halten, modernisieren Hersteller ihre Werke, vernetzen immer mehr Systeme und setzen verst\u00e4rkt auf Automatisierung. Gleichzeitig werden OT-Umgebungen jedoch immer schwerer beherrschbar, schwieriger abzusichern und anf\u00e4lliger f\u00fcr St\u00f6rungen. Unsere aktuellen globalen OT-Sicherheitsberichte zeigen in allen Regionen dasselbe Muster: Unternehmen sind zuversichtlich. Operative Teams erkennen die Schwachstellen. Und genau in der<a href=\"https:\/\/octoplant.com\/de\/industrielle-ot-sicherheit-im-wandel\/\">Continue reading <span class=\"sr-only\">&#8222;Industrielle OT-Sicherheit im Wandel&#8220;<\/span><\/a><\/p>\n","protected":false},"author":1,"featured_media":0,"parent":0,"menu_order":0,"comment_status":"closed","ping_status":"closed","template":"page-iots.php","meta":{"_acf_changed":false,"footnotes":""},"class_list":["post-3747","page","type-page","status-publish","hentry"],"acf":[],"yoast_head":"<!-- This site is optimized with the Yoast SEO plugin v27.2 - https:\/\/yoast.com\/product\/yoast-seo-wordpress\/ -->\n<title>Industrielle OT-Sicherheit im Wandel - Octoplant<\/title>\n<meta name=\"robots\" content=\"index, follow, max-snippet:-1, max-image-preview:large, max-video-preview:-1\" \/>\n<link rel=\"canonical\" href=\"https:\/\/octoplant.com\/de\/industrielle-ot-sicherheit-im-wandel\/\" \/>\n<meta property=\"og:locale\" content=\"de_DE\" \/>\n<meta property=\"og:type\" content=\"article\" \/>\n<meta property=\"og:title\" content=\"Industrielle OT-Sicherheit im Wandel - Octoplant\" \/>\n<meta property=\"og:description\" content=\"Um die Produktion am Laufen zu halten, modernisieren Hersteller ihre Werke, vernetzen immer mehr Systeme und setzen verst\u00e4rkt auf Automatisierung. Gleichzeitig werden OT-Umgebungen jedoch immer schwerer beherrschbar, schwieriger abzusichern und anf\u00e4lliger f\u00fcr St\u00f6rungen. Unsere aktuellen globalen OT-Sicherheitsberichte zeigen in allen Regionen dasselbe Muster: Unternehmen sind zuversichtlich. Operative Teams erkennen die Schwachstellen. Und genau in derContinue reading &quot;Industrielle OT-Sicherheit im Wandel&quot;\" \/>\n<meta property=\"og:url\" content=\"https:\/\/octoplant.com\/de\/industrielle-ot-sicherheit-im-wandel\/\" \/>\n<meta property=\"og:site_name\" content=\"Octoplant\" \/>\n<meta property=\"article:modified_time\" content=\"2026-03-12T07:50:16+00:00\" \/>\n<meta name=\"twitter:card\" content=\"summary_large_image\" \/>\n<meta name=\"twitter:label1\" content=\"Gesch\u00e4tzte Lesezeit\" \/>\n\t<meta name=\"twitter:data1\" content=\"1\u00a0Minute\" \/>\n<script type=\"application\/ld+json\" class=\"yoast-schema-graph\">{\"@context\":\"https:\/\/schema.org\",\"@graph\":[{\"@type\":\"WebPage\",\"@id\":\"https:\/\/octoplant.com\/de\/industrielle-ot-sicherheit-im-wandel\/\",\"url\":\"https:\/\/octoplant.com\/de\/industrielle-ot-sicherheit-im-wandel\/\",\"name\":\"Industrielle OT-Sicherheit im Wandel - Octoplant\",\"isPartOf\":{\"@id\":\"https:\/\/octoplant.com\/de\/#website\"},\"datePublished\":\"2025-11-20T17:16:11+00:00\",\"dateModified\":\"2026-03-12T07:50:16+00:00\",\"breadcrumb\":{\"@id\":\"https:\/\/octoplant.com\/de\/industrielle-ot-sicherheit-im-wandel\/#breadcrumb\"},\"inLanguage\":\"de\",\"potentialAction\":[{\"@type\":\"ReadAction\",\"target\":[\"https:\/\/octoplant.com\/de\/industrielle-ot-sicherheit-im-wandel\/\"]}]},{\"@type\":\"BreadcrumbList\",\"@id\":\"https:\/\/octoplant.com\/de\/industrielle-ot-sicherheit-im-wandel\/#breadcrumb\",\"itemListElement\":[{\"@type\":\"ListItem\",\"position\":1,\"name\":\"Home\",\"item\":\"https:\/\/octoplant.com\/de\/\"},{\"@type\":\"ListItem\",\"position\":2,\"name\":\"Industrielle OT-Sicherheit im Wandel\"}]},{\"@type\":\"WebSite\",\"@id\":\"https:\/\/octoplant.com\/de\/#website\",\"url\":\"https:\/\/octoplant.com\/de\/\",\"name\":\"Octoplant\",\"description\":\"\",\"potentialAction\":[{\"@type\":\"SearchAction\",\"target\":{\"@type\":\"EntryPoint\",\"urlTemplate\":\"https:\/\/octoplant.com\/de\/?s={search_term_string}\"},\"query-input\":{\"@type\":\"PropertyValueSpecification\",\"valueRequired\":true,\"valueName\":\"search_term_string\"}}],\"inLanguage\":\"de\"}]}<\/script>\n<!-- \/ Yoast SEO plugin. -->","yoast_head_json":{"title":"Industrielle OT-Sicherheit im Wandel - Octoplant","robots":{"index":"index","follow":"follow","max-snippet":"max-snippet:-1","max-image-preview":"max-image-preview:large","max-video-preview":"max-video-preview:-1"},"canonical":"https:\/\/octoplant.com\/de\/industrielle-ot-sicherheit-im-wandel\/","og_locale":"de_DE","og_type":"article","og_title":"Industrielle OT-Sicherheit im Wandel - Octoplant","og_description":"Um die Produktion am Laufen zu halten, modernisieren Hersteller ihre Werke, vernetzen immer mehr Systeme und setzen verst\u00e4rkt auf Automatisierung. Gleichzeitig werden OT-Umgebungen jedoch immer schwerer beherrschbar, schwieriger abzusichern und anf\u00e4lliger f\u00fcr St\u00f6rungen. Unsere aktuellen globalen OT-Sicherheitsberichte zeigen in allen Regionen dasselbe Muster: Unternehmen sind zuversichtlich. Operative Teams erkennen die Schwachstellen. Und genau in derContinue reading \"Industrielle OT-Sicherheit im Wandel\"","og_url":"https:\/\/octoplant.com\/de\/industrielle-ot-sicherheit-im-wandel\/","og_site_name":"Octoplant","article_modified_time":"2026-03-12T07:50:16+00:00","twitter_card":"summary_large_image","twitter_misc":{"Gesch\u00e4tzte Lesezeit":"1\u00a0Minute"},"schema":{"@context":"https:\/\/schema.org","@graph":[{"@type":"WebPage","@id":"https:\/\/octoplant.com\/de\/industrielle-ot-sicherheit-im-wandel\/","url":"https:\/\/octoplant.com\/de\/industrielle-ot-sicherheit-im-wandel\/","name":"Industrielle OT-Sicherheit im Wandel - Octoplant","isPartOf":{"@id":"https:\/\/octoplant.com\/de\/#website"},"datePublished":"2025-11-20T17:16:11+00:00","dateModified":"2026-03-12T07:50:16+00:00","breadcrumb":{"@id":"https:\/\/octoplant.com\/de\/industrielle-ot-sicherheit-im-wandel\/#breadcrumb"},"inLanguage":"de","potentialAction":[{"@type":"ReadAction","target":["https:\/\/octoplant.com\/de\/industrielle-ot-sicherheit-im-wandel\/"]}]},{"@type":"BreadcrumbList","@id":"https:\/\/octoplant.com\/de\/industrielle-ot-sicherheit-im-wandel\/#breadcrumb","itemListElement":[{"@type":"ListItem","position":1,"name":"Home","item":"https:\/\/octoplant.com\/de\/"},{"@type":"ListItem","position":2,"name":"Industrielle OT-Sicherheit im Wandel"}]},{"@type":"WebSite","@id":"https:\/\/octoplant.com\/de\/#website","url":"https:\/\/octoplant.com\/de\/","name":"Octoplant","description":"","potentialAction":[{"@type":"SearchAction","target":{"@type":"EntryPoint","urlTemplate":"https:\/\/octoplant.com\/de\/?s={search_term_string}"},"query-input":{"@type":"PropertyValueSpecification","valueRequired":true,"valueName":"search_term_string"}}],"inLanguage":"de"}]}},"_links":{"self":[{"href":"https:\/\/octoplant.com\/de\/wp-json\/wp\/v2\/pages\/3747","targetHints":{"allow":["GET"]}}],"collection":[{"href":"https:\/\/octoplant.com\/de\/wp-json\/wp\/v2\/pages"}],"about":[{"href":"https:\/\/octoplant.com\/de\/wp-json\/wp\/v2\/types\/page"}],"author":[{"embeddable":true,"href":"https:\/\/octoplant.com\/de\/wp-json\/wp\/v2\/users\/1"}],"replies":[{"embeddable":true,"href":"https:\/\/octoplant.com\/de\/wp-json\/wp\/v2\/comments?post=3747"}],"version-history":[{"count":3,"href":"https:\/\/octoplant.com\/de\/wp-json\/wp\/v2\/pages\/3747\/revisions"}],"predecessor-version":[{"id":3889,"href":"https:\/\/octoplant.com\/de\/wp-json\/wp\/v2\/pages\/3747\/revisions\/3889"}],"wp:attachment":[{"href":"https:\/\/octoplant.com\/de\/wp-json\/wp\/v2\/media?parent=3747"}],"curies":[{"name":"wp","href":"https:\/\/api.w.org\/{rel}","templated":true}]}}