{"id":3268,"date":"2025-06-11T10:46:13","date_gmt":"2025-06-11T10:46:13","guid":{"rendered":"https:\/\/octoplant.com\/ihr-weg-zu-octoplant\/"},"modified":"2025-11-28T17:07:32","modified_gmt":"2025-11-28T17:07:32","slug":"ihr-weg-zu-octoplant","status":"publish","type":"page","link":"https:\/\/octoplant.com\/de\/ihr-weg-zu-octoplant\/","title":{"rendered":"IHR WEG ZU OCTOPLANT"},"content":{"rendered":"\n<p>Finden Sie Ihren offiziellen Octoplant-Anbieter und vernetzen Sie sich mit zertifizierten Partnern auf der ganzen Welt. Dank unseres branchenweiten Netzwerks mit \u00fcber 100 vertrauensw\u00fcrdigen Partnern in allen Regionen erhalten Sie nicht nur lokalen Support, sondern auch ma\u00dfgeschneiderte Expertise f\u00fcr OT-, IT- und Automatisierungsumgebungen \u2013 von der Ger\u00e4teintegration bis hin zu Deployment und Sicherheitsoptimierung.  <\/p>\n\n<p>Egal, ob Sie Anlagen modernisieren, neue SPS-Hersteller integrieren oder einen Multi-Site-Rollout starten: Unser Partner\u00f6kosystem gew\u00e4hrleistet eine zuverl\u00e4ssige Umsetzung, professionelles Skalieren und langfristigen Support.<\/p>\n\n<p><\/p>\n","protected":false},"excerpt":{"rendered":"<p>Finden Sie Ihren offiziellen Octoplant-Anbieter und vernetzen Sie sich mit zertifizierten Partnern auf der ganzen Welt. Dank unseres branchenweiten Netzwerks mit \u00fcber 100 vertrauensw\u00fcrdigen Partnern in allen Regionen erhalten Sie nicht nur lokalen Support, sondern auch ma\u00dfgeschneiderte Expertise f\u00fcr OT-, IT- und Automatisierungsumgebungen \u2013 von der Ger\u00e4teintegration bis hin zu Deployment und Sicherheitsoptimierung. Egal, ob<a href=\"https:\/\/octoplant.com\/de\/ihr-weg-zu-octoplant\/\">Continue reading <span class=\"sr-only\">&#8222;IHR WEG ZU OCTOPLANT&#8220;<\/span><\/a><\/p>\n","protected":false},"author":1,"featured_media":0,"parent":0,"menu_order":0,"comment_status":"closed","ping_status":"closed","template":"page-partners.php","meta":{"_acf_changed":false,"footnotes":""},"class_list":["post-3268","page","type-page","status-publish","hentry"],"acf":[],"yoast_head":"<!-- This site is optimized with the Yoast SEO plugin v27.4 - https:\/\/yoast.com\/product\/yoast-seo-wordpress\/ -->\n<title>Ihr Weg zu octoplant \u2013 Unser globales Partnernetzwerk | octoplant<\/title>\n<meta name=\"description\" content=\"Vernetzen Sie sich mit \u00fcber 100 vertrauensw\u00fcrdigen Octoplant-Partnern, um von lokaler Expertise, nahtloser Implementierung und kontinuierlichem Support zu profitieren.\" \/>\n<meta name=\"robots\" content=\"index, follow, max-snippet:-1, max-image-preview:large, max-video-preview:-1\" \/>\n<link rel=\"canonical\" href=\"https:\/\/octoplant.com\/de\/ihr-weg-zu-octoplant\/\" \/>\n<meta property=\"og:locale\" content=\"de_DE\" \/>\n<meta property=\"og:type\" content=\"article\" \/>\n<meta property=\"og:title\" content=\"Ihr Weg zu octoplant \u2013 Unser globales Partnernetzwerk | octoplant\" \/>\n<meta property=\"og:description\" content=\"Vernetzen Sie sich mit \u00fcber 100 vertrauensw\u00fcrdigen Octoplant-Partnern, um von lokaler Expertise, nahtloser Implementierung und kontinuierlichem Support zu profitieren.\" \/>\n<meta property=\"og:url\" content=\"https:\/\/octoplant.com\/de\/ihr-weg-zu-octoplant\/\" \/>\n<meta property=\"og:site_name\" content=\"Octoplant\" \/>\n<meta property=\"article:modified_time\" content=\"2025-11-28T17:07:32+00:00\" \/>\n<meta name=\"twitter:card\" content=\"summary_large_image\" \/>\n<script type=\"application\/ld+json\" class=\"yoast-schema-graph\">{\"@context\":\"https:\\\/\\\/schema.org\",\"@graph\":[{\"@type\":\"WebPage\",\"@id\":\"https:\\\/\\\/octoplant.com\\\/de\\\/ihr-weg-zu-octoplant\\\/\",\"url\":\"https:\\\/\\\/octoplant.com\\\/de\\\/ihr-weg-zu-octoplant\\\/\",\"name\":\"Ihr Weg zu octoplant \u2013 Unser globales Partnernetzwerk | octoplant\",\"isPartOf\":{\"@id\":\"https:\\\/\\\/octoplant.com\\\/de\\\/#website\"},\"datePublished\":\"2025-06-11T10:46:13+00:00\",\"dateModified\":\"2025-11-28T17:07:32+00:00\",\"description\":\"Vernetzen Sie sich mit \u00fcber 100 vertrauensw\u00fcrdigen Octoplant-Partnern, um von lokaler Expertise, nahtloser Implementierung und kontinuierlichem Support zu profitieren.\",\"breadcrumb\":{\"@id\":\"https:\\\/\\\/octoplant.com\\\/de\\\/ihr-weg-zu-octoplant\\\/#breadcrumb\"},\"inLanguage\":\"de\",\"potentialAction\":[{\"@type\":\"ReadAction\",\"target\":[\"https:\\\/\\\/octoplant.com\\\/de\\\/ihr-weg-zu-octoplant\\\/\"]}]},{\"@type\":\"BreadcrumbList\",\"@id\":\"https:\\\/\\\/octoplant.com\\\/de\\\/ihr-weg-zu-octoplant\\\/#breadcrumb\",\"itemListElement\":[{\"@type\":\"ListItem\",\"position\":1,\"name\":\"Home\",\"item\":\"https:\\\/\\\/octoplant.com\\\/de\\\/\"},{\"@type\":\"ListItem\",\"position\":2,\"name\":\"IHR WEG ZU OCTOPLANT\"}]},{\"@type\":\"WebSite\",\"@id\":\"https:\\\/\\\/octoplant.com\\\/de\\\/#website\",\"url\":\"https:\\\/\\\/octoplant.com\\\/de\\\/\",\"name\":\"Octoplant\",\"description\":\"\",\"potentialAction\":[{\"@type\":\"SearchAction\",\"target\":{\"@type\":\"EntryPoint\",\"urlTemplate\":\"https:\\\/\\\/octoplant.com\\\/de\\\/?s={search_term_string}\"},\"query-input\":{\"@type\":\"PropertyValueSpecification\",\"valueRequired\":true,\"valueName\":\"search_term_string\"}}],\"inLanguage\":\"de\"}]}<\/script>\n<!-- \/ Yoast SEO plugin. -->","yoast_head_json":{"title":"Ihr Weg zu octoplant \u2013 Unser globales Partnernetzwerk | octoplant","description":"Vernetzen Sie sich mit \u00fcber 100 vertrauensw\u00fcrdigen Octoplant-Partnern, um von lokaler Expertise, nahtloser Implementierung und kontinuierlichem Support zu profitieren.","robots":{"index":"index","follow":"follow","max-snippet":"max-snippet:-1","max-image-preview":"max-image-preview:large","max-video-preview":"max-video-preview:-1"},"canonical":"https:\/\/octoplant.com\/de\/ihr-weg-zu-octoplant\/","og_locale":"de_DE","og_type":"article","og_title":"Ihr Weg zu octoplant \u2013 Unser globales Partnernetzwerk | octoplant","og_description":"Vernetzen Sie sich mit \u00fcber 100 vertrauensw\u00fcrdigen Octoplant-Partnern, um von lokaler Expertise, nahtloser Implementierung und kontinuierlichem Support zu profitieren.","og_url":"https:\/\/octoplant.com\/de\/ihr-weg-zu-octoplant\/","og_site_name":"Octoplant","article_modified_time":"2025-11-28T17:07:32+00:00","twitter_card":"summary_large_image","schema":{"@context":"https:\/\/schema.org","@graph":[{"@type":"WebPage","@id":"https:\/\/octoplant.com\/de\/ihr-weg-zu-octoplant\/","url":"https:\/\/octoplant.com\/de\/ihr-weg-zu-octoplant\/","name":"Ihr Weg zu octoplant \u2013 Unser globales Partnernetzwerk | octoplant","isPartOf":{"@id":"https:\/\/octoplant.com\/de\/#website"},"datePublished":"2025-06-11T10:46:13+00:00","dateModified":"2025-11-28T17:07:32+00:00","description":"Vernetzen Sie sich mit \u00fcber 100 vertrauensw\u00fcrdigen Octoplant-Partnern, um von lokaler Expertise, nahtloser Implementierung und kontinuierlichem Support zu profitieren.","breadcrumb":{"@id":"https:\/\/octoplant.com\/de\/ihr-weg-zu-octoplant\/#breadcrumb"},"inLanguage":"de","potentialAction":[{"@type":"ReadAction","target":["https:\/\/octoplant.com\/de\/ihr-weg-zu-octoplant\/"]}]},{"@type":"BreadcrumbList","@id":"https:\/\/octoplant.com\/de\/ihr-weg-zu-octoplant\/#breadcrumb","itemListElement":[{"@type":"ListItem","position":1,"name":"Home","item":"https:\/\/octoplant.com\/de\/"},{"@type":"ListItem","position":2,"name":"IHR WEG ZU OCTOPLANT"}]},{"@type":"WebSite","@id":"https:\/\/octoplant.com\/de\/#website","url":"https:\/\/octoplant.com\/de\/","name":"Octoplant","description":"","potentialAction":[{"@type":"SearchAction","target":{"@type":"EntryPoint","urlTemplate":"https:\/\/octoplant.com\/de\/?s={search_term_string}"},"query-input":{"@type":"PropertyValueSpecification","valueRequired":true,"valueName":"search_term_string"}}],"inLanguage":"de"}]}},"_links":{"self":[{"href":"https:\/\/octoplant.com\/de\/wp-json\/wp\/v2\/pages\/3268","targetHints":{"allow":["GET"]}}],"collection":[{"href":"https:\/\/octoplant.com\/de\/wp-json\/wp\/v2\/pages"}],"about":[{"href":"https:\/\/octoplant.com\/de\/wp-json\/wp\/v2\/types\/page"}],"author":[{"embeddable":true,"href":"https:\/\/octoplant.com\/de\/wp-json\/wp\/v2\/users\/1"}],"replies":[{"embeddable":true,"href":"https:\/\/octoplant.com\/de\/wp-json\/wp\/v2\/comments?post=3268"}],"version-history":[{"count":3,"href":"https:\/\/octoplant.com\/de\/wp-json\/wp\/v2\/pages\/3268\/revisions"}],"predecessor-version":[{"id":3343,"href":"https:\/\/octoplant.com\/de\/wp-json\/wp\/v2\/pages\/3268\/revisions\/3343"}],"wp:attachment":[{"href":"https:\/\/octoplant.com\/de\/wp-json\/wp\/v2\/media?parent=3268"}],"curies":[{"name":"wp","href":"https:\/\/api.w.org\/{rel}","templated":true}]}}