{"id":3262,"date":"2025-07-16T10:26:22","date_gmt":"2025-07-16T10:26:22","guid":{"rendered":"https:\/\/octoplant.com\/preisuebersicht\/"},"modified":"2025-11-30T11:46:26","modified_gmt":"2025-11-30T11:46:26","slug":"preisuebersicht","status":"publish","type":"page","link":"https:\/\/octoplant.com\/de\/preisuebersicht\/","title":{"rendered":"Preis\u00fcbersicht"},"content":{"rendered":"\n<p>Wir von AMDT sind \u00fcberzeugt, dass leistungsstarke Technologie ein Preismodell verdient, das leicht verst\u00e4ndlich, fair und mit Ihrem Unternehmen mitw\u00e4chst. Deshalb haben wir das Lizenzmodell von Octoplant so gestaltet, dass Sie sich auf den Aufbau resilienter Betriebsabl\u00e4ufe konzentrieren k\u00f6nnen, statt Zeit mit dem Entschl\u00fcsseln komplizierter Preisstufen zu verschwenden. <\/p>\n","protected":false},"excerpt":{"rendered":"<p>Wir von AMDT sind \u00fcberzeugt, dass leistungsstarke Technologie ein Preismodell verdient, das leicht verst\u00e4ndlich, fair und mit Ihrem Unternehmen mitw\u00e4chst. Deshalb haben wir das Lizenzmodell von Octoplant so gestaltet, dass Sie sich auf den Aufbau resilienter Betriebsabl\u00e4ufe konzentrieren k\u00f6nnen, statt Zeit mit dem Entschl\u00fcsseln komplizierter Preisstufen zu verschwenden.<\/p>\n","protected":false},"author":1,"featured_media":0,"parent":0,"menu_order":0,"comment_status":"closed","ping_status":"closed","template":"page-pricing.php","meta":{"_acf_changed":false,"footnotes":""},"class_list":["post-3262","page","type-page","status-publish","hentry"],"acf":[],"yoast_head":"<!-- This site is optimized with the Yoast SEO plugin v27.4 - https:\/\/yoast.com\/product\/yoast-seo-wordpress\/ -->\n<title>Preis\u00fcbersicht | octoplant<\/title>\n<meta name=\"description\" content=\"Eine Lizenz, unbegrenzte M\u00f6glichkeiten. Skalierbares Preismodell mit Pay-per-Device-Optionen, einfachen Upgrades bei Wachstum Ihres Unternehmens und unbegrenztem Dokumentenspeicher.\" \/>\n<meta name=\"robots\" content=\"index, follow, max-snippet:-1, max-image-preview:large, max-video-preview:-1\" \/>\n<link rel=\"canonical\" href=\"https:\/\/octoplant.com\/de\/preisuebersicht\/\" \/>\n<meta property=\"og:locale\" content=\"de_DE\" \/>\n<meta property=\"og:type\" content=\"article\" \/>\n<meta property=\"og:title\" content=\"Preis\u00fcbersicht | octoplant\" \/>\n<meta property=\"og:description\" content=\"Eine Lizenz, unbegrenzte M\u00f6glichkeiten. Skalierbares Preismodell mit Pay-per-Device-Optionen, einfachen Upgrades bei Wachstum Ihres Unternehmens und unbegrenztem Dokumentenspeicher.\" \/>\n<meta property=\"og:url\" content=\"https:\/\/octoplant.com\/de\/preisuebersicht\/\" \/>\n<meta property=\"og:site_name\" content=\"Octoplant\" \/>\n<meta property=\"article:modified_time\" content=\"2025-11-30T11:46:26+00:00\" \/>\n<meta name=\"twitter:card\" content=\"summary_large_image\" \/>\n<script type=\"application\/ld+json\" class=\"yoast-schema-graph\">{\"@context\":\"https:\\\/\\\/schema.org\",\"@graph\":[{\"@type\":\"WebPage\",\"@id\":\"https:\\\/\\\/octoplant.com\\\/de\\\/preisuebersicht\\\/\",\"url\":\"https:\\\/\\\/octoplant.com\\\/de\\\/preisuebersicht\\\/\",\"name\":\"Preis\u00fcbersicht | octoplant\",\"isPartOf\":{\"@id\":\"https:\\\/\\\/octoplant.com\\\/de\\\/#website\"},\"datePublished\":\"2025-07-16T10:26:22+00:00\",\"dateModified\":\"2025-11-30T11:46:26+00:00\",\"description\":\"Eine Lizenz, unbegrenzte M\u00f6glichkeiten. Skalierbares Preismodell mit Pay-per-Device-Optionen, einfachen Upgrades bei Wachstum Ihres Unternehmens und unbegrenztem Dokumentenspeicher.\",\"breadcrumb\":{\"@id\":\"https:\\\/\\\/octoplant.com\\\/de\\\/preisuebersicht\\\/#breadcrumb\"},\"inLanguage\":\"de\",\"potentialAction\":[{\"@type\":\"ReadAction\",\"target\":[\"https:\\\/\\\/octoplant.com\\\/de\\\/preisuebersicht\\\/\"]}]},{\"@type\":\"BreadcrumbList\",\"@id\":\"https:\\\/\\\/octoplant.com\\\/de\\\/preisuebersicht\\\/#breadcrumb\",\"itemListElement\":[{\"@type\":\"ListItem\",\"position\":1,\"name\":\"Home\",\"item\":\"https:\\\/\\\/octoplant.com\\\/de\\\/\"},{\"@type\":\"ListItem\",\"position\":2,\"name\":\"Preis\u00fcbersicht\"}]},{\"@type\":\"WebSite\",\"@id\":\"https:\\\/\\\/octoplant.com\\\/de\\\/#website\",\"url\":\"https:\\\/\\\/octoplant.com\\\/de\\\/\",\"name\":\"Octoplant\",\"description\":\"\",\"potentialAction\":[{\"@type\":\"SearchAction\",\"target\":{\"@type\":\"EntryPoint\",\"urlTemplate\":\"https:\\\/\\\/octoplant.com\\\/de\\\/?s={search_term_string}\"},\"query-input\":{\"@type\":\"PropertyValueSpecification\",\"valueRequired\":true,\"valueName\":\"search_term_string\"}}],\"inLanguage\":\"de\"}]}<\/script>\n<!-- \/ Yoast SEO plugin. -->","yoast_head_json":{"title":"Preis\u00fcbersicht | octoplant","description":"Eine Lizenz, unbegrenzte M\u00f6glichkeiten. Skalierbares Preismodell mit Pay-per-Device-Optionen, einfachen Upgrades bei Wachstum Ihres Unternehmens und unbegrenztem Dokumentenspeicher.","robots":{"index":"index","follow":"follow","max-snippet":"max-snippet:-1","max-image-preview":"max-image-preview:large","max-video-preview":"max-video-preview:-1"},"canonical":"https:\/\/octoplant.com\/de\/preisuebersicht\/","og_locale":"de_DE","og_type":"article","og_title":"Preis\u00fcbersicht | octoplant","og_description":"Eine Lizenz, unbegrenzte M\u00f6glichkeiten. Skalierbares Preismodell mit Pay-per-Device-Optionen, einfachen Upgrades bei Wachstum Ihres Unternehmens und unbegrenztem Dokumentenspeicher.","og_url":"https:\/\/octoplant.com\/de\/preisuebersicht\/","og_site_name":"Octoplant","article_modified_time":"2025-11-30T11:46:26+00:00","twitter_card":"summary_large_image","schema":{"@context":"https:\/\/schema.org","@graph":[{"@type":"WebPage","@id":"https:\/\/octoplant.com\/de\/preisuebersicht\/","url":"https:\/\/octoplant.com\/de\/preisuebersicht\/","name":"Preis\u00fcbersicht | octoplant","isPartOf":{"@id":"https:\/\/octoplant.com\/de\/#website"},"datePublished":"2025-07-16T10:26:22+00:00","dateModified":"2025-11-30T11:46:26+00:00","description":"Eine Lizenz, unbegrenzte M\u00f6glichkeiten. Skalierbares Preismodell mit Pay-per-Device-Optionen, einfachen Upgrades bei Wachstum Ihres Unternehmens und unbegrenztem Dokumentenspeicher.","breadcrumb":{"@id":"https:\/\/octoplant.com\/de\/preisuebersicht\/#breadcrumb"},"inLanguage":"de","potentialAction":[{"@type":"ReadAction","target":["https:\/\/octoplant.com\/de\/preisuebersicht\/"]}]},{"@type":"BreadcrumbList","@id":"https:\/\/octoplant.com\/de\/preisuebersicht\/#breadcrumb","itemListElement":[{"@type":"ListItem","position":1,"name":"Home","item":"https:\/\/octoplant.com\/de\/"},{"@type":"ListItem","position":2,"name":"Preis\u00fcbersicht"}]},{"@type":"WebSite","@id":"https:\/\/octoplant.com\/de\/#website","url":"https:\/\/octoplant.com\/de\/","name":"Octoplant","description":"","potentialAction":[{"@type":"SearchAction","target":{"@type":"EntryPoint","urlTemplate":"https:\/\/octoplant.com\/de\/?s={search_term_string}"},"query-input":{"@type":"PropertyValueSpecification","valueRequired":true,"valueName":"search_term_string"}}],"inLanguage":"de"}]}},"_links":{"self":[{"href":"https:\/\/octoplant.com\/de\/wp-json\/wp\/v2\/pages\/3262","targetHints":{"allow":["GET"]}}],"collection":[{"href":"https:\/\/octoplant.com\/de\/wp-json\/wp\/v2\/pages"}],"about":[{"href":"https:\/\/octoplant.com\/de\/wp-json\/wp\/v2\/types\/page"}],"author":[{"embeddable":true,"href":"https:\/\/octoplant.com\/de\/wp-json\/wp\/v2\/users\/1"}],"replies":[{"embeddable":true,"href":"https:\/\/octoplant.com\/de\/wp-json\/wp\/v2\/comments?post=3262"}],"version-history":[{"count":15,"href":"https:\/\/octoplant.com\/de\/wp-json\/wp\/v2\/pages\/3262\/revisions"}],"predecessor-version":[{"id":3406,"href":"https:\/\/octoplant.com\/de\/wp-json\/wp\/v2\/pages\/3262\/revisions\/3406"}],"wp:attachment":[{"href":"https:\/\/octoplant.com\/de\/wp-json\/wp\/v2\/media?parent=3262"}],"curies":[{"name":"wp","href":"https:\/\/api.w.org\/{rel}","templated":true}]}}