{"id":3259,"date":"2025-06-18T15:24:46","date_gmt":"2025-06-18T15:24:46","guid":{"rendered":"https:\/\/octoplant.com\/octoplant-2\/"},"modified":"2025-12-18T12:49:25","modified_gmt":"2025-12-18T12:49:25","slug":"octoplant-2","status":"publish","type":"page","link":"https:\/\/octoplant.com\/de\/octoplant-2\/","title":{"rendered":"Octoplant"},"content":{"rendered":"\n<p>Octoplant ist der Industriestandard f\u00fcr Versionskontrolle, Datenkonsistenz und Systemtransparenz in industriellen Produktionsumgebungen. Die L\u00f6sung erm\u00f6glicht die sichere Speicherung, Nachverfolgung und den Vergleich von Automatisierungsdaten \u00fcber Ger\u00e4te, Linien und ganze Werke hinweg \u2013 sodass schnelle Wiederherstellung und Schutz vor unautorisierten \u00c4nderungen zum festen Bestandteil Ihrer t\u00e4glichen Betriebsabl\u00e4ufe werden.<br\/>Ob Sie einen einzelnen Standort oder ein globales Netzwerk betreiben: Octoplant stellt sicher, dass Ihre Produktions-Assets jederzeit abgestimmt, nachvollziehbar und gesch\u00fctzt sind.  <\/p>\n\n<p>Octoplant wurde entwickelt, um die operative Resilienz zu st\u00e4rken, und erm\u00f6glicht Herstellern eine schnelle Reaktion auf unerwartete St\u00f6rungen. Dank der robusten Architektur und der integrierten Business-Intelligence-Tools sind kontinuierliches Monitoring, erweiterte Diagnosen und umsetzbare Handlungsempfehlungen m\u00f6glich. Durch die Ausrichtung auf die spezifischen Anforderungen unterschiedlichster Produktionsumgebungen unterst\u00fctzt Octoplant Unternehmen dabei, ihre Leistung aufrechtzuerhalten, Produktionsausf\u00e4lle zu verhindern und einen unterbrechungsfreien Betrieb \u00fcber acht wesentliche Funktionsbereiche hinweg sicherzustellen.  <\/p>\n\n<p><\/p>\n","protected":false},"excerpt":{"rendered":"<p>Octoplant ist der Industriestandard f\u00fcr Versionskontrolle, Datenkonsistenz und Systemtransparenz in industriellen Produktionsumgebungen. Die L\u00f6sung erm\u00f6glicht die sichere Speicherung, Nachverfolgung und den Vergleich von Automatisierungsdaten \u00fcber Ger\u00e4te, Linien und ganze Werke hinweg \u2013 sodass schnelle Wiederherstellung und Schutz vor unautorisierten \u00c4nderungen zum festen Bestandteil Ihrer t\u00e4glichen Betriebsabl\u00e4ufe werden.Ob Sie einen einzelnen Standort oder ein globales Netzwerk<a href=\"https:\/\/octoplant.com\/de\/octoplant-2\/\">Continue reading <span class=\"sr-only\">&#8222;Octoplant&#8220;<\/span><\/a><\/p>\n","protected":false},"author":1,"featured_media":0,"parent":0,"menu_order":0,"comment_status":"closed","ping_status":"closed","template":"page-octoplant.php","meta":{"_acf_changed":false,"footnotes":""},"class_list":["post-3259","page","type-page","status-publish","hentry"],"acf":[],"yoast_head":"<!-- This site is optimized with the Yoast SEO plugin v27.4 - https:\/\/yoast.com\/product\/yoast-seo-wordpress\/ -->\n<title>Produktionsresilienz gegen St\u00f6rungen | octoplant<\/title>\n<meta name=\"description\" content=\"Sichern, synchronisieren und sch\u00fctzen Sie Ihre Produktions-Assets mit Octoplant, dem Industriestandard f\u00fcr Versionskontrolle, Datenkonsistenz und schnelle Wiederherstellung.\" \/>\n<meta name=\"robots\" content=\"index, follow, max-snippet:-1, max-image-preview:large, max-video-preview:-1\" \/>\n<link rel=\"canonical\" href=\"https:\/\/octoplant.com\/de\/octoplant-2\/\" \/>\n<meta property=\"og:locale\" content=\"de_DE\" \/>\n<meta property=\"og:type\" content=\"article\" \/>\n<meta property=\"og:title\" content=\"Produktionsresilienz gegen St\u00f6rungen | octoplant\" \/>\n<meta property=\"og:description\" content=\"Sichern, synchronisieren und sch\u00fctzen Sie Ihre Produktions-Assets mit Octoplant, dem Industriestandard f\u00fcr Versionskontrolle, Datenkonsistenz und schnelle Wiederherstellung.\" \/>\n<meta property=\"og:url\" content=\"https:\/\/octoplant.com\/de\/octoplant-2\/\" \/>\n<meta property=\"og:site_name\" content=\"Octoplant\" \/>\n<meta property=\"article:modified_time\" content=\"2025-12-18T12:49:25+00:00\" \/>\n<meta name=\"twitter:card\" content=\"summary_large_image\" \/>\n<meta name=\"twitter:label1\" content=\"Gesch\u00e4tzte Lesezeit\" \/>\n\t<meta name=\"twitter:data1\" content=\"1\u00a0Minute\" \/>\n<script type=\"application\/ld+json\" class=\"yoast-schema-graph\">{\"@context\":\"https:\\\/\\\/schema.org\",\"@graph\":[{\"@type\":\"WebPage\",\"@id\":\"https:\\\/\\\/octoplant.com\\\/de\\\/octoplant-2\\\/\",\"url\":\"https:\\\/\\\/octoplant.com\\\/de\\\/octoplant-2\\\/\",\"name\":\"Produktionsresilienz gegen St\u00f6rungen | octoplant\",\"isPartOf\":{\"@id\":\"https:\\\/\\\/octoplant.com\\\/de\\\/#website\"},\"datePublished\":\"2025-06-18T15:24:46+00:00\",\"dateModified\":\"2025-12-18T12:49:25+00:00\",\"description\":\"Sichern, synchronisieren und sch\u00fctzen Sie Ihre Produktions-Assets mit Octoplant, dem Industriestandard f\u00fcr Versionskontrolle, Datenkonsistenz und schnelle Wiederherstellung.\",\"breadcrumb\":{\"@id\":\"https:\\\/\\\/octoplant.com\\\/de\\\/octoplant-2\\\/#breadcrumb\"},\"inLanguage\":\"de\",\"potentialAction\":[{\"@type\":\"ReadAction\",\"target\":[\"https:\\\/\\\/octoplant.com\\\/de\\\/octoplant-2\\\/\"]}]},{\"@type\":\"BreadcrumbList\",\"@id\":\"https:\\\/\\\/octoplant.com\\\/de\\\/octoplant-2\\\/#breadcrumb\",\"itemListElement\":[{\"@type\":\"ListItem\",\"position\":1,\"name\":\"Home\",\"item\":\"https:\\\/\\\/octoplant.com\\\/de\\\/\"},{\"@type\":\"ListItem\",\"position\":2,\"name\":\"Octoplant\"}]},{\"@type\":\"WebSite\",\"@id\":\"https:\\\/\\\/octoplant.com\\\/de\\\/#website\",\"url\":\"https:\\\/\\\/octoplant.com\\\/de\\\/\",\"name\":\"Octoplant\",\"description\":\"\",\"potentialAction\":[{\"@type\":\"SearchAction\",\"target\":{\"@type\":\"EntryPoint\",\"urlTemplate\":\"https:\\\/\\\/octoplant.com\\\/de\\\/?s={search_term_string}\"},\"query-input\":{\"@type\":\"PropertyValueSpecification\",\"valueRequired\":true,\"valueName\":\"search_term_string\"}}],\"inLanguage\":\"de\"}]}<\/script>\n<!-- \/ Yoast SEO plugin. -->","yoast_head_json":{"title":"Produktionsresilienz gegen St\u00f6rungen | octoplant","description":"Sichern, synchronisieren und sch\u00fctzen Sie Ihre Produktions-Assets mit Octoplant, dem Industriestandard f\u00fcr Versionskontrolle, Datenkonsistenz und schnelle Wiederherstellung.","robots":{"index":"index","follow":"follow","max-snippet":"max-snippet:-1","max-image-preview":"max-image-preview:large","max-video-preview":"max-video-preview:-1"},"canonical":"https:\/\/octoplant.com\/de\/octoplant-2\/","og_locale":"de_DE","og_type":"article","og_title":"Produktionsresilienz gegen St\u00f6rungen | octoplant","og_description":"Sichern, synchronisieren und sch\u00fctzen Sie Ihre Produktions-Assets mit Octoplant, dem Industriestandard f\u00fcr Versionskontrolle, Datenkonsistenz und schnelle Wiederherstellung.","og_url":"https:\/\/octoplant.com\/de\/octoplant-2\/","og_site_name":"Octoplant","article_modified_time":"2025-12-18T12:49:25+00:00","twitter_card":"summary_large_image","twitter_misc":{"Gesch\u00e4tzte Lesezeit":"1\u00a0Minute"},"schema":{"@context":"https:\/\/schema.org","@graph":[{"@type":"WebPage","@id":"https:\/\/octoplant.com\/de\/octoplant-2\/","url":"https:\/\/octoplant.com\/de\/octoplant-2\/","name":"Produktionsresilienz gegen St\u00f6rungen | octoplant","isPartOf":{"@id":"https:\/\/octoplant.com\/de\/#website"},"datePublished":"2025-06-18T15:24:46+00:00","dateModified":"2025-12-18T12:49:25+00:00","description":"Sichern, synchronisieren und sch\u00fctzen Sie Ihre Produktions-Assets mit Octoplant, dem Industriestandard f\u00fcr Versionskontrolle, Datenkonsistenz und schnelle Wiederherstellung.","breadcrumb":{"@id":"https:\/\/octoplant.com\/de\/octoplant-2\/#breadcrumb"},"inLanguage":"de","potentialAction":[{"@type":"ReadAction","target":["https:\/\/octoplant.com\/de\/octoplant-2\/"]}]},{"@type":"BreadcrumbList","@id":"https:\/\/octoplant.com\/de\/octoplant-2\/#breadcrumb","itemListElement":[{"@type":"ListItem","position":1,"name":"Home","item":"https:\/\/octoplant.com\/de\/"},{"@type":"ListItem","position":2,"name":"Octoplant"}]},{"@type":"WebSite","@id":"https:\/\/octoplant.com\/de\/#website","url":"https:\/\/octoplant.com\/de\/","name":"Octoplant","description":"","potentialAction":[{"@type":"SearchAction","target":{"@type":"EntryPoint","urlTemplate":"https:\/\/octoplant.com\/de\/?s={search_term_string}"},"query-input":{"@type":"PropertyValueSpecification","valueRequired":true,"valueName":"search_term_string"}}],"inLanguage":"de"}]}},"_links":{"self":[{"href":"https:\/\/octoplant.com\/de\/wp-json\/wp\/v2\/pages\/3259","targetHints":{"allow":["GET"]}}],"collection":[{"href":"https:\/\/octoplant.com\/de\/wp-json\/wp\/v2\/pages"}],"about":[{"href":"https:\/\/octoplant.com\/de\/wp-json\/wp\/v2\/types\/page"}],"author":[{"embeddable":true,"href":"https:\/\/octoplant.com\/de\/wp-json\/wp\/v2\/users\/1"}],"replies":[{"embeddable":true,"href":"https:\/\/octoplant.com\/de\/wp-json\/wp\/v2\/comments?post=3259"}],"version-history":[{"count":19,"href":"https:\/\/octoplant.com\/de\/wp-json\/wp\/v2\/pages\/3259\/revisions"}],"predecessor-version":[{"id":3479,"href":"https:\/\/octoplant.com\/de\/wp-json\/wp\/v2\/pages\/3259\/revisions\/3479"}],"wp:attachment":[{"href":"https:\/\/octoplant.com\/de\/wp-json\/wp\/v2\/media?parent=3259"}],"curies":[{"name":"wp","href":"https:\/\/api.w.org\/{rel}","templated":true}]}}