{"id":3252,"date":"2025-07-01T19:22:23","date_gmt":"2025-07-01T19:22:23","guid":{"rendered":"https:\/\/octoplant.com\/kontakt\/"},"modified":"2025-11-30T11:34:01","modified_gmt":"2025-11-30T11:34:01","slug":"kontakt","status":"publish","type":"page","link":"https:\/\/octoplant.com\/de\/kontakt\/","title":{"rendered":"Kontakt"},"content":{"rendered":"\n<p>AMDT ist der weltweit f\u00fchrende Anbieter von Backup-, Versionsverwaltungs- und Vergleichsl\u00f6sungen f\u00fcr die industrielle Automatisierung \u2013 basierend auf fast 40 Jahren spezialisierter Expertise. Unsere Mission \u201eProduction Resilience Delivered\u201c spiegelt unser Engagement wider, automatisierte Produktionssysteme sicher und widerstandsf\u00e4hig zu machen und eine schnelle Wiederherstellung nach St\u00f6rungen zu erm\u00f6glichen, um somit die Produktionsleistung nachhaltig zu sch\u00fctzen.  <\/p>\n\n<p><\/p>\n\n<p>F\u00fcllen Sie das Formular aus, um direkt mit einem Experten zu sprechen und eine auf Sie zugeschnittene Beratung zu erhalten. Haben Sie Fragen zu unseren Softwarel\u00f6sungen oder w\u00fcnschen Sie eine individuelle Demo? Wir freuen uns, von Ihnen zu h\u00f6ren! <\/p>\n\n<div style=\"height:20px\" aria-hidden=\"true\" class=\"wp-block-spacer\"><\/div>\n\n<div class=\"wp-block-columns is-layout-flex wp-container-core-columns-is-layout-9d6595d7 wp-block-columns-is-layout-flex\">\n<div class=\"wp-block-column is-layout-flow wp-block-column-is-layout-flow\">\n<p><\/p>\n\n\n\n<p><strong><h3>EMEA &#038; APAC<\/h3><\/strong><\/p>\n\n\n\n<p><\/p>\n\n\n\n<p>AUVESY GmbH<br\/>Fichtenstra\u00dfe 38 B<br\/>76829 Landau<br\/>Deutschland<\/p>\n<\/div>\n\n\n\n<div class=\"wp-block-column is-layout-flow wp-block-column-is-layout-flow\">\n<p><\/p>\n\n\n\n<p><strong><h3>AMERIKA<\/h3><\/strong><\/p>\n\n\n\n<p><\/p>\n\n\n\n<p>MDT Inc. (DBA AMDT)<br\/>8000 Avalon Blvd, Suite 900<br\/>Alpharetta, GA 30009;<br\/>Vereinigte Staaten von Amerika<\/p>\n<\/div>\n\n\n\n<div class=\"wp-block-column is-layout-flow wp-block-column-is-layout-flow\">\n<p><\/p>\n\n\n\n<p><strong><h3>CHINA<\/h3><\/strong><\/p>\n\n\n\n<p><\/p>\n\n\n\n<p>AUVESY Data Management Solutions Co., Ltd.<br\/>Jinma Lu 3, Maqun, Qixia District, Nanjing China<\/p>\n<\/div>\n<\/div>\n\n<div style=\"height:50px\" aria-hidden=\"true\" class=\"wp-block-spacer\"><\/div>\n\n<p>F\u00fcr allgemeine Anfragen oder alles, was Sie dar\u00fcber hinaus mit uns besprechen m\u00f6chten, steht Ihnen unser Marketingteam gerne zur Verf\u00fcgung. Sie erreichen es unter <a>marketing@amdt.com<\/a>.<\/p>\n\n<p><\/p>\n","protected":false},"excerpt":{"rendered":"<p>AMDT ist der weltweit f\u00fchrende Anbieter von Backup-, Versionsverwaltungs- und Vergleichsl\u00f6sungen f\u00fcr die industrielle Automatisierung \u2013 basierend auf fast 40 Jahren spezialisierter Expertise. Unsere Mission \u201eProduction Resilience Delivered\u201c spiegelt unser Engagement wider, automatisierte Produktionssysteme sicher und widerstandsf\u00e4hig zu machen und eine schnelle Wiederherstellung nach St\u00f6rungen zu erm\u00f6glichen, um somit die Produktionsleistung nachhaltig zu sch\u00fctzen. F\u00fcllen<a href=\"https:\/\/octoplant.com\/de\/kontakt\/\">Continue reading <span class=\"sr-only\">&#8222;Kontakt&#8220;<\/span><\/a><\/p>\n","protected":false},"author":1,"featured_media":0,"parent":0,"menu_order":0,"comment_status":"closed","ping_status":"closed","template":"page-contact.php","meta":{"_acf_changed":false,"footnotes":""},"class_list":["post-3252","page","type-page","status-publish","hentry"],"acf":[],"yoast_head":"<!-- This site is optimized with the Yoast SEO plugin v27.4 - https:\/\/yoast.com\/product\/yoast-seo-wordpress\/ -->\n<title>Sprechen Sie mit unseren Experten | octoplant<\/title>\n<meta name=\"description\" content=\"Kontaktieren Sie AMDT, den weltweit f\u00fchrenden Anbieter von Software f\u00fcr industrielle Automatisierung. Buchen Sie eine octoplant-Demo oder erhalten Sie noch heute eine individuelle Beratung durch unser Expertenteam.\" \/>\n<meta name=\"robots\" content=\"index, follow, max-snippet:-1, max-image-preview:large, max-video-preview:-1\" \/>\n<link rel=\"canonical\" href=\"https:\/\/octoplant.com\/de\/kontakt\/\" \/>\n<meta property=\"og:locale\" content=\"de_DE\" \/>\n<meta property=\"og:type\" content=\"article\" \/>\n<meta property=\"og:title\" content=\"Sprechen Sie mit unseren Experten | octoplant\" \/>\n<meta property=\"og:description\" content=\"Kontaktieren Sie AMDT, den weltweit f\u00fchrenden Anbieter von Software f\u00fcr industrielle Automatisierung. Buchen Sie eine octoplant-Demo oder erhalten Sie noch heute eine individuelle Beratung durch unser Expertenteam.\" \/>\n<meta property=\"og:url\" content=\"https:\/\/octoplant.com\/de\/kontakt\/\" \/>\n<meta property=\"og:site_name\" content=\"Octoplant\" \/>\n<meta property=\"article:modified_time\" content=\"2025-11-30T11:34:01+00:00\" \/>\n<meta name=\"twitter:card\" content=\"summary_large_image\" \/>\n<meta name=\"twitter:label1\" content=\"Gesch\u00e4tzte Lesezeit\" \/>\n\t<meta name=\"twitter:data1\" content=\"1\u00a0Minute\" \/>\n<script type=\"application\/ld+json\" class=\"yoast-schema-graph\">{\"@context\":\"https:\\\/\\\/schema.org\",\"@graph\":[{\"@type\":\"WebPage\",\"@id\":\"https:\\\/\\\/octoplant.com\\\/de\\\/kontakt\\\/\",\"url\":\"https:\\\/\\\/octoplant.com\\\/de\\\/kontakt\\\/\",\"name\":\"Sprechen Sie mit unseren Experten | octoplant\",\"isPartOf\":{\"@id\":\"https:\\\/\\\/octoplant.com\\\/de\\\/#website\"},\"datePublished\":\"2025-07-01T19:22:23+00:00\",\"dateModified\":\"2025-11-30T11:34:01+00:00\",\"description\":\"Kontaktieren Sie AMDT, den weltweit f\u00fchrenden Anbieter von Software f\u00fcr industrielle Automatisierung. Buchen Sie eine octoplant-Demo oder erhalten Sie noch heute eine individuelle Beratung durch unser Expertenteam.\",\"breadcrumb\":{\"@id\":\"https:\\\/\\\/octoplant.com\\\/de\\\/kontakt\\\/#breadcrumb\"},\"inLanguage\":\"de\",\"potentialAction\":[{\"@type\":\"ReadAction\",\"target\":[\"https:\\\/\\\/octoplant.com\\\/de\\\/kontakt\\\/\"]}]},{\"@type\":\"BreadcrumbList\",\"@id\":\"https:\\\/\\\/octoplant.com\\\/de\\\/kontakt\\\/#breadcrumb\",\"itemListElement\":[{\"@type\":\"ListItem\",\"position\":1,\"name\":\"Home\",\"item\":\"https:\\\/\\\/octoplant.com\\\/de\\\/\"},{\"@type\":\"ListItem\",\"position\":2,\"name\":\"Kontakt\"}]},{\"@type\":\"WebSite\",\"@id\":\"https:\\\/\\\/octoplant.com\\\/de\\\/#website\",\"url\":\"https:\\\/\\\/octoplant.com\\\/de\\\/\",\"name\":\"Octoplant\",\"description\":\"\",\"potentialAction\":[{\"@type\":\"SearchAction\",\"target\":{\"@type\":\"EntryPoint\",\"urlTemplate\":\"https:\\\/\\\/octoplant.com\\\/de\\\/?s={search_term_string}\"},\"query-input\":{\"@type\":\"PropertyValueSpecification\",\"valueRequired\":true,\"valueName\":\"search_term_string\"}}],\"inLanguage\":\"de\"}]}<\/script>\n<!-- \/ Yoast SEO plugin. -->","yoast_head_json":{"title":"Sprechen Sie mit unseren Experten | octoplant","description":"Kontaktieren Sie AMDT, den weltweit f\u00fchrenden Anbieter von Software f\u00fcr industrielle Automatisierung. Buchen Sie eine octoplant-Demo oder erhalten Sie noch heute eine individuelle Beratung durch unser Expertenteam.","robots":{"index":"index","follow":"follow","max-snippet":"max-snippet:-1","max-image-preview":"max-image-preview:large","max-video-preview":"max-video-preview:-1"},"canonical":"https:\/\/octoplant.com\/de\/kontakt\/","og_locale":"de_DE","og_type":"article","og_title":"Sprechen Sie mit unseren Experten | octoplant","og_description":"Kontaktieren Sie AMDT, den weltweit f\u00fchrenden Anbieter von Software f\u00fcr industrielle Automatisierung. Buchen Sie eine octoplant-Demo oder erhalten Sie noch heute eine individuelle Beratung durch unser Expertenteam.","og_url":"https:\/\/octoplant.com\/de\/kontakt\/","og_site_name":"Octoplant","article_modified_time":"2025-11-30T11:34:01+00:00","twitter_card":"summary_large_image","twitter_misc":{"Gesch\u00e4tzte Lesezeit":"1\u00a0Minute"},"schema":{"@context":"https:\/\/schema.org","@graph":[{"@type":"WebPage","@id":"https:\/\/octoplant.com\/de\/kontakt\/","url":"https:\/\/octoplant.com\/de\/kontakt\/","name":"Sprechen Sie mit unseren Experten | octoplant","isPartOf":{"@id":"https:\/\/octoplant.com\/de\/#website"},"datePublished":"2025-07-01T19:22:23+00:00","dateModified":"2025-11-30T11:34:01+00:00","description":"Kontaktieren Sie AMDT, den weltweit f\u00fchrenden Anbieter von Software f\u00fcr industrielle Automatisierung. Buchen Sie eine octoplant-Demo oder erhalten Sie noch heute eine individuelle Beratung durch unser Expertenteam.","breadcrumb":{"@id":"https:\/\/octoplant.com\/de\/kontakt\/#breadcrumb"},"inLanguage":"de","potentialAction":[{"@type":"ReadAction","target":["https:\/\/octoplant.com\/de\/kontakt\/"]}]},{"@type":"BreadcrumbList","@id":"https:\/\/octoplant.com\/de\/kontakt\/#breadcrumb","itemListElement":[{"@type":"ListItem","position":1,"name":"Home","item":"https:\/\/octoplant.com\/de\/"},{"@type":"ListItem","position":2,"name":"Kontakt"}]},{"@type":"WebSite","@id":"https:\/\/octoplant.com\/de\/#website","url":"https:\/\/octoplant.com\/de\/","name":"Octoplant","description":"","potentialAction":[{"@type":"SearchAction","target":{"@type":"EntryPoint","urlTemplate":"https:\/\/octoplant.com\/de\/?s={search_term_string}"},"query-input":{"@type":"PropertyValueSpecification","valueRequired":true,"valueName":"search_term_string"}}],"inLanguage":"de"}]}},"_links":{"self":[{"href":"https:\/\/octoplant.com\/de\/wp-json\/wp\/v2\/pages\/3252","targetHints":{"allow":["GET"]}}],"collection":[{"href":"https:\/\/octoplant.com\/de\/wp-json\/wp\/v2\/pages"}],"about":[{"href":"https:\/\/octoplant.com\/de\/wp-json\/wp\/v2\/types\/page"}],"author":[{"embeddable":true,"href":"https:\/\/octoplant.com\/de\/wp-json\/wp\/v2\/users\/1"}],"replies":[{"embeddable":true,"href":"https:\/\/octoplant.com\/de\/wp-json\/wp\/v2\/comments?post=3252"}],"version-history":[{"count":9,"href":"https:\/\/octoplant.com\/de\/wp-json\/wp\/v2\/pages\/3252\/revisions"}],"predecessor-version":[{"id":3392,"href":"https:\/\/octoplant.com\/de\/wp-json\/wp\/v2\/pages\/3252\/revisions\/3392"}],"wp:attachment":[{"href":"https:\/\/octoplant.com\/de\/wp-json\/wp\/v2\/media?parent=3252"}],"curies":[{"name":"wp","href":"https:\/\/api.w.org\/{rel}","templated":true}]}}